{"id":3194,"date":"2017-09-25T07:35:42","date_gmt":"2017-09-25T07:35:42","guid":{"rendered":"https:\/\/magapor.com\/?page_id=3194"},"modified":"2026-03-16T16:30:33","modified_gmt":"2026-03-16T16:30:33","slug":"%e8%81%94%e7%b3%bb","status":"publish","type":"page","link":"https:\/\/magapor.com\/zh-hans\/%e8%81%94%e7%b3%bb\/","title":{"rendered":"\u8054\u7cfb"},"content":{"rendered":"<div class=\"fusion-fullwidth fullwidth-box fusion-builder-row-1 nonhundred-percent-fullwidth non-hundred-percent-height-scrolling\" style=\"--awb-border-radius-top-left:0px;--awb-border-radius-top-right:0px;--awb-border-radius-bottom-right:0px;--awb-border-radius-bottom-left:0px;--awb-padding-top:0px;--awb-padding-bottom:0px;--awb-margin-top:0px;--awb-margin-bottom:0px;--awb-flex-wrap:wrap;\" ><div class=\"fusion-builder-row fusion-row\"><div class=\"fusion-layout-column fusion_builder_column fusion-builder-column-0 fusion_builder_column_1_1 1_1 fusion-one-full fusion-column-first fusion-column-last\" style=\"--awb-padding-bottom:0px;--awb-bg-size:cover;--awb-margin-bottom:0px;\"><div class=\"fusion-column-wrapper fusion-flex-column-wrapper-legacy\"><div class=\"fusion-title title fusion-title-1 fusion-sep-none fusion-title-text fusion-title-size-one\"><h1 class=\"fusion-title-heading title-heading-left\" style=\"margin:0;\">\u8054\u7cfb<\/h1><\/div><div class=\"fusion-clearfix\"><\/div><\/div><\/div><\/div><\/div><div class=\"fusion-fullwidth fullwidth-box fusion-builder-row-2 nonhundred-percent-fullwidth non-hundred-percent-height-scrolling contacto\" style=\"--awb-border-radius-top-left:0px;--awb-border-radius-top-right:0px;--awb-border-radius-bottom-right:0px;--awb-border-radius-bottom-left:0px;--awb-padding-top:0px;--awb-padding-bottom:20px;--awb-flex-wrap:wrap;\" ><div class=\"fusion-builder-row fusion-row\"><div class=\"fusion-layout-column fusion_builder_column fusion-builder-column-1 fusion_builder_column_1_2 1_2 fusion-one-half fusion-column-first\" style=\"--awb-bg-size:cover;width:50%;width:calc(50% - ( ( 4% ) * 0.5 ) );margin-right: 4%;\"><div class=\"fusion-column-wrapper fusion-flex-column-wrapper-legacy\"><div class=\"fusion-text fusion-text-1\">\n<div class=\"wpcf7 no-js\" id=\"wpcf7-f6339-o1\" lang=\"es-ES\" dir=\"ltr\" data-wpcf7-id=\"6339\">\n<div class=\"screen-reader-response\"><p role=\"status\" aria-live=\"polite\" aria-atomic=\"true\"><\/p> <ul><\/ul><\/div>\n<form action=\"\/zh-hans\/wp-json\/wp\/v2\/pages\/3194#wpcf7-f6339-o1\" method=\"post\" class=\"wpcf7-form init\" aria-label=\"Formulario de contacto\" novalidate=\"novalidate\" data-status=\"init\">\n<fieldset class=\"hidden-fields-container\"><input type=\"hidden\" name=\"_wpcf7\" value=\"6339\" \/><input type=\"hidden\" name=\"_wpcf7_version\" value=\"6.1.5\" \/><input type=\"hidden\" name=\"_wpcf7_locale\" value=\"es_ES\" \/><input type=\"hidden\" name=\"_wpcf7_unit_tag\" value=\"wpcf7-f6339-o1\" \/><input type=\"hidden\" name=\"_wpcf7_container_post\" value=\"0\" \/><input type=\"hidden\" name=\"_wpcf7_posted_data_hash\" value=\"\" \/><input type=\"hidden\" name=\"_wpcf7_recaptcha_response\" value=\"\" \/>\n<\/fieldset>\n<p><label> \u540d\u548c\u59d3<br \/>\n<span class=\"wpcf7-form-control-wrap\" data-name=\"your-name\"><input size=\"40\" maxlength=\"400\" class=\"wpcf7-form-control wpcf7-text wpcf7-validates-as-required\" aria-required=\"true\" aria-invalid=\"false\" value=\"\" type=\"text\" name=\"your-name\" \/><\/span> <\/label>\n<\/p>\n<p><label> \u90ae\u7bb1<br \/>\n<span class=\"wpcf7-form-control-wrap\" data-name=\"your-email\"><input size=\"40\" maxlength=\"400\" class=\"wpcf7-form-control wpcf7-email wpcf7-validates-as-required wpcf7-text wpcf7-validates-as-email\" aria-required=\"true\" aria-invalid=\"false\" value=\"\" type=\"email\" name=\"your-email\" \/><\/span> <\/label>\n<\/p>\n<p><label> \u7535\u8bdd<br \/>\n<span class=\"wpcf7-form-control-wrap\" data-name=\"tel-636\"><input size=\"40\" maxlength=\"400\" class=\"wpcf7-form-control wpcf7-tel wpcf7-validates-as-required wpcf7-text wpcf7-validates-as-tel\" aria-required=\"true\" aria-invalid=\"false\" value=\"\" type=\"tel\" name=\"tel-636\" \/><\/span> <\/label>\n<\/p>\n<p><label> \u60a8\u7684\u54a8\u8be2<br \/>\n<span class=\"wpcf7-form-control-wrap\" data-name=\"your-message\"><textarea cols=\"40\" rows=\"10\" maxlength=\"2000\" class=\"wpcf7-form-control wpcf7-textarea\" aria-invalid=\"false\" name=\"your-message\"><\/textarea><\/span> <\/label>\n<\/p>\n<p><span class=\"wpcf7-form-control-wrap\" data-name=\"acceptance-43\"><span class=\"wpcf7-form-control wpcf7-acceptance\"><span class=\"wpcf7-list-item\"><input type=\"checkbox\" name=\"acceptance-43\" value=\"1\" aria-invalid=\"false\" \/><\/span><\/span><\/span><a href=\"https:\/\/magapor.com\/\/aviso-legal\/\" target=\"_blank\"> \u6211\u63a5\u53d7\u9690\u79c1\u653f\u7b56<\/a>\n<\/p>\n<p><input class=\"wpcf7-form-control wpcf7-submit has-spinner\" type=\"submit\" value=\"\u53d1\u9001\" \/>\n<\/p>\n<div class=\"terminos-legales\">\n\t<p>MAGAPOR\uff0cS.L.\u7b26\u5408\u6570\u636e\u4fdd\u62a4\u7684\u6b27\u76df\u6cd5\u89c42016\/679\u548c\u897f\u73ed\u7259\u4e2a\u4eba\u6570\u636e\u4fdd\u62a4\u7684\u73b0\u884c\u6cd5\u3002\u7279\u544a\u77e5\u60a8\uff0c\u60a8\u63a5\u53d7\u5373\u8868\u793a\u60a8\u660e\u786e\u540c\u610f\u5c06\u60a8\u7684\u6570\u636e\u5305\u542b\u5728MAGAPOR\uff0cSL\u7684\u6570\u636e\u767b\u8bb0\u518c\u4e2d\uff0c\u5176\u552f\u4e00\u76ee\u7684\u662f\u80fd\u591f\u4e3a\u60a8\u63d0\u4f9b\u60a8\u6307\u5b9a\u670d\u52a1\u6216\u6240\u8bf7\u6c42\u7684\u4fe1\u606f\uff0c\u5728\u4efb\u4f55\u65f6\u5019\u90fd\u4e0d\u4f1a\u5c06\u6240\u8ff0\u6570\u636e\u7528\u4e8e\u5176\u4ed6\u76ee\u7684\u3002\n\t<\/p>\n\t<p>\u6240\u6536\u96c6\u7684\u6570\u636e\u5c06\u6839\u636e\u673a\u5bc6\u6027\u548c\u6cd5\u5f8b\u89c4\u5b9a\u7684\u5b89\u5168\u63aa\u65bd\u8fdb\u884c\u5b58\u50a8\uff0c\u4e0d\u4f1a\u4e0eMAGAPOR\uff0cS.L.\u4ee5\u5916\u7684\u516c\u53f8\u6216\u5b9e\u4f53\u8f6c\u79fb\u6216\u5171\u4eab\u3002\u800c\u4e14\uff0c\u60a8\u53ef\u4ee5\u901a\u8fc7\u4ee5\u4e0b\u65b9\u5f0f\u884c\u4f7f\u8bbf\u95ee\uff0c\u7ea0\u6b63\uff0c\u5220\u9664\uff0c\u9650\u5236\uff0c\u53cd\u5bf9\u6743\u5229\uff1a\n\t<\/p>\n\t<p>\u2022 \u90ae\u7bb1: lopd@magapor.com<br \/>\n\u2022 \u4e0e\u4fe1\u606f\u8d1f\u8d23\u4eba\u4e66\u9762\u8054\u7cfb\uff1aMAGAPOR\uff0cS.L. Valdeferrin\u519c\u4e1a\u98df\u54c1\u79d1\u6280\u56ed-\u5965\u62c9\u5fb7\u4f0a\uff0c5 - 50.600- Ejea de los Caballeros\uff08\u8428\u62c9\u6208\u8428\uff09\n\t<\/p>\n<\/div><div class=\"fusion-alert alert custom alert-custom fusion-alert-center wpcf7-response-output awb-alert-native-link-color alert-dismissable awb-alert-close-boxed\" style=\"--awb-border-size:1px;--awb-border-top-left-radius:0px;--awb-border-top-right-radius:0px;--awb-border-bottom-left-radius:0px;--awb-border-bottom-right-radius:0px;\" role=\"alert\"><div class=\"fusion-alert-content-wrapper\"><span class=\"fusion-alert-content\"><\/span><\/div><button type=\"button\" class=\"close toggle-alert\" data-dismiss=\"alert\" aria-label=\"Close\">&times;<\/button><\/div>\n<\/form>\n<\/div>\n\n<div><\/div>\n<div><\/div>\n<\/div><div class=\"fusion-clearfix\"><\/div><\/div><\/div><div class=\"fusion-layout-column fusion_builder_column fusion-builder-column-2 fusion_builder_column_1_2 1_2 fusion-one-half fusion-column-last\" style=\"--awb-bg-size:cover;width:50%;width:calc(50% - ( ( 4% ) * 0.5 ) );\"><div class=\"fusion-column-wrapper fusion-flex-column-wrapper-legacy\"><div class=\"fusion-text fusion-text-2\"><p><strong>\u5730\u5740:<\/strong><br \/>\nParque Cient\u00edfico Tecnol\u00f3gico Agroalimentario Valdeferr\u00edn-AulaDei, Calle 5<br \/>\n50600 Ejea de los Caballeros (Zaragoza) Spain<\/p>\n<p><strong>\u7535\u8bdd:<\/strong> (+34) 976 662 914<\/p>\n<\/div><div class=\"fusion-sep-clear\"><\/div><div class=\"fusion-separator fusion-full-width-sep\" style=\"margin-left: auto;margin-right: auto;margin-bottom:10px;width:100%;\"><div class=\"fusion-separator-border sep-single sep-solid\" style=\"--awb-height:20px;--awb-amount:20px;--awb-sep-color:#ff6d29;border-color:#ff6d29;border-top-width:1px;\"><\/div><\/div><div class=\"fusion-sep-clear\"><\/div><div style=\"--awb-height:500px;\" class=\"awb-openstreet-map awb-openstreet-map-1\" data-map-style=\"carto-db\" data-map-type=\"marker\" data-zoom=\"14\" data-zoomsnap=\"0.5\" data-zoomcontrol=\"1\" data-scrollwheelzoom=\"1\" data-dragging=\"1\" data-touchzoom=\"1\" data-dbclickzoom=\"\" data-fitbounds=\"1\" data-shape-color=\"rgba(25,143,217,1)\" data-shape-weight=\"3\"><div class=\"awb-openstreet-map-marker awb-openstreet-map-marker-1\" data-latitude=\"42.1305582\" data-longitude=\"-1.1835412\" data-icon=\"fa-map-marker-alt fas\" data-action=\"none\"><div class=\"awb-openstreet-map-marker-icon-wrapper\" style=\"\"><i class=\"fa-map-marker-alt fas\"><\/i><\/div><div class=\"awb-openstreet-map-content-wrapper\"><h5 class=\"awb-openstreet-map-marker-title\">Magapor<\/h5><\/div><\/div><\/div><div class=\"fusion-clearfix\"><\/div><\/div><\/div><\/div><\/div>\n","protected":false},"excerpt":{"rendered":"","protected":false},"author":1,"featured_media":0,"parent":0,"menu_order":0,"comment_status":"closed","ping_status":"closed","template":"","meta":{"footnotes":""},"class_list":["post-3194","page","type-page","status-publish","hentry"],"_links":{"self":[{"href":"https:\/\/magapor.com\/zh-hans\/wp-json\/wp\/v2\/pages\/3194","targetHints":{"allow":["GET"]}}],"collection":[{"href":"https:\/\/magapor.com\/zh-hans\/wp-json\/wp\/v2\/pages"}],"about":[{"href":"https:\/\/magapor.com\/zh-hans\/wp-json\/wp\/v2\/types\/page"}],"author":[{"embeddable":true,"href":"https:\/\/magapor.com\/zh-hans\/wp-json\/wp\/v2\/users\/1"}],"replies":[{"embeddable":true,"href":"https:\/\/magapor.com\/zh-hans\/wp-json\/wp\/v2\/comments?post=3194"}],"version-history":[{"count":9,"href":"https:\/\/magapor.com\/zh-hans\/wp-json\/wp\/v2\/pages\/3194\/revisions"}],"predecessor-version":[{"id":19681,"href":"https:\/\/magapor.com\/zh-hans\/wp-json\/wp\/v2\/pages\/3194\/revisions\/19681"}],"wp:attachment":[{"href":"https:\/\/magapor.com\/zh-hans\/wp-json\/wp\/v2\/media?parent=3194"}],"curies":[{"name":"wp","href":"https:\/\/api.w.org\/{rel}","templated":true}]}}