{"id":2896,"date":"2017-09-20T15:07:33","date_gmt":"2017-09-20T15:07:33","guid":{"rendered":"https:\/\/magapor.com\/?page_id=2896"},"modified":"2020-09-18T09:34:26","modified_gmt":"2020-09-18T09:34:26","slug":"%e7%a4%be%e4%bc%9a%e8%b4%a3%e4%bb%bb","status":"publish","type":"page","link":"https:\/\/magapor.com\/zh-hans\/%e7%a4%be%e4%bc%9a%e8%b4%a3%e4%bb%bb\/","title":{"rendered":"\u793e\u4f1a\u8d23\u4efb"},"content":{"rendered":"<div class=\"fusion-fullwidth fullwidth-box fusion-builder-row-1 nonhundred-percent-fullwidth non-hundred-percent-height-scrolling\" style=\"--awb-border-radius-top-left:0px;--awb-border-radius-top-right:0px;--awb-border-radius-bottom-right:0px;--awb-border-radius-bottom-left:0px;--awb-padding-top:0px;--awb-padding-bottom:0px;--awb-margin-top:0px;--awb-margin-bottom:0px;--awb-flex-wrap:wrap;\" ><div class=\"fusion-builder-row fusion-row\"><div class=\"fusion-layout-column fusion_builder_column fusion-builder-column-0 fusion_builder_column_1_1 1_1 fusion-one-full fusion-column-first fusion-column-last\" style=\"--awb-bg-size:cover;\"><div class=\"fusion-column-wrapper fusion-flex-column-wrapper-legacy\"><div class=\"fusion-title title fusion-title-1 fusion-sep-none fusion-title-text fusion-title-size-one\"><h1 class=\"fusion-title-heading title-heading-left\" style=\"margin:0;\">\u793e\u4f1a\u8d23\u4efb<\/h1><\/div><div class=\"fusion-clearfix\"><\/div><\/div><\/div><\/div><\/div><div class=\"fusion-fullwidth fullwidth-box fusion-builder-row-2 nonhundred-percent-fullwidth non-hundred-percent-height-scrolling\" style=\"--awb-border-radius-top-left:0px;--awb-border-radius-top-right:0px;--awb-border-radius-bottom-right:0px;--awb-border-radius-bottom-left:0px;--awb-padding-top:0px;--awb-padding-bottom:40px;--awb-margin-top:0px;--awb-flex-wrap:wrap;\" ><div class=\"fusion-builder-row fusion-row\"><div class=\"fusion-layout-column fusion_builder_column fusion-builder-column-1 fusion_builder_column_4_5 4_5 fusion-four-fifth fusion-column-first\" style=\"--awb-bg-color:#fdfdfd;--awb-bg-color-hover:#fdfdfd;--awb-bg-size:cover;width:80%;width:calc(80% - ( ( 4% ) * 0.8 ) );margin-right: 4%;\"><div class=\"fusion-column-wrapper fusion-flex-column-wrapper-legacy\"><div class=\"fusion-text fusion-text-1\"><div class=\"testimonio-director-rsc\">\n<p><span style=\"color: #808080;\"><em>\u201c\u6211\u4eec\u7684\u4f01\u4e1a\u793e\u4f1a\u8d23\u4efb\u6218\u7565\u8ba1\u5212\uff08CSR\uff09\u3002 \u65e8\u5728\u4e8e\u901a\u8fc7\u5546\u4e1a\u8fd0\u4f5c\uff0c\u5b9e\u73b0\u7ecf\u6d4e\uff0c\u793e\u4f1a\u548c\u73af\u5883\u8d23\u4efb\u4e00\u4f53\u5316\uff0c\u4ece\u800c\u5728\u6bcf\u4e2a\u884c\u52a8\u4e2d\u4ea7\u751f\u4ef7\u503c\u3002 \u6211\u4eec\u76f8\u4fe1\uff0c\u672a\u6765\u7684\u4e16\u754c\u5fc5\u987b\u662f\u4e00\u4e2a\u4e0d\u540c\uff0c\u66f4\u7f8e\u597d\u7684\u4e16\u754c\u3002Magapor\u5c06\u53d1\u6325\u79ef\u6781\u7684\u4f5c\u7528\uff0c\u4e0d\u4ec5\u5728\u7ecf\u6d4e\u4e0a\uff0c\u800c\u4e14\u5728\u793e\u4f1a\u548c\u73af\u5883\u4e0a\u5b9e\u73b0\uff0c\u4ee5\u5b9e\u73b0\u53ef\u6301\u7eed\u7684\u672a\u6765\u3002\u201d<\/em><\/span><\/p>\n<p>&nbsp;<\/p>\n<p style=\"text-align: right; margin-bottom: 0;\"><span style=\"color: #747474;\"><strong>Jes\u00fas Mena<\/strong> &#8211; \u603b\u7ecf\u7406<\/span><\/p>\n<\/div>\n<\/div><div class=\"fusion-clearfix\"><\/div><\/div><\/div><div class=\"fusion-layout-column fusion_builder_column fusion-builder-column-2 fusion_builder_column_1_5 1_5 fusion-one-fifth fusion-column-last margen-inferior\" style=\"--awb-bg-size:cover;width:20%;width:calc(20% - ( ( 4% ) * 0.2 ) );\"><div class=\"fusion-column-wrapper fusion-flex-column-wrapper-legacy\"><div class=\"fusion-image-element fusion-image-align-center in-legacy-container\" style=\"text-align:center;--awb-caption-title-font-family:var(--h2_typography-font-family);--awb-caption-title-font-weight:var(--h2_typography-font-weight);--awb-caption-title-font-style:var(--h2_typography-font-style);--awb-caption-title-size:var(--h2_typography-font-size);--awb-caption-title-transform:var(--h2_typography-text-transform);--awb-caption-title-line-height:var(--h2_typography-line-height);--awb-caption-title-letter-spacing:var(--h2_typography-letter-spacing);\"><div class=\"imageframe-align-center\"><span class=\" fusion-imageframe imageframe-none imageframe-1 hover-type-none\"><img decoding=\"async\" width=\"200\" height=\"200\" title=\"Responsabilidad Social Corporativa\" src=\"https:\/\/magapor.com\/wp-content\/uploads\/2016\/11\/rsc.png\" alt class=\"img-responsive wp-image-15619\" srcset=\"https:\/\/magapor.com\/wp-content\/uploads\/2016\/11\/rsc-66x66.png 66w, https:\/\/magapor.com\/wp-content\/uploads\/2016\/11\/rsc-150x150.png 150w, https:\/\/magapor.com\/wp-content\/uploads\/2016\/11\/rsc.png 200w\" sizes=\"(max-width: 200px) 100vw, 200px\" \/><\/span><\/div><\/div><div class=\"fusion-clearfix\"><\/div><\/div><\/div><\/div><\/div><div class=\"fusion-fullwidth fullwidth-box fusion-builder-row-3 nonhundred-percent-fullwidth non-hundred-percent-height-scrolling toogle-gris\" style=\"--awb-border-radius-top-left:0px;--awb-border-radius-top-right:0px;--awb-border-radius-bottom-right:0px;--awb-border-radius-bottom-left:0px;--awb-margin-top:40px;--awb-flex-wrap:wrap;\" id=\"no-mostrar\" ><div class=\"fusion-builder-row fusion-row\"><div class=\"fusion-layout-column fusion_builder_column fusion-builder-column-3 fusion_builder_column_1_2 1_2 fusion-one-half fusion-column-first\" style=\"--awb-bg-size:cover;width:50%;width:calc(50% - ( ( 4% ) * 0.5 ) );margin-right: 4%;\"><div class=\"fusion-column-wrapper fusion-flex-column-wrapper-legacy\"><div class=\"accordian fusion-accordian\" style=\"--awb-border-size:1px;--awb-icon-size:16px;--awb-content-font-size:var(--awb-typography4-font-size);--awb-icon-alignment:left;--awb-hover-color:#f9f9fb;--awb-border-color:#e2e2e2;--awb-background-color:#ffffff;--awb-divider-color:var(--awb-color3);--awb-divider-hover-color:var(--awb-color3);--awb-icon-color:#ffffff;--awb-title-color:var(--awb-color8);--awb-content-color:var(--awb-color8);--awb-icon-box-color:#cacaca;--awb-toggle-hover-accent-color:#ff6d29;--awb-title-font-family:var(--awb-typography1-font-family);--awb-title-font-weight:var(--awb-typography1-font-weight);--awb-title-font-style:var(--awb-typography1-font-style);--awb-title-font-size:16px;--awb-title-line-height:1.5;--awb-content-font-family:var(--awb-typography4-font-family);--awb-content-font-weight:var(--awb-typography4-font-weight);--awb-content-font-style:var(--awb-typography4-font-style);\"><div class=\"panel-group fusion-toggle-icon-boxed\" id=\"accordion-2896-1\"><div class=\"fusion-panel panel-default panel-8be1af947fbb0e3b7 fusion-toggle-has-divider\"><div class=\"panel-heading\"><h4 class=\"panel-title toggle\" id=\"toggle_8be1af947fbb0e3b7\"><a aria-expanded=\"false\" aria-controls=\"8be1af947fbb0e3b7\" role=\"button\" data-toggle=\"collapse\" data-parent=\"#accordion-2896-1\" data-target=\"#8be1af947fbb0e3b7\" href=\"#8be1af947fbb0e3b7\"><span class=\"fusion-toggle-icon-wrapper\" aria-hidden=\"true\"><i class=\"fa-fusion-box active-icon awb-icon-minus\" aria-hidden=\"true\"><\/i><i class=\"fa-fusion-box inactive-icon awb-icon-plus\" aria-hidden=\"true\"><\/i><\/span><span class=\"fusion-toggle-heading\">VISI\u00d3N DE LA RSC<\/span><\/a><\/h4><\/div><div id=\"8be1af947fbb0e3b7\" class=\"panel-collapse collapse \" aria-labelledby=\"toggle_8be1af947fbb0e3b7\"><div class=\"panel-body toggle-content fusion-clearfix\">La estrategia corporativa de RSC de Magapor es el nexo de uni\u00f3n entre Magapor y su entorno, tanto interno como externo, donde convergen las estrategias econ\u00f3mica, social y medioambiental.<\/p>\n<p>Nuestra filosof\u00eda orientada a proporcionar soluciones reales, nos permite centrarnos en las cuestiones mas relevantes para el desarrollo de todos los elementos.<\/p>\n<p>Consideramos que la empresa es un importante peso en la transformaci\u00f3n de nuestra sociedad, por eso, porque todo poder conlleva una responsabilidad, la nuestra es hacer la responsabilidad social sostenible.<\/div><\/div><\/div><\/div><\/div><div class=\"fusion-clearfix\"><\/div><\/div><\/div><div class=\"fusion-layout-column fusion_builder_column fusion-builder-column-4 fusion_builder_column_1_2 1_2 fusion-one-half fusion-column-last\" style=\"--awb-bg-size:cover;width:50%;width:calc(50% - ( ( 4% ) * 0.5 ) );\"><div class=\"fusion-column-wrapper fusion-flex-column-wrapper-legacy\"><div class=\"accordian fusion-accordian\" style=\"--awb-border-size:1px;--awb-icon-size:16px;--awb-content-font-size:var(--awb-typography4-font-size);--awb-icon-alignment:left;--awb-hover-color:#f9f9fb;--awb-border-color:#e2e2e2;--awb-background-color:#ffffff;--awb-divider-color:var(--awb-color3);--awb-divider-hover-color:var(--awb-color3);--awb-icon-color:#ffffff;--awb-title-color:var(--awb-color8);--awb-content-color:var(--awb-color8);--awb-icon-box-color:#cacaca;--awb-toggle-hover-accent-color:#ff6d29;--awb-title-font-family:var(--awb-typography1-font-family);--awb-title-font-weight:var(--awb-typography1-font-weight);--awb-title-font-style:var(--awb-typography1-font-style);--awb-title-font-size:16px;--awb-title-line-height:1.5;--awb-content-font-family:var(--awb-typography4-font-family);--awb-content-font-weight:var(--awb-typography4-font-weight);--awb-content-font-style:var(--awb-typography4-font-style);\"><div class=\"panel-group fusion-toggle-icon-boxed\" id=\"accordion-2896-2\"><div class=\"fusion-panel panel-default panel-d3b54c593710a0e99 fusion-toggle-has-divider\"><div class=\"panel-heading\"><h4 class=\"panel-title toggle\" id=\"toggle_d3b54c593710a0e99\"><a aria-expanded=\"false\" aria-controls=\"d3b54c593710a0e99\" role=\"button\" data-toggle=\"collapse\" data-parent=\"#accordion-2896-2\" data-target=\"#d3b54c593710a0e99\" href=\"#d3b54c593710a0e99\"><span class=\"fusion-toggle-icon-wrapper\" aria-hidden=\"true\"><i class=\"fa-fusion-box active-icon awb-icon-minus\" aria-hidden=\"true\"><\/i><i class=\"fa-fusion-box inactive-icon awb-icon-plus\" aria-hidden=\"true\"><\/i><\/span><span class=\"fusion-toggle-heading\"> CASH FLOW SOCIAL<\/span><\/a><\/h4><\/div><div id=\"d3b54c593710a0e99\" class=\"panel-collapse collapse \" aria-labelledby=\"toggle_d3b54c593710a0e99\"><div class=\"panel-body toggle-content fusion-clearfix\"><div class=\"fusion-builder-row fusion-builder-row-inner fusion-row\"><div class=\"fusion-layout-column fusion_builder_column_inner fusion-builder-nested-column-0 fusion_builder_column_inner_2_3 2_3 fusion-two-third fusion-column-first\" style=\"--awb-bg-size:cover;width:66.666666666667%;width:calc(66.666666666667% - ( ( 4% ) * 0.66666666666667 ) );margin-right: 4%;\"><div class=\"fusion-column-wrapper fusion-flex-column-wrapper-legacy\"><div class=\"fusion-text fusion-text-2\"><p style=\"text-align: left;\">El Cash Flow social es la redistribuci\u00f3n econ\u00f3mica de las rentas que genera Magapor y que enfoca a sus grupos de inter\u00e9s. Para Magapor es un objetivo prioritario generar un impulso econ\u00f3mico relevante en su entorno.<\/p>\n<p style=\"text-align: left; margin-bottom: 0px;\">El 45% de nuestro Cash Flow del 2015 ha estado dirigido al pago de cr\u00e9ditos lo que nos avala como una entidad de confianza y solvente. El 30% dirigido a sueldos muestra nuestro compromiso con un sueldo de calidad.<\/p>\n<\/div><div class=\"fusion-clearfix\"><\/div><\/div><\/div><div class=\"fusion-layout-column fusion_builder_column_inner fusion-builder-nested-column-1 fusion_builder_column_inner_1_3 1_3 fusion-one-third fusion-column-last\" style=\"--awb-bg-size:cover;width:33.333333333333%;width:calc(33.333333333333% - ( ( 4% ) * 0.33333333333333 ) );\"><div class=\"fusion-column-wrapper fusion-flex-column-wrapper-legacy\"><div class=\"fusion-image-element in-legacy-container\" style=\"--awb-caption-title-font-family:var(--h2_typography-font-family);--awb-caption-title-font-weight:var(--h2_typography-font-weight);--awb-caption-title-font-style:var(--h2_typography-font-style);--awb-caption-title-size:var(--h2_typography-font-size);--awb-caption-title-transform:var(--h2_typography-text-transform);--awb-caption-title-line-height:var(--h2_typography-line-height);--awb-caption-title-letter-spacing:var(--h2_typography-letter-spacing);\"><span class=\" fusion-imageframe imageframe-none imageframe-2 hover-type-none\"><a href=\"https:\/\/magapor.com\/\/wp-content\/uploads\/2016\/11\/estadisticas_grande.jpg\" class=\"fusion-lightbox\" data-rel=\"iLightbox[fda073e96fb3c7ec49a]\" title=\"CASH FLOW SOCIAL\"><img decoding=\"async\" width=\"358\" height=\"500\" src=\"https:\/\/magapor.com\/wp-content\/uploads\/2016\/11\/estadisticas_grande.jpg\" alt class=\"img-responsive wp-image-15327\" srcset=\"https:\/\/magapor.com\/wp-content\/uploads\/2016\/11\/estadisticas_grande-200x279.jpg 200w, https:\/\/magapor.com\/wp-content\/uploads\/2016\/11\/estadisticas_grande.jpg 358w\" sizes=\"(max-width: 800px) 100vw, 358px\" \/><\/a><\/span><\/div><div class=\"fusion-clearfix\"><\/div><\/div><\/div><\/div><\/div><\/div><\/div><\/div><\/div><div class=\"fusion-clearfix\"><\/div><\/div><\/div><\/div><\/div><div class=\"fusion-fullwidth fullwidth-box fusion-builder-row-4 fusion-parallax-none nonhundred-percent-fullwidth non-hundred-percent-height-scrolling\" style=\"--awb-border-radius-top-left:0px;--awb-border-radius-top-right:0px;--awb-border-radius-bottom-right:0px;--awb-border-radius-bottom-left:0px;--awb-padding-top:60px;--awb-padding-bottom:60px;--awb-background-image:url(&quot;https:\/\/magapor.com\/\/wp-content\/uploads\/2016\/11\/bg-rsc-1.jpg&quot;);--awb-background-size:cover;--awb-flex-wrap:wrap;\" ><div class=\"fusion-builder-row fusion-row\"><div class=\"fusion-layout-column fusion_builder_column fusion-builder-column-5 fusion_builder_column_1_2 1_2 fusion-one-half fusion-column-first\" style=\"--awb-bg-size:cover;width:50%;width:calc(50% - ( ( 4% ) * 0.5 ) );margin-right: 4%;\"><div class=\"fusion-column-wrapper fusion-flex-column-wrapper-legacy\"><div class=\"fusion-text fusion-text-3\"><div class=\"titulo\"><span style=\"color: #ffffff;\">\u73af\u4fdd\u627f\u8bfa<\/span><\/div>\n<p><span style=\"color: #ffffff;\">\u6211\u4eec\u4e0d\u65ad\u52aa\u529b\uff0c\u4ee5\u65f6\u95f4\u53ef\u6301\u7eed\u7684\u672a\u6765<\/span><\/p>\n<\/div><div class=\"fusion-image-element in-legacy-container\" style=\"--awb-caption-title-font-family:var(--h2_typography-font-family);--awb-caption-title-font-weight:var(--h2_typography-font-weight);--awb-caption-title-font-style:var(--h2_typography-font-style);--awb-caption-title-size:var(--h2_typography-font-size);--awb-caption-title-transform:var(--h2_typography-text-transform);--awb-caption-title-line-height:var(--h2_typography-line-height);--awb-caption-title-letter-spacing:var(--h2_typography-letter-spacing);\"><span class=\" fusion-imageframe imageframe-none imageframe-3 hover-type-none\"><img decoding=\"async\" width=\"461\" height=\"91\" title=\"Logos Medioambiente\" src=\"https:\/\/magapor.com\/wp-content\/uploads\/2016\/11\/logos-medioambiente.png\" alt class=\"img-responsive wp-image-15336\" srcset=\"https:\/\/magapor.com\/wp-content\/uploads\/2016\/11\/logos-medioambiente-200x39.png 200w, https:\/\/magapor.com\/wp-content\/uploads\/2016\/11\/logos-medioambiente-400x79.png 400w, https:\/\/magapor.com\/wp-content\/uploads\/2016\/11\/logos-medioambiente.png 461w\" sizes=\"(max-width: 800px) 100vw, 461px\" \/><\/span><\/div><div class=\"fusion-clearfix\"><\/div><\/div><\/div><div class=\"fusion-layout-column fusion_builder_column fusion-builder-column-6 fusion_builder_column_1_2 1_2 fusion-one-half fusion-column-last huella-carbono\" style=\"--awb-bg-size:cover;width:50%;width:calc(50% - ( ( 4% ) * 0.5 ) );\"><div class=\"fusion-column-wrapper fusion-flex-column-wrapper-legacy\"><div class=\"fusion-text fusion-text-4\"><div class=\"titulo\" style=\"text-align: left;\"><span style=\"color: #ffffff;\">\u78b3\u6d88\u8017<\/span><\/div>\n<div style=\"float: left; width: 75%;\"><span style=\"color: #ffffff;\">\u6211\u4eec\u4fdd\u62a4\u73af\u5883\uff0c\u81ea\u613f\u53c2\u52a0\u78b3\u6392\u653e\u8ba1\u5212\uff0c2015\u5e74\u9996\u6b21\u83b7\u5f97 1+2 \u5370\u7ae0<\/span><\/div>\n<div style=\"float: left;\"><img decoding=\"async\" class=\"size-full wp-image-573 alignright\" src=\"https:\/\/magapor.com\/\/wp-content\/uploads\/2016\/11\/logo-carbono.png\" alt=\"\" width=\"81\" height=\"91\" \/><\/div>\n<\/div><div class=\"fusion-clearfix\"><\/div><\/div><\/div><\/div><\/div><div class=\"fusion-fullwidth fullwidth-box fusion-builder-row-5 nonhundred-percent-fullwidth non-hundred-percent-height-scrolling\" style=\"--awb-border-radius-top-left:0px;--awb-border-radius-top-right:0px;--awb-border-radius-bottom-right:0px;--awb-border-radius-bottom-left:0px;--awb-padding-top:20px;--awb-padding-bottom:0px;--awb-margin-top:30px;--awb-margin-bottom:0px;--awb-flex-wrap:wrap;\" ><div class=\"fusion-builder-row fusion-row\"><div class=\"fusion-layout-column fusion_builder_column fusion-builder-column-7 fusion_builder_column_1_1 1_1 fusion-one-full fusion-column-first fusion-column-last\" style=\"--awb-padding-top:10px;--awb-padding-bottom:0px;--awb-bg-size:cover;--awb-margin-bottom:0px;\"><div class=\"fusion-column-wrapper fusion-flex-column-wrapper-legacy\"><div class=\"fusion-title title fusion-title-2 fusion-sep-none fusion-title-center fusion-title-text fusion-title-size-two\"><h2 class=\"fusion-title-heading title-heading-center\" style=\"margin:0;\">\u5458\u5de5<\/h2><\/div><div class=\"fusion-text fusion-text-5\"><div class=\"subtitulo\" style=\"text-align: center;\">\n<p>MAGAPOR\u7684\u72ec\u7279\u4e4b\u5904\u5728\u4e8e\u6211\u4eec\u56e2\u961f\u7ed9\u5ba2\u6237\u63d0\u4f9b\u7684\u4ef7\u503c<\/p>\n<\/div>\n<\/div><div class=\"fusion-text fusion-text-6\"><p><span id=\"no-mostrar\">Se dispone de un equipo de trabajo profesional, especializado y muy motivado que es clave en el logro de los objetivos de la compa\u00f1\u00eda.<\/span><\/p>\n<p><span id=\"no-mostrar\">Una grupo de personas que Magapor pone al servicio de todos y que est\u00e1 tambi\u00e9n fuertemente involucrado en la promoci\u00f3n y realizaci\u00f3n de acciones de Responsabilidad Social.<\/span><\/p>\n<\/div><div class=\"fusion-clearfix\"><\/div><\/div><\/div><div class=\"fusion-layout-column fusion_builder_column fusion-builder-column-8 fusion_builder_column_1_5 1_5 fusion-one-fifth fusion-column-first\" style=\"--awb-padding-bottom:0px;--awb-bg-size:cover;--awb-margin-bottom:0px;width:20%;width:calc(20% - ( ( 4% + 4% ) * 0.2 ) );margin-right: 4%;\"><div class=\"fusion-column-wrapper fusion-flex-column-wrapper-legacy\"><div class=\"fusion-clearfix\"><\/div><\/div><\/div><div class=\"fusion-layout-column fusion_builder_column fusion-builder-column-9 fusion_builder_column_3_5 3_5 fusion-three-fifth\" style=\"--awb-padding-bottom:0px;--awb-bg-size:cover;--awb-margin-bottom:0px;width:60%;width:calc(60% - ( ( 4% + 4% ) * 0.6 ) );margin-right: 4%;\"><div class=\"fusion-column-wrapper fusion-flex-column-wrapper-legacy\"><div class=\"fusion-image-element fusion-image-align-center in-legacy-container\" style=\"text-align:center;--awb-caption-title-font-family:var(--h2_typography-font-family);--awb-caption-title-font-weight:var(--h2_typography-font-weight);--awb-caption-title-font-style:var(--h2_typography-font-style);--awb-caption-title-size:var(--h2_typography-font-size);--awb-caption-title-transform:var(--h2_typography-text-transform);--awb-caption-title-line-height:var(--h2_typography-line-height);--awb-caption-title-letter-spacing:var(--h2_typography-letter-spacing);\"><div class=\"imageframe-align-center\"><span class=\" fusion-imageframe imageframe-none imageframe-4 hover-type-none\"><img decoding=\"async\" width=\"1200\" height=\"739\" title=\"Equipo Magapor\" src=\"https:\/\/magapor.com\/wp-content\/uploads\/2016\/11\/equipo_bn.jpg\" alt class=\"img-responsive wp-image-15503\" srcset=\"https:\/\/magapor.com\/wp-content\/uploads\/2016\/11\/equipo_bn-200x123.jpg 200w, https:\/\/magapor.com\/wp-content\/uploads\/2016\/11\/equipo_bn-400x246.jpg 400w, https:\/\/magapor.com\/wp-content\/uploads\/2016\/11\/equipo_bn-600x370.jpg 600w, https:\/\/magapor.com\/wp-content\/uploads\/2016\/11\/equipo_bn-800x493.jpg 800w, https:\/\/magapor.com\/wp-content\/uploads\/2016\/11\/equipo_bn.jpg 1200w\" sizes=\"(max-width: 800px) 100vw, 800px\" \/><\/span><\/div><\/div><div class=\"fusion-clearfix\"><\/div><\/div><\/div><div class=\"fusion-layout-column fusion_builder_column fusion-builder-column-10 fusion_builder_column_1_5 1_5 fusion-one-fifth fusion-column-last\" style=\"--awb-padding-bottom:0px;--awb-bg-size:cover;--awb-margin-bottom:0px;width:20%;width:calc(20% - ( ( 4% + 4% ) * 0.2 ) );\"><div class=\"fusion-column-wrapper fusion-flex-column-wrapper-legacy\"><div class=\"fusion-clearfix\"><\/div><\/div><\/div><\/div><\/div><div class=\"fusion-fullwidth fullwidth-box fusion-builder-row-6 nonhundred-percent-fullwidth non-hundred-percent-height-scrolling\" style=\"--awb-border-radius-top-left:0px;--awb-border-radius-top-right:0px;--awb-border-radius-bottom-right:0px;--awb-border-radius-bottom-left:0px;--awb-padding-top:60px;--awb-padding-bottom:30px;--awb-margin-bottom:0px;--awb-background-color:#f6f6f6;--awb-flex-wrap:wrap;\" ><div class=\"fusion-builder-row fusion-row\"><div class=\"fusion-layout-column fusion_builder_column fusion-builder-column-11 fusion_builder_column_1_1 1_1 fusion-one-full fusion-column-first fusion-column-last\" style=\"--awb-padding-bottom:0px;--awb-bg-size:cover;--awb-margin-bottom:0px;\"><div class=\"fusion-column-wrapper fusion-flex-column-wrapper-legacy\"><div class=\"fusion-title title fusion-title-3 fusion-sep-none fusion-title-text fusion-title-size-two\"><h2 class=\"fusion-title-heading title-heading-left\" style=\"margin:0;\">\u9075\u5b88\u6cd5\u89c4<\/h2><\/div><div class=\"fusion-clearfix\"><\/div><\/div><\/div><div class=\"fusion-layout-column fusion_builder_column fusion-builder-column-12 fusion_builder_column_1_2 1_2 fusion-one-half fusion-column-first\" style=\"--awb-padding-top:0px;--awb-padding-bottom:0px;--awb-bg-size:cover;--awb-margin-bottom:0px;width:50%;width:calc(50% - ( ( 4% ) * 0.5 ) );margin-right: 4%;\"><div class=\"fusion-column-wrapper fusion-flex-column-wrapper-legacy\"><div class=\"fusion-text fusion-text-7\"><div class=\"subtitulo\">\n<p>\u8bda\u5b9e\u5b88\u4fe1\uff1a\u6211\u4eec\u516c\u53f8\u83b7\u5f97\u73b0\u6709\u6210\u5c31\u548c\u672a\u6765\u53d1\u5c55\u7684\u91cd\u8981\u539f\u5219\u3002<\/p>\n<\/div>\n<\/div><div class=\"fusion-text fusion-text-8\"><p>\u6211\u4eec\u662f\u4e00\u4e2a\u8bda\u5b9e\u5b88\u4fe1\uff0c\u53ef\u9760\uff0c\u4ee5\u6280\u672f\u521b\u65b0\u4e3a\u57fa\u7840\uff0c\u8d28\u91cf\u4e3a\u6839\u672c\u672c\uff0c\u5ba2\u6237\u4e3a\u5bfc\u5411\u7684\u516c\u53f8\u3002 \u6211\u4eec\u4e25\u683c\u6267\u884c\u548c\u9075\u5b88\u4f01\u4e1a\u653f\u7b56\u548c\u56fd\u5bb6\u7684\u6cd5\u5f8b\u89c4\u5b9a\u3002 Magapor\u4ee5\u6b64\u4e3a\u57fa\u7840\uff08\u9075\u7eaa\u5b88\u6cd5\uff09\uff0c\u5e76\u7740\u91cd\u4e8e\u9075\u5b88\u6211\u4eec\u8bbe\u5b9a\u7684\u4e00\u4e9b\u5217\u51c6\u5219<\/p>\n<\/div><div class=\"fusion-clearfix\"><\/div><\/div><\/div><div class=\"fusion-layout-column fusion_builder_column fusion-builder-column-13 fusion_builder_column_1_2 1_2 fusion-one-half fusion-column-last\" style=\"--awb-padding-bottom:0px;--awb-bg-size:cover;width:50%;width:calc(50% - ( ( 4% ) * 0.5 ) );\"><div class=\"fusion-column-wrapper fusion-flex-column-wrapper-legacy\"><div class=\"fusion-text fusion-text-9\"><p>MAGAPOR\u7684\u8d23\u4efb\uff1a<\/p>\n<\/div><ul style=\"--awb-size:10px;--awb-line-height:17px;--awb-icon-width:17px;--awb-icon-height:17px;--awb-icon-margin:7px;--awb-content-margin:24px;--awb-circlecolor:#ff6d29;--awb-circle-yes-font-size:8.8px;\" class=\"fusion-checklist fusion-checklist-1 fusion-checklist-default type-icons compania-valores\"><li class=\"fusion-li-item\" style=\"\"><span class=\"icon-wrapper circle-yes\"><i class=\"fusion-li-icon fa fa-check\" aria-hidden=\"true\"><\/i><\/span><div class=\"fusion-li-item-content\">\u9075\u5b88\u5f53\u5730\u6cd5\u5f8b\u6cd5\u89c4<\/div><\/li><li class=\"fusion-li-item\" style=\"\"><span class=\"icon-wrapper circle-yes\"><i class=\"fusion-li-icon fa fa-check\" aria-hidden=\"true\"><\/i><\/span><div class=\"fusion-li-item-content\">\u5f53\u78b0\u5230\u672a\u77e5\u6cd5\u4ee4\u6cd5\u89c4\u6216\u8005\u5546\u4e1a\u60ef\u4f8b\u65f6\uff0c\u8bf7\u6c42\u6307\u5bfc\u548c\u534f\u52a9<\/div><\/li><li class=\"fusion-li-item\" style=\"\"><span class=\"icon-wrapper circle-yes\"><i class=\"fusion-li-icon fa fa-check\" aria-hidden=\"true\"><\/i><\/span><div class=\"fusion-li-item-content\">\u8c34\u8d23\u6240\u6709\u8fdd\u53cd\u89c4\u8303\u7684\u884c\u4e3a\u3002<\/div><\/li><\/ul><div class=\"fusion-text fusion-text-10\"><p>\u6b63\u786e\u5904\u7406\u8fdd\u89c4\u60c5\u51b5\u662f\u6211\u4eec\u9075\u5b88\u6cd5\u89c4\u7684\u5173\u952e\u8981\u7d20\u3002 \u5bf9\u6536\u5230\u7684\u6240\u6709\u6295\u8bc9\u90fd\u4ee5\u5ba2\u89c2\uff0c\u516c\u6b63\u7684\u6001\u5ea6\u5904\u7406\uff0c\u91c7\u53d6\u5fc5\u8981\u63aa\u65bd\u7ea0\u6b63\u548c\/\u6216\u5904\u7f5a\u3002<\/p>\n<\/div><div class=\"fusion-clearfix\"><\/div><\/div><\/div><\/div><\/div>\n","protected":false},"excerpt":{"rendered":"","protected":false},"author":1,"featured_media":0,"parent":0,"menu_order":0,"comment_status":"closed","ping_status":"closed","template":"100-width.php","meta":{"footnotes":""},"class_list":["post-2896","page","type-page","status-publish","hentry"],"_links":{"self":[{"href":"https:\/\/magapor.com\/zh-hans\/wp-json\/wp\/v2\/pages\/2896","targetHints":{"allow":["GET"]}}],"collection":[{"href":"https:\/\/magapor.com\/zh-hans\/wp-json\/wp\/v2\/pages"}],"about":[{"href":"https:\/\/magapor.com\/zh-hans\/wp-json\/wp\/v2\/types\/page"}],"author":[{"embeddable":true,"href":"https:\/\/magapor.com\/zh-hans\/wp-json\/wp\/v2\/users\/1"}],"replies":[{"embeddable":true,"href":"https:\/\/magapor.com\/zh-hans\/wp-json\/wp\/v2\/comments?post=2896"}],"version-history":[{"count":7,"href":"https:\/\/magapor.com\/zh-hans\/wp-json\/wp\/v2\/pages\/2896\/revisions"}],"predecessor-version":[{"id":6301,"href":"https:\/\/magapor.com\/zh-hans\/wp-json\/wp\/v2\/pages\/2896\/revisions\/6301"}],"wp:attachment":[{"href":"https:\/\/magapor.com\/zh-hans\/wp-json\/wp\/v2\/media?parent=2896"}],"curies":[{"name":"wp","href":"https:\/\/api.w.org\/{rel}","templated":true}]}}