{"id":19564,"date":"2026-03-12T11:03:07","date_gmt":"2026-03-12T11:03:07","guid":{"rendered":"https:\/\/magapor.com\/?page_id=19564"},"modified":"2026-03-12T11:03:07","modified_gmt":"2026-03-12T11:03:07","slug":"politica-de-privacidade","status":"publish","type":"page","link":"https:\/\/magapor.com\/pt-br\/politica-de-privacidade\/","title":{"rendered":"Pol\u00edtica de privacidade"},"content":{"rendered":"<div class=\"fusion-fullwidth fullwidth-box fusion-builder-row-1 fusion-flex-container has-pattern-background has-mask-background nonhundred-percent-fullwidth non-hundred-percent-height-scrolling\" style=\"--awb-border-radius-top-left:0px;--awb-border-radius-top-right:0px;--awb-border-radius-bottom-right:0px;--awb-border-radius-bottom-left:0px;--awb-flex-wrap:wrap;\" ><div class=\"fusion-builder-row fusion-row fusion-flex-align-items-flex-start fusion-flex-content-wrap\" style=\"max-width:1144px;margin-left: calc(-4% \/ 2 );margin-right: calc(-4% \/ 2 );\"><div class=\"fusion-layout-column fusion_builder_column fusion-builder-column-0 fusion_builder_column_1_1 1_1 fusion-flex-column\" style=\"--awb-bg-size:cover;--awb-width-large:100%;--awb-margin-top-large:0px;--awb-spacing-right-large:1.92%;--awb-margin-bottom-large:20px;--awb-spacing-left-large:1.92%;--awb-width-medium:100%;--awb-order-medium:0;--awb-spacing-right-medium:1.92%;--awb-spacing-left-medium:1.92%;--awb-width-small:100%;--awb-order-small:0;--awb-spacing-right-small:1.92%;--awb-spacing-left-small:1.92%;\"><div class=\"fusion-column-wrapper fusion-column-has-shadow fusion-flex-justify-content-flex-start fusion-content-layout-column\"><div class=\"fusion-text fusion-text-1\"><h1>POL\u00cdTICA DE PRIVACIDADE MAGAPOR, S.L.<\/h1>\n<p>Na MAGAPOR, S.L., revisamos nossa Pol\u00edtica de Privacidade para adapt\u00e1-la \u00e0s exig\u00eancias do novo Regulamento Europeu de Prote\u00e7\u00e3o de Dados, aplic\u00e1vel desde 25 de maio de 2018. Nosso grupo deseja comunicar essas mudan\u00e7as com uma linguagem clara e simples para que voc\u00ea as compreenda e saiba quem somos e o que fazemos com seus dados pessoais.<\/p>\n<p><strong>1. RESPONS\u00c1VEL PELO TRATAMENTO: Quem \u00e9 o respons\u00e1vel pelos seus dados?<\/strong><\/p>\n<p>O respons\u00e1vel pelo tratamento dos seus dados \u00e9 a <strong>MAGAPOR, S.L.<\/strong><\/p>\n<p>Referimo-nos a n\u00f3s pr\u00f3prios como <strong>MAGAPOR, S.L.<\/strong> e somos respons\u00e1veis pelos dados que os diferentes grupos de interessados nos cedem para tratamento. Pode entrar em contato conosco atrav\u00e9s dos seguintes meios:<\/p>\n<ul>\n<li><strong>Endere\u00e7o postal:<\/strong> parque Cient\u00edfico Tecnol\u00f3gico Agroalimentrario \u201c Valdeferrin\u201d, Calle 5, 50.600. Ejea de los Caballeros.<\/li>\n<li><strong>Telefone de contato:<\/strong> 976 662914<\/li>\n<li><strong>Email de contacto<\/strong>:<a href=\"mailto:lopd@magapor.com\">lopd@magapor.com<\/a><\/li>\n<\/ul>\n<p><strong>2. FINALIDADE DO TRATAMENTO: Para que utilizamos os seus dados?<\/strong><\/p>\n<p>Na MAGAPOR, S.L., tratamos os dados dos nossos interessados para diversos fins. Dependendo se voc\u00ea \u00e9 cliente, funcion\u00e1rio, candidato, fornecedor ou simplesmente entrou em contato conosco, tratamos seus dados de uma forma ou de outra:<\/p>\n<p>Se voc\u00ea \u00e9 <strong>cliente<\/strong>, utilizamos seus dados para os seguintes fins:<\/p>\n<ul>\n<li>Prestar-lhe o nosso servi\u00e7o integral que consiste no projeto, desenvolvimento, fabrica\u00e7\u00e3o e distribui\u00e7\u00e3o de tecnologia para insemina\u00e7\u00e3o artificial em su\u00ednos.<\/li>\n<li>Manter contato.<\/li>\n<li>Informar voc\u00ea sobre nossos servi\u00e7os.<\/li>\n<\/ul>\n<p>Se voc\u00ea nos enviou seu curr\u00edculo, consideramos voc\u00ea um candidato e tratamos seus dados com as seguintes finalidades:<\/p>\n<ul>\n<li>Gerenciar sua candidatura, procurando encontrar um lugar em nossa empresa onde voc\u00ea possa se encaixar.<\/li>\n<\/ul>\n<p>Se voc\u00ea \u00e9 um profissional independente que nos presta um servi\u00e7o, n\u00f3s o consideramos um fornecedor e tratamos seus dados com as seguintes finalidades:<\/p>\n<ul>\n<li>Gerenciar nossa rela\u00e7\u00e3o comercial, facilitando, na medida do poss\u00edvel, a presta\u00e7\u00e3o do servi\u00e7o contratado.<\/li>\n<\/ul>\n<p>Se voc\u00ea simplesmente entrou em contato conosco solicitando algum tipo de informa\u00e7\u00e3o, continuamos a consider\u00e1-lo um de nossos interessados e tratamos seus dados com as seguintes finalidades:<\/p>\n<ul>\n<li>Manter contato e enviar as informa\u00e7\u00f5es que voc\u00ea solicitou.<\/li>\n<\/ul>\n<p>Al\u00e9m disso, na MAGAPOR, S.L. gostamos de fazer as coisas bem feitas e, por isso, utilizamos os seus dados para cumprir com qualquer <strong>exig\u00eancia legal.<\/strong><\/p>\n<p><strong>PER\u00cdODO DE CONSERVA\u00c7\u00c3O: Por quanto tempo conservamos seus dados?<\/strong><\/p>\n<p>Na MAGAPOR, S.L., s\u00f3 queremos dados das pessoas com quem mantemos uma rela\u00e7\u00e3o. Por isso, conservamos os seus dados enquanto forem necess\u00e1rios para a presta\u00e7\u00e3o do nosso servi\u00e7o ou pelo tempo exigido por imperativo legal. Passado esse prazo prudente, os eliminamos.<\/p>\n<p>Da mesma forma, eliminamos os dados das pessoas interessadas que entraram em contato conosco para encerrar sua rela\u00e7\u00e3o e solicitar que procedamos \u00e0 elimina\u00e7\u00e3o de seus dados, desde que n\u00e3o exista obriga\u00e7\u00e3o legal de mant\u00ea-los e que as poss\u00edveis a\u00e7\u00f5es legais tenham prescrito.<\/p>\n<p><strong>CATEGORIAS DE DADOS TRATADOS: Que tipo de dados tratamos?<\/strong><\/p>\n<p>Dependendo do motivo pelo qual voc\u00ea entrou em contato conosco, precisamos coletar alguns dados espec\u00edficos.<\/p>\n<ul>\n<li>Para manter contato, precisamos que voc\u00ea nos forne\u00e7a: nome e sobrenome, telefone de contato, endere\u00e7o de e-mail, endere\u00e7o postal.<\/li>\n<li>Para gerir a sua candidatura, precisamos que nos envie um curr\u00edculo atualizado, que contenha: informa\u00e7\u00f5es acad\u00e9micas e profissionais, incluindo diplomas e hist\u00f3rico profissional.<\/li>\n<li>Para a emiss\u00e3o de faturas: NOME, CPF ou CNPJ, ENDERE\u00c7O.<\/li>\n<li>Para prestar o servi\u00e7o: dados necess\u00e1rios para a contrata\u00e7\u00e3o dos servi\u00e7os.<\/li>\n<\/ul>\n<p><strong>OBRIGATORIEDADE: O que acontece se voc\u00ea n\u00e3o nos fornecer seus dados?<\/strong><\/p>\n<p>Dependendo do motivo pelo qual voc\u00ea entrou em contato conosco, precisamos que voc\u00ea nos forne\u00e7a alguns dados. Assim, se voc\u00ea n\u00e3o nos fornecer os dados que solicitamos, n\u00e3o poderemos process\u00e1-los, seja para entrar em contato com voc\u00ea ou para contratar uma ap\u00f3lice.<\/p>\n<p><strong>3. LEGITIMIDADE: Por que podemos tratar seus dados?<\/strong><\/p>\n<p>A nossa legitimidade para tratar os seus dados baseia-se em diferentes fundamentos, dependendo do tratamento e do tipo de interessado que voc\u00ea \u00e9.<\/p>\n<p>Os principais fundamentos que legitimam os nossos tratamentos s\u00e3o os seguintes:<\/p>\n<ul>\n<li><strong>Interesse leg\u00edtimo.<\/strong> Entre outros, a gest\u00e3o da nossa carteira de clientes ou a gest\u00e3o dos processos de sele\u00e7\u00e3o de candidatos.<\/li>\n<li><strong>Execu\u00e7\u00e3o de um contrato<\/strong>. Por exemplo, distribui\u00e7\u00e3o de tecnologia para insemina\u00e7\u00e3o artificial em su\u00ednos.<\/li>\n<li><strong>Cumprimento das obriga\u00e7\u00f5es legais.<\/strong> Cumprimento da legisla\u00e7\u00e3o aplic\u00e1vel em mat\u00e9ria de contrata\u00e7\u00e3o.<\/li>\n<li><strong>Consentimento expresso.<\/strong> Sempre que o tratamento n\u00e3o se basear em nenhuma das bases anteriores, solicitamos o consentimento expresso do interessado. Por exemplo, para tratamentos com fins comerciais e publicit\u00e1rios.<\/li>\n<\/ul>\n<p><strong>4. DESTINAT\u00c1RIOS: A quem transmitimos os seus dados?<\/strong><\/p>\n<p>Cedemos seus dados a <strong>outras empresas<\/strong> com as quais, n\u00e3o pertencendo ao nosso grupo, trabalhamos em conjunto para lhe oferecer um melhor servi\u00e7o. Algumas dessas empresas s\u00e3o:<\/p>\n<ul>\n<li>Prestadores de servi\u00e7os profissionais, quando necess\u00e1rio para o cumprimento dos servi\u00e7os ou obriga\u00e7\u00f5es que nos comprometemos a cumprir.<\/li>\n<\/ul>\n<p>Al\u00e9m disso, como gostamos de fazer as coisas bem, cedemos seus dados sempre que <strong>exigido por lei<\/strong>. Essas exig\u00eancias referem-se a diversos \u00f3rg\u00e3os p\u00fablicos, tais como:<\/p>\n<ul>\n<li>As Administra\u00e7\u00f5es P\u00fablicas.<\/li>\n<li>As For\u00e7as e \u00d3rg\u00e3os de Seguran\u00e7a do Estado.<\/li>\n<li>Organismos p\u00fablicos ou privados relacionados com o setor segurador para fins estat\u00edsticos anuais e de preven\u00e7\u00e3o de fraudes, para a sele\u00e7\u00e3o de riscos e para a liquida\u00e7\u00e3o de sinistros.<\/li>\n<li>Outras previstas na legisla\u00e7\u00e3o aplic\u00e1vel no setor das seguradoras, citada no par\u00e1grafo anterior.<\/li>\n<\/ul>\n<p>As cess\u00f5es limitam-se ao \u00e2mbito nacional, n\u00e3o sendo realizadas transfer\u00eancias internacionais de dados (salvo imperativo legal).<\/p>\n<p><strong>MEDIDAS DE SEGURAN\u00c7A: Como garantimos a seguran\u00e7a dos seus dados?<\/strong><\/p>\n<p>Na <strong>MAGAPOR, S.L.<\/strong>, adaptamos a atividade da nossa empresa ao novo regulamento europeu e \u00e0s suas exig\u00eancias. Para tal, submetemos a nossa atividade a uma avalia\u00e7\u00e3o de impacto sobre a prote\u00e7\u00e3o de dados e, entre outras, foram adotadas as seguintes medidas:<\/p>\n<ul>\n<li>Criptografia das telecomunica\u00e7\u00f5es.<\/li>\n<li>Medidas de seguran\u00e7a inform\u00e1tica (antiv\u00edrus, firewall, etc.).<\/li>\n<li>Medidas organizativas, como c\u00f3digos de conduta para funcion\u00e1rios.<\/li>\n<\/ul>\n<p>A nossa organiza\u00e7\u00e3o procura garantir a integridade, confidencialidade e disponibilidade dos dados dos nossos interessados.<\/p>\n<p>Por outro lado, encarregamo-nos de supervisionar que as <strong>entidades externas \u00e0 MAGAPOR, S.L<\/strong>. cumpram igualmente a legisla\u00e7\u00e3o aplic\u00e1vel em mat\u00e9ria de prote\u00e7\u00e3o de dados. Por isso, quando temos uma rela\u00e7\u00e3o com um terceiro que implica a ced\u00eancia de dados dos nossos interessados, fazemos com que assine um compromisso de cumprimento.<\/p>\n<p><strong>5. DIREITOS: Quais s\u00e3o as suas possibilidades de a\u00e7\u00e3o em rela\u00e7\u00e3o aos seus dados?<\/strong><\/p>\n<p>Como titular, voc\u00ea tem os seguintes direitos reconhecidos em rela\u00e7\u00e3o aos dados pessoais que tratamos:<\/p>\n<ul>\n<li><strong>Acceso<\/strong>: Saber quais dados temos sobre voc\u00ea.<\/li>\n<li><strong>Rectifica\u00e7\u00e3o:<\/strong> Modificar ou corrigir quaisquer dados pessoais que tenhamos sobre voc\u00ea quando estiverem incorretos, incompletos ou tiverem mudado com o tempo.<\/li>\n<li><strong>Cancelamento:<\/strong> Exigir que apaguemos quaisquer dos seus dados, desde que n\u00e3o tenhamos a obriga\u00e7\u00e3o legal de os manter.<\/li>\n<li><strong>Oposi\u00e7\u00e3o:<\/strong> Opor-se ao tratamento que aplicamos aos seus dados pessoais por motivos legais.<\/li>\n<li><strong>Limita\u00e7\u00e3o:<\/strong> Opor-se a qualquer um dos tratamentos que aplicamos aos seus dados pessoais individualmente. Por exemplo, solicitar que deixemos de lhe enviar publicidade.<\/li>\n<li><strong>Portabilidade:<\/strong> Obter uma c\u00f3pia em um formato estruturado de uso comum dos seus dados.<\/li>\n<\/ul>\n<p>Voc\u00ea pode exercer os direitos acima ou solicitar informa\u00e7\u00f5es adicionais sobre nossa pol\u00edtica de prote\u00e7\u00e3o de dados entrando em contato conosco por qualquer um dos meios indicados no t\u00edtulo 1.<\/p>\n<p><strong>6. ORIGEM: Como obtivemos seus dados?<\/strong><\/p>\n<p>Os dados que tratamos prov\u00eam do pr\u00f3prio interessado no contrato de presta\u00e7\u00e3o de servi\u00e7os assinado entre as partes e no Acordo de Confidencialidade.<\/p>\n<p>Na MAGAPOR, S.L., estamos comprometidos em prestar um bom servi\u00e7o aos nossos clientes e manter um bom relacionamento com os nossos interessados. Por isso, convidamos voc\u00ea a entrar em contato conosco se surgir qualquer problema em rela\u00e7\u00e3o ao tratamento que fazemos dos seus dados.<\/p>\n<\/div><\/div><\/div><\/div><\/div>\n","protected":false},"excerpt":{"rendered":"","protected":false},"author":1,"featured_media":0,"parent":0,"menu_order":0,"comment_status":"closed","ping_status":"closed","template":"","meta":{"footnotes":""},"class_list":["post-19564","page","type-page","status-publish","hentry"],"_links":{"self":[{"href":"https:\/\/magapor.com\/pt-br\/wp-json\/wp\/v2\/pages\/19564","targetHints":{"allow":["GET"]}}],"collection":[{"href":"https:\/\/magapor.com\/pt-br\/wp-json\/wp\/v2\/pages"}],"about":[{"href":"https:\/\/magapor.com\/pt-br\/wp-json\/wp\/v2\/types\/page"}],"author":[{"embeddable":true,"href":"https:\/\/magapor.com\/pt-br\/wp-json\/wp\/v2\/users\/1"}],"replies":[{"embeddable":true,"href":"https:\/\/magapor.com\/pt-br\/wp-json\/wp\/v2\/comments?post=19564"}],"version-history":[{"count":3,"href":"https:\/\/magapor.com\/pt-br\/wp-json\/wp\/v2\/pages\/19564\/revisions"}],"predecessor-version":[{"id":19567,"href":"https:\/\/magapor.com\/pt-br\/wp-json\/wp\/v2\/pages\/19564\/revisions\/19567"}],"wp:attachment":[{"href":"https:\/\/magapor.com\/pt-br\/wp-json\/wp\/v2\/media?parent=19564"}],"curies":[{"name":"wp","href":"https:\/\/api.w.org\/{rel}","templated":true}]}}