{"id":19552,"date":"2026-03-12T10:10:23","date_gmt":"2026-03-12T10:10:23","guid":{"rendered":"https:\/\/magapor.com\/?page_id=19552"},"modified":"2026-03-12T10:10:23","modified_gmt":"2026-03-12T10:10:23","slug":"politica-de-cookies","status":"publish","type":"page","link":"https:\/\/magapor.com\/pt-br\/politica-de-cookies\/","title":{"rendered":"Pol\u00edtica de cookies"},"content":{"rendered":"<div class=\"fusion-fullwidth fullwidth-box fusion-builder-row-1 fusion-flex-container has-pattern-background has-mask-background nonhundred-percent-fullwidth non-hundred-percent-height-scrolling\" style=\"--awb-border-radius-top-left:0px;--awb-border-radius-top-right:0px;--awb-border-radius-bottom-right:0px;--awb-border-radius-bottom-left:0px;--awb-flex-wrap:wrap;\" ><div class=\"fusion-builder-row fusion-row fusion-flex-align-items-flex-start fusion-flex-content-wrap\" style=\"max-width:1144px;margin-left: calc(-4% \/ 2 );margin-right: calc(-4% \/ 2 );\"><div class=\"fusion-layout-column fusion_builder_column fusion-builder-column-0 fusion_builder_column_1_1 1_1 fusion-flex-column\" style=\"--awb-bg-size:cover;--awb-width-large:100%;--awb-margin-top-large:0px;--awb-spacing-right-large:1.92%;--awb-margin-bottom-large:20px;--awb-spacing-left-large:1.92%;--awb-width-medium:100%;--awb-order-medium:0;--awb-spacing-right-medium:1.92%;--awb-spacing-left-medium:1.92%;--awb-width-small:100%;--awb-order-small:0;--awb-spacing-right-small:1.92%;--awb-spacing-left-small:1.92%;\"><div class=\"fusion-column-wrapper fusion-column-has-shadow fusion-flex-justify-content-flex-start fusion-content-layout-column\"><!-- Start CookieYes cookie policy -->\n<style>\n  a.cky-banner-element {\n    padding: 8px 30px;\n    background: #f8f9fa;\n    color: #858a8f;\n    border: 1px solid #dee2e6;\n    box-sizing: border-box;\n    border-radius: 2px;\n    cursor: pointer\n  }\n<\/style>\n<h1 class=\"cookie-policy-h1\">Pol\u00edtica de cookies<\/h1>\n<div class=\"cookie-policy-date-container\">\n  <p>Data de entrada em vigor: 11 de mar\u00e7o de 2026<\/p>\n  <p>\u00daltima atualiza\u00e7\u00e3o: 11 de mar\u00e7o de 2026<\/p>\n<\/div>\u00a0<h2>O que s\u00e3o cookies?<\/h2>\n<div class=\"cookie-policy-p\">\n  <p>Esta pol\u00edtica de cookies explica o que s\u00e3o cookies, como os utilizamos, os tipos de cookies que utilizamos (por exemplo, as informa\u00e7\u00f5es que recolhemos ao utilizar cookies e como essas informa\u00e7\u00f5es s\u00e3o utilizadas) e como gerir as suas configura\u00e7\u00f5es de cookies.<\/p>\n  <p>Os cookies s\u00e3o pequenos arquivos de texto usados para armazenar certas informa\u00e7\u00f5es. Eles s\u00e3o armazenados no seu dispositivo quando um site \u00e9 carregado no seu navegador. Esses cookies ajudam a garantir que o site funcione corretamente, refor\u00e7am a seguran\u00e7a, oferecem uma melhor experi\u00eancia ao usu\u00e1rio e analisam o desempenho para identificar o que funciona corretamente e o que precisa ser melhorado.<\/p>\n<\/div>\u00a0<h2>Como utilizamos os cookies?<\/h2>\n<div class=\"cookie-policy-p\">\n  <p>Como a maioria dos servi\u00e7os online, nosso site usa cookies pr\u00f3prios e de terceiros para diversos fins. Os cookies pr\u00f3prios s\u00e3o essenciais para o funcionamento adequado do site e n\u00e3o coletam nenhum dado pessoal identific\u00e1vel.<\/p>\n  <p>Os cookies de terceiros utilizados no nosso site ajudam-nos principalmente a compreender como este responde; acompanham a forma como interage com ele; protegem os nossos servi\u00e7os; oferecem publicidade do seu interesse; e melhoram a sua experi\u00eancia de utilizador em geral, ao mesmo tempo que otimizam a velocidade das suas intera\u00e7\u00f5es posteriores no nosso site.<\/p>\n<\/div>\u00a0<h2>Tipos de cookies que utilizamos<\/h2>\n<div class=\"cky-audit-table-element\"><\/div>\u00a0<h2 style=\"margin-bottom: 20px\">Gerenciar prefer\u00eancias de cookies<\/h2><a class=\"cky-banner-element\">Prefer\u00eancias de consentimento<\/a><br \/>\n<div>\n  <p>Voc\u00ea pode alterar suas configura\u00e7\u00f5es de cookies a qualquer momento clicando no bot\u00e3o Prefer\u00eancias de consentimento, localizado na parte superior. Essa op\u00e7\u00e3o permitir\u00e1 que voc\u00ea volte ao banner de consentimento de cookies e atualize suas prefer\u00eancias ou retire seu consentimento imediatamente.<\/p>\n  <p>Al\u00e9m disso, os diferentes navegadores oferecem v\u00e1rios m\u00e9todos para bloquear e eliminar cookies utilizados pelos sites. Voc\u00ea pode modificar as configura\u00e7\u00f5es do seu navegador para bloquear ou eliminar cookies. A seguir, voc\u00ea encontrar\u00e1 links para documentos de ajuda para saber como gerenciar e eliminar cookies nos principais navegadores da web.<\/p>\n  <p>Chrome: <a target=\"_blank\" rel=\"noopener noreferrer\" href=\"https:\/\/support.google.com\/accounts\/answer\/32050\">https:\/\/support.google.com\/accounts\/answer\/32050<\/a><\/p>\n  <p>Safari: <a target=\"_blank\" rel=\"noopener noreferrer\" href=\"https:\/\/support.apple.com\/en-in\/guide\/safari\/sfri11471\/mac\">https:\/\/support.apple.com\/en-in\/guide\/safari\/sfri11471\/mac<\/a><\/p>\n  <p>Firefox: <a target=\"_blank\" rel=\"noopener noreferrer\" href=\"https:\/\/support.mozilla.org\/en-US\/kb\/clear-cookies-and-site-data-firefox?redirectslug=delete-cookies-remove-info-websites-stored&amp;redirectlocale=en-US\">https:\/\/support.mozilla.org\/en-US\/kb\/clear-cookies-and-site-data-firefox?redirectslug=delete-cookies-remove-info-websites-stored&redirectlocale=en-US<\/a><\/p>\n  <p>Internet Explorer: <a target=\"_blank\" rel=\"noopener noreferrer\" href=\"https:\/\/support.microsoft.com\/en-us\/topic\/how-to-delete-cookie-files-in-internet-explorer-bca9446f-d873-78de-77ba-d42645fa52fc\">https:\/\/support.microsoft.com\/en-us\/topic\/how-to-delete-cookie-files-in-internet-explorer-bca9446f-d873-78de-77ba-d42645fa52fc<\/a><\/p>\n  <p>Se voc\u00ea usa outro navegador da web, consulte a documenta\u00e7\u00e3o de ajuda oficial do mesmo.<\/p>\n<\/div><!-- End CookieYes cookie policy --><\/div><\/div><\/div><\/div>\n","protected":false},"excerpt":{"rendered":"","protected":false},"author":1,"featured_media":0,"parent":0,"menu_order":0,"comment_status":"closed","ping_status":"closed","template":"","meta":{"footnotes":""},"class_list":["post-19552","page","type-page","status-publish","hentry"],"_links":{"self":[{"href":"https:\/\/magapor.com\/pt-br\/wp-json\/wp\/v2\/pages\/19552","targetHints":{"allow":["GET"]}}],"collection":[{"href":"https:\/\/magapor.com\/pt-br\/wp-json\/wp\/v2\/pages"}],"about":[{"href":"https:\/\/magapor.com\/pt-br\/wp-json\/wp\/v2\/types\/page"}],"author":[{"embeddable":true,"href":"https:\/\/magapor.com\/pt-br\/wp-json\/wp\/v2\/users\/1"}],"replies":[{"embeddable":true,"href":"https:\/\/magapor.com\/pt-br\/wp-json\/wp\/v2\/comments?post=19552"}],"version-history":[{"count":3,"href":"https:\/\/magapor.com\/pt-br\/wp-json\/wp\/v2\/pages\/19552\/revisions"}],"predecessor-version":[{"id":19556,"href":"https:\/\/magapor.com\/pt-br\/wp-json\/wp\/v2\/pages\/19552\/revisions\/19556"}],"wp:attachment":[{"href":"https:\/\/magapor.com\/pt-br\/wp-json\/wp\/v2\/media?parent=19552"}],"curies":[{"name":"wp","href":"https:\/\/api.w.org\/{rel}","templated":true}]}}