{"id":19464,"date":"2026-02-27T11:34:46","date_gmt":"2026-02-27T11:34:46","guid":{"rendered":"https:\/\/magapor.com\/?page_id=19464"},"modified":"2026-02-27T11:34:46","modified_gmt":"2026-02-27T11:34:46","slug":"servico-tecnico-engenharia","status":"publish","type":"page","link":"https:\/\/magapor.com\/pt-br\/departamento-tecnico\/servico-tecnico\/servico-tecnico-engenharia\/","title":{"rendered":"Servi\u00e7o t\u00e9cnico engenharia"},"content":{"rendered":"<div class=\"fusion-fullwidth fullwidth-box fusion-builder-row-1 nonhundred-percent-fullwidth non-hundred-percent-height-scrolling\" style=\"--awb-border-radius-top-left:0px;--awb-border-radius-top-right:0px;--awb-border-radius-bottom-right:0px;--awb-border-radius-bottom-left:0px;--awb-padding-top:0px;--awb-padding-bottom:0px;--awb-margin-top:0px;--awb-flex-wrap:wrap;\" ><div class=\"fusion-builder-row fusion-row\"><div class=\"fusion-layout-column fusion_builder_column fusion-builder-column-0 fusion_builder_column_3_5 3_5 fusion-three-fifth fusion-column-first\" style=\"--awb-bg-size:cover;width:60%;width:calc(60% - ( ( 4% ) * 0.6 ) );margin-right: 4%;\"><div class=\"fusion-column-wrapper fusion-flex-column-wrapper-legacy\"><div class=\"fusion-column-content-centered\"><div class=\"fusion-column-content\"><div class=\"fusion-title title fusion-title-1 fusion-sep-none fusion-title-text fusion-title-size-one\"><h1 class=\"fusion-title-heading title-heading-left\" style=\"margin:0;\">SERVI\u00c7O T\u00c9CNICO DE ENGENHARIA<\/h1><\/div><div class=\"fusion-text fusion-text-1\"><p><span style=\"color: #999999;\">ASSESSORIA E FORMA\u00c7\u00c3O<\/span><\/p>\n<\/div><div class=\"fusion-text fusion-text-2\"><ul>\n<li>Forma\u00e7\u00e3o, instala\u00e7\u00e3o e comissionamento de equipamentos<\/li>\n<li>Servi\u00e7o t\u00e9cnico<\/li>\n<\/ul>\n<div><\/div>\n<\/div><\/div><\/div><div class=\"fusion-clearfix\"><\/div><\/div><\/div><div class=\"fusion-layout-column fusion_builder_column fusion-builder-column-1 fusion_builder_column_2_5 2_5 fusion-two-fifth fusion-column-last\" style=\"--awb-bg-size:cover;width:40%;width:calc(40% - ( ( 4% ) * 0.4 ) );\"><div class=\"fusion-column-wrapper fusion-flex-column-wrapper-legacy\"><div class=\"fusion-column-content-centered\"><div class=\"fusion-column-content\"><div class=\"fusion-image-element fusion-image-align-center in-legacy-container\" style=\"text-align:center;--awb-caption-title-font-family:var(--h2_typography-font-family);--awb-caption-title-font-weight:var(--h2_typography-font-weight);--awb-caption-title-font-style:var(--h2_typography-font-style);--awb-caption-title-size:var(--h2_typography-font-size);--awb-caption-title-transform:var(--h2_typography-text-transform);--awb-caption-title-line-height:var(--h2_typography-line-height);--awb-caption-title-letter-spacing:var(--h2_typography-letter-spacing);\"><div class=\"imageframe-align-center\"><span class=\" fusion-imageframe imageframe-none imageframe-1 hover-type-none\"><img decoding=\"async\" width=\"650\" height=\"419\" title=\"servicio-tecnico-ingenieria\" src=\"https:\/\/magapor.com\/\/wp-content\/uploads\/2020\/09\/servicio-tecnico-ingenieria.jpg\" alt class=\"img-responsive wp-image-16886\" srcset=\"https:\/\/magapor.com\/wp-content\/uploads\/2020\/09\/servicio-tecnico-ingenieria-200x129.jpg 200w, https:\/\/magapor.com\/wp-content\/uploads\/2020\/09\/servicio-tecnico-ingenieria-400x258.jpg 400w, https:\/\/magapor.com\/wp-content\/uploads\/2020\/09\/servicio-tecnico-ingenieria-600x387.jpg 600w, https:\/\/magapor.com\/wp-content\/uploads\/2020\/09\/servicio-tecnico-ingenieria.jpg 650w\" sizes=\"(max-width: 800px) 100vw, 600px\" \/><\/span><\/div><\/div><\/div><\/div><div class=\"fusion-clearfix\"><\/div><\/div><\/div><\/div><\/div>\n","protected":false},"excerpt":{"rendered":"","protected":false},"author":1,"featured_media":0,"parent":15194,"menu_order":0,"comment_status":"closed","ping_status":"closed","template":"","meta":{"footnotes":""},"class_list":["post-19464","page","type-page","status-publish","hentry"],"_links":{"self":[{"href":"https:\/\/magapor.com\/pt-br\/wp-json\/wp\/v2\/pages\/19464","targetHints":{"allow":["GET"]}}],"collection":[{"href":"https:\/\/magapor.com\/pt-br\/wp-json\/wp\/v2\/pages"}],"about":[{"href":"https:\/\/magapor.com\/pt-br\/wp-json\/wp\/v2\/types\/page"}],"author":[{"embeddable":true,"href":"https:\/\/magapor.com\/pt-br\/wp-json\/wp\/v2\/users\/1"}],"replies":[{"embeddable":true,"href":"https:\/\/magapor.com\/pt-br\/wp-json\/wp\/v2\/comments?post=19464"}],"version-history":[{"count":8,"href":"https:\/\/magapor.com\/pt-br\/wp-json\/wp\/v2\/pages\/19464\/revisions"}],"predecessor-version":[{"id":19474,"href":"https:\/\/magapor.com\/pt-br\/wp-json\/wp\/v2\/pages\/19464\/revisions\/19474"}],"up":[{"embeddable":true,"href":"https:\/\/magapor.com\/pt-br\/wp-json\/wp\/v2\/pages\/15194"}],"wp:attachment":[{"href":"https:\/\/magapor.com\/pt-br\/wp-json\/wp\/v2\/media?parent=19464"}],"curies":[{"name":"wp","href":"https:\/\/api.w.org\/{rel}","templated":true}]}}