{"id":19447,"date":"2026-02-27T11:01:21","date_gmt":"2026-02-27T11:01:21","guid":{"rendered":"https:\/\/magapor.com\/?page_id=19447"},"modified":"2026-02-27T11:01:21","modified_gmt":"2026-02-27T11:01:21","slug":"servico-tecnico-veterinario","status":"publish","type":"page","link":"https:\/\/magapor.com\/pt-br\/departamento-tecnico\/servico-tecnico\/servico-tecnico-veterinario\/","title":{"rendered":"Servi\u00e7o t\u00e9cnico veterin\u00e1rio"},"content":{"rendered":"<div id=\"servicios\" class=\"fusion-container-anchor\"><div class=\"fusion-fullwidth fullwidth-box fusion-builder-row-1 nonhundred-percent-fullwidth non-hundred-percent-height-scrolling fusion-equal-height-columns toogle-gris\" style=\"--awb-border-radius-top-left:0px;--awb-border-radius-top-right:0px;--awb-border-radius-bottom-right:0px;--awb-border-radius-bottom-left:0px;--awb-padding-top:0px;--awb-padding-bottom:0px;--awb-margin-top:0px;--awb-margin-bottom:0px;--awb-flex-wrap:wrap;\" ><div class=\"fusion-builder-row fusion-row\"><div class=\"fusion-layout-column fusion_builder_column fusion-builder-column-0 fusion_builder_column_2_3 2_3 fusion-two-third fusion-column-first\" style=\"--awb-padding-bottom:0px;--awb-bg-size:cover;--awb-margin-bottom:0px;width:66.666666666667%;width:calc(66.666666666667% - ( ( 4% ) * 0.66666666666667 ) );margin-right: 4%;\"><div class=\"fusion-column-wrapper fusion-flex-column-wrapper-legacy\"><div class=\"fusion-title title fusion-title-1 fusion-sep-none fusion-title-text fusion-title-size-one\"><h1 class=\"fusion-title-heading title-heading-left\" style=\"margin:0;\">SERVI\u00c7O T\u00c9CNICO VETERIN\u00c1RIO<\/h1><\/div><div class=\"fusion-text fusion-text-1\"><div class=\"subtitulo\">\n<p>&nbsp;<\/p>\n<p>SEMPRE \u00c0 DISPOSI\u00c7\u00c3O DOS NOSSOS CLIENTES<\/p>\n<\/div>\n<div><\/div>\n<div><\/div>\n<div><\/div>\n<\/div><div class=\"accordian fusion-accordian h2-servicios-vet\" style=\"--awb-border-size:1px;--awb-icon-size:16px;--awb-content-font-size:15px;--awb-icon-alignment:left;--awb-hover-color:#f9f9fb;--awb-border-color:#e2e2e2;--awb-background-color:#ffffff;--awb-divider-color:#e0dede;--awb-divider-hover-color:#e0dede;--awb-icon-color:#ffffff;--awb-title-color:#333333;--awb-content-color:#545454;--awb-icon-box-color:#cacaca;--awb-toggle-hover-accent-color:#ff6d29;--awb-title-font-family:&quot;Open Sans&quot;;--awb-title-font-weight:400;--awb-title-font-style:normal;--awb-title-font-size:13px;--awb-title-line-height:1.5;--awb-content-font-family:&quot;Open Sans&quot;;--awb-content-font-style:normal;--awb-content-font-weight:400;\"><div class=\"panel-group fusion-toggle-icon-boxed\" id=\"accordion-19447-1\"><div class=\"fusion-panel panel-default panel-4f2dff5ef80dbfd77 fusion-toggle-has-divider\" style=\"--awb-title-color:#333333;--awb-content-color:#545454;\"><div class=\"panel-heading\"><h4 class=\"panel-title toggle\" id=\"toggle_4f2dff5ef80dbfd77\"><a aria-expanded=\"false\" aria-controls=\"4f2dff5ef80dbfd77\" role=\"button\" data-toggle=\"collapse\" data-parent=\"#accordion-19447-1\" data-target=\"#4f2dff5ef80dbfd77\" href=\"#4f2dff5ef80dbfd77\"><span class=\"fusion-toggle-icon-wrapper\" aria-hidden=\"true\"><i class=\"fa-fusion-box active-icon awb-icon-minus\" aria-hidden=\"true\"><\/i><i class=\"fa-fusion-box inactive-icon awb-icon-plus\" aria-hidden=\"true\"><\/i><\/span><span class=\"fusion-toggle-heading\">Auditorias em centros de insemina\u00e7\u00e3o e granjas<\/span><\/a><\/h4><\/div><div id=\"4f2dff5ef80dbfd77\" class=\"panel-collapse collapse \" aria-labelledby=\"toggle_4f2dff5ef80dbfd77\"><div class=\"panel-body toggle-content fusion-clearfix\">\n<p>Realizamos auditorias veterin\u00e1rias personalizadas em centros de insemina\u00e7\u00e3o e granjas.<\/p>\n<\/div><\/div><\/div><div class=\"fusion-panel panel-default panel-185f7c6d9d1b04be2 fusion-toggle-has-divider\" style=\"--awb-title-color:#333333;--awb-content-color:#545454;\"><div class=\"panel-heading\"><h4 class=\"panel-title toggle\" id=\"toggle_185f7c6d9d1b04be2\"><a aria-expanded=\"false\" aria-controls=\"185f7c6d9d1b04be2\" role=\"button\" data-toggle=\"collapse\" data-parent=\"#accordion-19447-1\" data-target=\"#185f7c6d9d1b04be2\" href=\"#185f7c6d9d1b04be2\"><span class=\"fusion-toggle-icon-wrapper\" aria-hidden=\"true\"><i class=\"fa-fusion-box active-icon awb-icon-minus\" aria-hidden=\"true\"><\/i><i class=\"fa-fusion-box inactive-icon awb-icon-plus\" aria-hidden=\"true\"><\/i><\/span><span class=\"fusion-toggle-heading\">Forma\u00e7\u00e3o especializada<\/span><\/a><\/h4><\/div><div id=\"185f7c6d9d1b04be2\" class=\"panel-collapse collapse \" aria-labelledby=\"toggle_185f7c6d9d1b04be2\"><div class=\"panel-body toggle-content fusion-clearfix\">\n<ul>\n<li>Oferecemos forma\u00e7\u00e3o sobre equipamentos e tudo o que diz respeito \u00e0 insemina\u00e7\u00e3o, tanto em CIAs como em granjas.<\/li>\n<li>Palestras e confer\u00eancias t\u00e9cnicas.<\/li>\n<\/ul>\n<\/div><\/div><\/div><div class=\"fusion-panel panel-default panel-ba0a02f6d22b605e6 fusion-toggle-has-divider\" style=\"--awb-title-color:#333333;--awb-content-color:#545454;\"><div class=\"panel-heading\"><h4 class=\"panel-title toggle\" id=\"toggle_ba0a02f6d22b605e6\"><a aria-expanded=\"false\" aria-controls=\"ba0a02f6d22b605e6\" role=\"button\" data-toggle=\"collapse\" data-parent=\"#accordion-19447-1\" data-target=\"#ba0a02f6d22b605e6\" href=\"#ba0a02f6d22b605e6\"><span class=\"fusion-toggle-icon-wrapper\" aria-hidden=\"true\"><i class=\"fa-fusion-box active-icon awb-icon-minus\" aria-hidden=\"true\"><\/i><i class=\"fa-fusion-box inactive-icon awb-icon-plus\" aria-hidden=\"true\"><\/i><\/span><span class=\"fusion-toggle-heading\">Plano de Acompanhamento e Controle de Qualidade<\/span><\/a><\/h4><\/div><div id=\"ba0a02f6d22b605e6\" class=\"panel-collapse collapse \" aria-labelledby=\"toggle_ba0a02f6d22b605e6\"><div class=\"panel-body toggle-content fusion-clearfix\">\n<p>Sistema integral de acompanhamento, assessoria e controle da qualidade de doses seminais.<\/p>\n<\/div><\/div><\/div><div class=\"fusion-panel panel-default panel-6e782b65568d1a760 fusion-toggle-has-divider\" style=\"--awb-title-color:#333333;--awb-content-color:#545454;\"><div class=\"panel-heading\"><h4 class=\"panel-title toggle\" id=\"toggle_6e782b65568d1a760\"><a aria-expanded=\"false\" aria-controls=\"6e782b65568d1a760\" role=\"button\" data-toggle=\"collapse\" data-parent=\"#accordion-19447-1\" data-target=\"#6e782b65568d1a760\" href=\"#6e782b65568d1a760\"><span class=\"fusion-toggle-icon-wrapper\" aria-hidden=\"true\"><i class=\"fa-fusion-box active-icon awb-icon-minus\" aria-hidden=\"true\"><\/i><i class=\"fa-fusion-box inactive-icon awb-icon-plus\" aria-hidden=\"true\"><\/i><\/span><span class=\"fusion-toggle-heading\">Resposta aos problemas dos clientes<\/span><\/a><\/h4><\/div><div id=\"6e782b65568d1a760\" class=\"panel-collapse collapse \" aria-labelledby=\"toggle_6e782b65568d1a760\"><div class=\"panel-body toggle-content fusion-clearfix\">Estamos \u00e0 disposi\u00e7\u00e3o dos nossos clientes para a resolu\u00e7\u00e3o de d\u00favidas ou problemas que possam ter.<\/div><\/div><\/div><\/div><\/div><div class=\"fusion-clearfix\"><\/div><\/div><\/div><div class=\"fusion-layout-column fusion_builder_column fusion-builder-column-1 fusion_builder_column_1_3 1_3 fusion-one-third fusion-column-last\" style=\"--awb-padding-bottom:0px;--awb-bg-size:cover;--awb-margin-bottom:0px;width:33.333333333333%;width:calc(33.333333333333% - ( ( 4% ) * 0.33333333333333 ) );\"><div class=\"fusion-column-wrapper fusion-flex-column-wrapper-legacy\"><div class=\"fusion-column-content-centered\"><div class=\"fusion-column-content\"><div class=\"fusion-image-element fusion-image-align-center in-legacy-container\" style=\"text-align:center;--awb-caption-title-font-family:var(--h2_typography-font-family);--awb-caption-title-font-weight:var(--h2_typography-font-weight);--awb-caption-title-font-style:var(--h2_typography-font-style);--awb-caption-title-size:var(--h2_typography-font-size);--awb-caption-title-transform:var(--h2_typography-text-transform);--awb-caption-title-line-height:var(--h2_typography-line-height);--awb-caption-title-letter-spacing:var(--h2_typography-letter-spacing);\"><div class=\"imageframe-align-center\"><span class=\" fusion-imageframe imageframe-none imageframe-1 hover-type-none\"><img decoding=\"async\" width=\"708\" height=\"1005\" title=\"Veterinario\" src=\"https:\/\/magapor.com\/\/wp-content\/uploads\/2016\/11\/veterinario.jpg\" alt class=\"img-responsive wp-image-15644\" srcset=\"https:\/\/magapor.com\/wp-content\/uploads\/2016\/11\/veterinario-200x284.jpg 200w, https:\/\/magapor.com\/wp-content\/uploads\/2016\/11\/veterinario-400x568.jpg 400w, https:\/\/magapor.com\/wp-content\/uploads\/2016\/11\/veterinario-600x852.jpg 600w, https:\/\/magapor.com\/wp-content\/uploads\/2016\/11\/veterinario.jpg 708w\" sizes=\"(max-width: 800px) 100vw, 400px\" \/><\/span><\/div><\/div><\/div><\/div><div class=\"fusion-clearfix\"><\/div><\/div><\/div><\/div><\/div><\/div><div class=\"fusion-fullwidth fullwidth-box fusion-builder-row-2 nonhundred-percent-fullwidth non-hundred-percent-height-scrolling\" style=\"--awb-border-radius-top-left:0px;--awb-border-radius-top-right:0px;--awb-border-radius-bottom-right:0px;--awb-border-radius-bottom-left:0px;--awb-padding-top:0px;--awb-padding-bottom:0px;--awb-margin-top:0px;--awb-flex-wrap:wrap;\" id=\"no-mostrar\" ><div class=\"fusion-builder-row fusion-row\"><div class=\"fusion-layout-column fusion_builder_column fusion-builder-column-2 fusion_builder_column_1_1 1_1 fusion-one-full fusion-column-first fusion-column-last\" style=\"--awb-bg-size:cover;\"><div class=\"fusion-column-wrapper fusion-flex-column-wrapper-legacy\"><div class=\"fusion-sep-clear\"><\/div><div class=\"fusion-separator fusion-full-width-sep\" style=\"margin-left: auto;margin-right: auto;margin-top:0px;width:100%;\"><div class=\"fusion-separator-border sep-single sep-solid\" style=\"--awb-height:20px;--awb-amount:20px;--awb-sep-color:#ff6d29;border-color:#ff6d29;border-top-width:1px;\"><\/div><\/div><div class=\"fusion-sep-clear\"><\/div><div class=\"fusion-clearfix\"><\/div><\/div><\/div><\/div><\/div><div class=\"fusion-fullwidth fullwidth-box fusion-builder-row-3 nonhundred-percent-fullwidth non-hundred-percent-height-scrolling\" style=\"--awb-border-radius-top-left:0px;--awb-border-radius-top-right:0px;--awb-border-radius-bottom-right:0px;--awb-border-radius-bottom-left:0px;--awb-padding-top:0px;--awb-padding-bottom:0px;--awb-margin-top:0px;--awb-flex-wrap:wrap;\" id=\"no-mostrar\" ><div class=\"fusion-builder-row fusion-row\"><div class=\"fusion-layout-column fusion_builder_column fusion-builder-column-3 fusion_builder_column_1_1 1_1 fusion-one-full fusion-column-first fusion-column-last\" style=\"--awb-bg-size:cover;\"><div class=\"fusion-column-wrapper fusion-flex-column-wrapper-legacy\"><div class=\"fusion-sep-clear\"><\/div><div class=\"fusion-separator fusion-full-width-sep\" style=\"margin-left: auto;margin-right: auto;margin-top:0px;width:100%;\"><div class=\"fusion-separator-border sep-single sep-solid\" style=\"--awb-height:20px;--awb-amount:20px;--awb-sep-color:#ff6d29;border-color:#ff6d29;border-top-width:1px;\"><\/div><\/div><div class=\"fusion-sep-clear\"><\/div><div class=\"fusion-clearfix\"><\/div><\/div><\/div><\/div><\/div><div class=\"fusion-fullwidth fullwidth-box fusion-builder-row-4 hundred-percent-fullwidth non-hundred-percent-height-scrolling\" style=\"--awb-border-radius-top-left:0px;--awb-border-radius-top-right:0px;--awb-border-radius-bottom-right:0px;--awb-border-radius-bottom-left:0px;--awb-padding-top:0px;--awb-padding-right:0px;--awb-padding-bottom:0px;--awb-padding-left:0px;--awb-margin-top:0px;--awb-margin-bottom:0px;--awb-flex-wrap:wrap;\" ><div class=\"fusion-builder-row fusion-row\"><div class=\"fusion-layout-column fusion_builder_column fusion-builder-column-4 fusion_builder_column_1_1 1_1 fusion-one-full fusion-column-first fusion-column-last\" style=\"--awb-padding-bottom:0px;--awb-bg-size:cover;--awb-margin-bottom:0px;\"><div class=\"fusion-column-wrapper fusion-flex-column-wrapper-legacy\"><div class=\"fusion-image-element in-legacy-container\" style=\"--awb-caption-title-font-family:var(--h2_typography-font-family);--awb-caption-title-font-weight:var(--h2_typography-font-weight);--awb-caption-title-font-style:var(--h2_typography-font-style);--awb-caption-title-size:var(--h2_typography-font-size);--awb-caption-title-transform:var(--h2_typography-text-transform);--awb-caption-title-line-height:var(--h2_typography-line-height);--awb-caption-title-letter-spacing:var(--h2_typography-letter-spacing);\"><span class=\" fusion-imageframe imageframe-none imageframe-2 hover-type-none\"><img decoding=\"async\" width=\"2006\" height=\"325\" title=\"Veterinario Cerdo\" src=\"https:\/\/magapor.com\/\/wp-content\/uploads\/2016\/11\/veterinario_cerdo-1.jpg\" alt class=\"img-responsive wp-image-15647\" srcset=\"https:\/\/magapor.com\/wp-content\/uploads\/2016\/11\/veterinario_cerdo-1-200x32.jpg 200w, https:\/\/magapor.com\/wp-content\/uploads\/2016\/11\/veterinario_cerdo-1-400x65.jpg 400w, https:\/\/magapor.com\/wp-content\/uploads\/2016\/11\/veterinario_cerdo-1-600x97.jpg 600w, https:\/\/magapor.com\/wp-content\/uploads\/2016\/11\/veterinario_cerdo-1-800x130.jpg 800w, https:\/\/magapor.com\/wp-content\/uploads\/2016\/11\/veterinario_cerdo-1-1200x194.jpg 1200w, https:\/\/magapor.com\/wp-content\/uploads\/2016\/11\/veterinario_cerdo-1.jpg 2006w\" sizes=\"(max-width: 800px) 100vw, 1200px\" \/><\/span><\/div><div class=\"fusion-clearfix\"><\/div><\/div><\/div><\/div><\/div>\n","protected":false},"excerpt":{"rendered":"","protected":false},"author":1,"featured_media":0,"parent":15194,"menu_order":0,"comment_status":"closed","ping_status":"closed","template":"","meta":{"footnotes":""},"class_list":["post-19447","page","type-page","status-publish","hentry"],"_links":{"self":[{"href":"https:\/\/magapor.com\/pt-br\/wp-json\/wp\/v2\/pages\/19447","targetHints":{"allow":["GET"]}}],"collection":[{"href":"https:\/\/magapor.com\/pt-br\/wp-json\/wp\/v2\/pages"}],"about":[{"href":"https:\/\/magapor.com\/pt-br\/wp-json\/wp\/v2\/types\/page"}],"author":[{"embeddable":true,"href":"https:\/\/magapor.com\/pt-br\/wp-json\/wp\/v2\/users\/1"}],"replies":[{"embeddable":true,"href":"https:\/\/magapor.com\/pt-br\/wp-json\/wp\/v2\/comments?post=19447"}],"version-history":[{"count":5,"href":"https:\/\/magapor.com\/pt-br\/wp-json\/wp\/v2\/pages\/19447\/revisions"}],"predecessor-version":[{"id":19457,"href":"https:\/\/magapor.com\/pt-br\/wp-json\/wp\/v2\/pages\/19447\/revisions\/19457"}],"up":[{"embeddable":true,"href":"https:\/\/magapor.com\/pt-br\/wp-json\/wp\/v2\/pages\/15194"}],"wp:attachment":[{"href":"https:\/\/magapor.com\/pt-br\/wp-json\/wp\/v2\/media?parent=19447"}],"curies":[{"name":"wp","href":"https:\/\/api.w.org\/{rel}","templated":true}]}}