{"id":15194,"date":"2026-02-27T09:53:56","date_gmt":"2026-02-27T09:53:56","guid":{"rendered":"https:\/\/magapor.com\/?page_id=15194"},"modified":"2026-02-27T11:34:38","modified_gmt":"2026-02-27T11:34:38","slug":"servico-tecnico","status":"publish","type":"page","link":"https:\/\/magapor.com\/pt-br\/departamento-tecnico\/servico-tecnico\/","title":{"rendered":"Servi\u00e7o t\u00e9cnico"},"content":{"rendered":"<div class=\"fusion-fullwidth fullwidth-box fusion-builder-row-1 nonhundred-percent-fullwidth non-hundred-percent-height-scrolling departamento\" style=\"--awb-border-radius-top-left:0px;--awb-border-radius-top-right:0px;--awb-border-radius-bottom-right:0px;--awb-border-radius-bottom-left:0px;--awb-padding-top:0px;--awb-padding-bottom:20px;--awb-margin-top:0px;--awb-flex-wrap:wrap;\" ><div class=\"fusion-builder-row fusion-row\"><div class=\"fusion-layout-column fusion_builder_column fusion-builder-column-0 fusion_builder_column_1_2 1_2 fusion-one-half fusion-column-first\" style=\"--awb-bg-size:cover;width:50%;width:calc(50% - ( ( 4% ) * 0.5 ) );margin-right: 4%;\"><div class=\"fusion-column-wrapper fusion-flex-column-wrapper-legacy\"><div class=\"fusion-title title fusion-title-1 fusion-sep-none fusion-title-text fusion-title-size-one\"><h1 class=\"fusion-title-heading title-heading-left\" style=\"margin:0;\">SERVI\u00c7O T\u00c9CNICO<\/h1><\/div><div class=\"fusion-text fusion-text-1\"><p>Oferecer solu\u00e7\u00f5es aos nossos clientes \u00e9 um dos elementos diferenciadores da Magapor.<\/p>\n<\/div><div class=\"fusion-clearfix\"><\/div><\/div><\/div><div class=\"fusion-layout-column fusion_builder_column fusion-builder-column-1 fusion_builder_column_1_2 1_2 fusion-one-half fusion-column-last\" style=\"--awb-bg-size:cover;width:50%;width:calc(50% - ( ( 4% ) * 0.5 ) );\"><div class=\"fusion-column-wrapper fusion-flex-column-wrapper-legacy\"><div class=\"fusion-clearfix\"><\/div><\/div><\/div><div class=\"fusion-layout-column fusion_builder_column fusion-builder-column-2 fusion_builder_column_1_2 1_2 fusion-one-half fusion-column-first\" style=\"--awb-bg-size:cover;width:50%;width:calc(50% - ( ( 4% ) * 0.5 ) );margin-right: 4%;\" id=\"servicio-tecnico-h2\"><div class=\"fusion-column-wrapper fusion-flex-column-wrapper-legacy\"><div class=\"fusion-image-element fusion-image-align-center in-legacy-container\" style=\"text-align:center;--awb-caption-title-font-family:var(--h2_typography-font-family);--awb-caption-title-font-weight:var(--h2_typography-font-weight);--awb-caption-title-font-style:var(--h2_typography-font-style);--awb-caption-title-size:var(--h2_typography-font-size);--awb-caption-title-transform:var(--h2_typography-text-transform);--awb-caption-title-line-height:var(--h2_typography-line-height);--awb-caption-title-letter-spacing:var(--h2_typography-letter-spacing);\"><div class=\"imageframe-align-center\"><span class=\" fusion-imageframe imageframe-none imageframe-1 hover-type-none\"><img decoding=\"async\" width=\"670\" height=\"200\" title=\"Servicio T\u00e9cnico Veterinario Magapor\" src=\"https:\/\/magapor.com\/\/wp-content\/uploads\/2016\/11\/servicio-tecnico-veterinarioOK.jpg\" alt class=\"img-responsive wp-image-15638\" srcset=\"https:\/\/magapor.com\/wp-content\/uploads\/2016\/11\/servicio-tecnico-veterinarioOK-200x60.jpg 200w, https:\/\/magapor.com\/wp-content\/uploads\/2016\/11\/servicio-tecnico-veterinarioOK-400x119.jpg 400w, https:\/\/magapor.com\/wp-content\/uploads\/2016\/11\/servicio-tecnico-veterinarioOK-600x179.jpg 600w, https:\/\/magapor.com\/wp-content\/uploads\/2016\/11\/servicio-tecnico-veterinarioOK.jpg 670w\" sizes=\"(max-width: 800px) 100vw, 600px\" \/><\/span><\/div><\/div><h2><div class=\"fusion-align-block\"><a class=\"fusion-button button-flat fusion-button-default-size button-default fusion-button-default button-1 fusion-button-span-yes fusion-button-default-type\" target=\"_self\" href=\"https:\/\/magapor.com\/pt-br\/departamento-tecnico\/servico-tecnico\/servico-tecnico-veterinario\/\"><span class=\"fusion-button-text awb-button__text awb-button__text--default fusion-button-text-right\">SERVI\u00c7O T\u00c9CNICO VETERIN\u00c1RIO<\/span><span class=\"fusion-button-icon-divider button-icon-divider-right\"><i class=\"fa-chevron-right fas awb-button__icon awb-button__icon--default\" aria-hidden=\"true\"><\/i><\/span><\/a><\/div><\/h2><div class=\"fusion-clearfix\"><\/div><\/div><\/div><div class=\"fusion-layout-column fusion_builder_column fusion-builder-column-3 fusion_builder_column_1_2 1_2 fusion-one-half fusion-column-last\" style=\"--awb-bg-size:cover;width:50%;width:calc(50% - ( ( 4% ) * 0.5 ) );\" id=\"servicio-tecnico-h2\"><div class=\"fusion-column-wrapper fusion-flex-column-wrapper-legacy\"><div class=\"fusion-image-element fusion-image-align-center in-legacy-container\" style=\"text-align:center;--awb-caption-title-font-family:var(--h2_typography-font-family);--awb-caption-title-font-weight:var(--h2_typography-font-weight);--awb-caption-title-font-style:var(--h2_typography-font-style);--awb-caption-title-size:var(--h2_typography-font-size);--awb-caption-title-transform:var(--h2_typography-text-transform);--awb-caption-title-line-height:var(--h2_typography-line-height);--awb-caption-title-letter-spacing:var(--h2_typography-letter-spacing);\"><div class=\"imageframe-align-center\"><span class=\" fusion-imageframe imageframe-none imageframe-2 hover-type-none\"><img decoding=\"async\" width=\"670\" height=\"200\" title=\"Servicio T\u00e9cnico Ingenier\u00eda Magapor\" src=\"https:\/\/magapor.com\/\/wp-content\/uploads\/2016\/11\/servicio-tecnico-ingenieria.jpg\" alt class=\"img-responsive wp-image-15641\" srcset=\"https:\/\/magapor.com\/wp-content\/uploads\/2016\/11\/servicio-tecnico-ingenieria-200x60.jpg 200w, https:\/\/magapor.com\/wp-content\/uploads\/2016\/11\/servicio-tecnico-ingenieria-400x119.jpg 400w, https:\/\/magapor.com\/wp-content\/uploads\/2016\/11\/servicio-tecnico-ingenieria-600x179.jpg 600w, https:\/\/magapor.com\/wp-content\/uploads\/2016\/11\/servicio-tecnico-ingenieria.jpg 670w\" sizes=\"(max-width: 800px) 100vw, 600px\" \/><\/span><\/div><\/div><h2><div class=\"fusion-align-block\"><a class=\"fusion-button button-flat fusion-button-default-size button-default fusion-button-default button-2 fusion-button-span-yes fusion-button-default-type\" target=\"_self\" href=\"https:\/\/magapor.com\/pt-br\/departamento-tecnico\/servico-tecnico\/servico-tecnico-engenharia\/\"><span class=\"fusion-button-text awb-button__text awb-button__text--default fusion-button-text-right\">SERVI\u00c7O T\u00c9CNICO DE ENGENHARIA<\/span><span class=\"fusion-button-icon-divider button-icon-divider-right\"><i class=\"fa-chevron-right fas awb-button__icon awb-button__icon--default\" aria-hidden=\"true\"><\/i><\/span><\/a><\/div><\/h2><div class=\"fusion-clearfix\"><\/div><\/div><\/div><\/div><\/div>\n","protected":false},"excerpt":{"rendered":"","protected":false},"author":1,"featured_media":0,"parent":15169,"menu_order":0,"comment_status":"closed","ping_status":"closed","template":"","meta":{"footnotes":""},"class_list":["post-15194","page","type-page","status-publish","hentry"],"_links":{"self":[{"href":"https:\/\/magapor.com\/pt-br\/wp-json\/wp\/v2\/pages\/15194","targetHints":{"allow":["GET"]}}],"collection":[{"href":"https:\/\/magapor.com\/pt-br\/wp-json\/wp\/v2\/pages"}],"about":[{"href":"https:\/\/magapor.com\/pt-br\/wp-json\/wp\/v2\/types\/page"}],"author":[{"embeddable":true,"href":"https:\/\/magapor.com\/pt-br\/wp-json\/wp\/v2\/users\/1"}],"replies":[{"embeddable":true,"href":"https:\/\/magapor.com\/pt-br\/wp-json\/wp\/v2\/comments?post=15194"}],"version-history":[{"count":5,"href":"https:\/\/magapor.com\/pt-br\/wp-json\/wp\/v2\/pages\/15194\/revisions"}],"predecessor-version":[{"id":19473,"href":"https:\/\/magapor.com\/pt-br\/wp-json\/wp\/v2\/pages\/15194\/revisions\/19473"}],"up":[{"embeddable":true,"href":"https:\/\/magapor.com\/pt-br\/wp-json\/wp\/v2\/pages\/15169"}],"wp:attachment":[{"href":"https:\/\/magapor.com\/pt-br\/wp-json\/wp\/v2\/media?parent=15194"}],"curies":[{"name":"wp","href":"https:\/\/api.w.org\/{rel}","templated":true}]}}