{"id":15189,"date":"2026-02-27T09:37:22","date_gmt":"2026-02-27T09:37:22","guid":{"rendered":"https:\/\/magapor.com\/?page_id=15189"},"modified":"2026-02-27T09:39:35","modified_gmt":"2026-02-27T09:39:35","slug":"pdi","status":"publish","type":"page","link":"https:\/\/magapor.com\/pt-br\/departamento-tecnico\/pdi\/","title":{"rendered":"P&#038;D&#038;I"},"content":{"rendered":"<div class=\"fusion-fullwidth fullwidth-box fusion-builder-row-1 nonhundred-percent-fullwidth non-hundred-percent-height-scrolling\" style=\"--awb-border-radius-top-left:0px;--awb-border-radius-top-right:0px;--awb-border-radius-bottom-right:0px;--awb-border-radius-bottom-left:0px;--awb-padding-top:0px;--awb-padding-bottom:20px;--awb-margin-top:0px;--awb-flex-wrap:wrap;\" ><div class=\"fusion-builder-row fusion-row\"><div class=\"fusion-layout-column fusion_builder_column fusion-builder-column-0 fusion_builder_column_1_2 1_2 fusion-one-half fusion-column-first\" style=\"--awb-bg-size:cover;width:50%;width:calc(50% - ( ( 4% ) * 0.5 ) );margin-right: 4%;\"><div class=\"fusion-column-wrapper fusion-flex-column-wrapper-legacy\"><div class=\"fusion-title title fusion-title-1 fusion-sep-none fusion-title-text fusion-title-size-one\"><h1 class=\"fusion-title-heading title-heading-left\" style=\"margin:0;\"><div class=\"flex flex-col text-sm pb-25\">\n<article class=\"text-token-text-primary w-full focus:outline-none &#091;--shadow-height:45px&#093; has-data-writing-block:pointer-events-none has-data-writing-block:-mt-(--shadow-height) has-data-writing-block:pt-(--shadow-height) &#091;&amp;:has(&#091;data-writing-block&#093;)&gt;*&#093;:pointer-events-auto scroll-mt-&#091;calc(var(--header-height)+min(200px,max(70px,20svh)))&#093;\" dir=\"auto\" tabindex=\"-1\" data-turn-id=\"request-699d7e15-dea0-8330-ab3d-3a32fe36317e-0\" data-testid=\"conversation-turn-380\" data-scroll-anchor=\"true\" data-turn=\"assistant\">\n<div class=\"text-base my-auto mx-auto pb-10 &#091;--thread-content-margin:--spacing(4)&#093; @w-sm\/main:&#091;--thread-content-margin:--spacing(6)&#093; @w-lg\/main:&#091;--thread-content-margin:--spacing(16)&#093; px-(--thread-content-margin)\">\n<div class=\"&#091;--thread-content-max-width:40rem&#093; @w-lg\/main:&#091;--thread-content-max-width:48rem&#093; mx-auto max-w-(--thread-content-max-width) flex-1 group\/turn-messages focus-visible:outline-hidden relative flex w-full min-w-0 flex-col agent-turn\" tabindex=\"-1\">\n<div class=\"flex max-w-full flex-col grow\">\n<div class=\"min-h-8 text-message relative flex w-full flex-col items-end gap-2 text-start break-words whitespace-normal &#091;.text-message+&amp;&#093;:mt-1\" dir=\"auto\" data-message-author-role=\"assistant\" data-message-id=\"7a6508ac-6414-4708-b558-8e15a7d7c7e2\" data-message-model-slug=\"gpt-5-2\">\n<div class=\"flex w-full flex-col gap-1 empty:hidden first:pt-&#091;1px&#093;\">\n<div class=\"markdown prose dark:prose-invert w-full wrap-break-word light markdown-new-styling\">\n<p data-start=\"0\" data-end=\"5\" data-is-last-node=\"\" data-is-only-node=\"\">P&amp;D&amp;I<\/p>\n<\/div>\n<\/div>\n<\/div>\n<\/div>\n<\/div>\n<\/div>\n<\/article>\n<\/div><\/h1><\/div><div class=\"fusion-text fusion-text-1\"><div class=\"subtitulo\">\n<p>P&amp;D&amp;I COM UM MARCADO COMPONENTE PR\u00c1TICO.<\/p>\n<\/div>\n<\/div><div class=\"fusion-text fusion-text-2\"><p>Temos o objetivo de desenvolver produtos que ajudem nossos clientes a trabalhar melhor e ser mais eficientes.<\/p>\n<p>Nosso equipe de P&amp;D&amp;I est\u00e1 constitu\u00eddo por dois departamentos: P&amp;D&amp;I Biotecnologia e P&amp;D&amp;I Engenharia.<\/p>\n<\/div><div class=\"fusion-clearfix\"><\/div><\/div><\/div><div class=\"fusion-layout-column fusion_builder_column fusion-builder-column-1 fusion_builder_column_1_2 1_2 fusion-one-half fusion-column-last\" style=\"--awb-bg-size:cover;width:50%;width:calc(50% - ( ( 4% ) * 0.5 ) );\"><div class=\"fusion-column-wrapper fusion-flex-column-wrapper-legacy\"><div class=\"fusion-image-element in-legacy-container\" style=\"--awb-margin-top:50px;--awb-caption-title-font-family:var(--h2_typography-font-family);--awb-caption-title-font-weight:var(--h2_typography-font-weight);--awb-caption-title-font-style:var(--h2_typography-font-style);--awb-caption-title-size:var(--h2_typography-font-size);--awb-caption-title-transform:var(--h2_typography-text-transform);--awb-caption-title-line-height:var(--h2_typography-line-height);--awb-caption-title-letter-spacing:var(--h2_typography-letter-spacing);\"><span class=\" fusion-imageframe imageframe-none imageframe-1 hover-type-none\"><img decoding=\"async\" width=\"775\" height=\"437\" title=\"Laboratorio de investigaci\u00f3n\" src=\"https:\/\/magapor.com\/\/wp-content\/uploads\/2016\/12\/investigacion_laboratorio_idi.jpg\" alt class=\"img-responsive wp-image-15559\" srcset=\"https:\/\/magapor.com\/wp-content\/uploads\/2016\/12\/investigacion_laboratorio_idi-200x113.jpg 200w, https:\/\/magapor.com\/wp-content\/uploads\/2016\/12\/investigacion_laboratorio_idi-400x226.jpg 400w, https:\/\/magapor.com\/wp-content\/uploads\/2016\/12\/investigacion_laboratorio_idi-600x338.jpg 600w, https:\/\/magapor.com\/wp-content\/uploads\/2016\/12\/investigacion_laboratorio_idi.jpg 775w\" sizes=\"(max-width: 800px) 100vw, 600px\" \/><\/span><\/div><div class=\"fusion-clearfix\"><\/div><\/div><\/div><\/div><\/div><div class=\"fusion-fullwidth fullwidth-box fusion-builder-row-2 fusion-flex-container nonhundred-percent-fullwidth non-hundred-percent-height-scrolling\" style=\"--awb-border-radius-top-left:0px;--awb-border-radius-top-right:0px;--awb-border-radius-bottom-right:0px;--awb-border-radius-bottom-left:0px;--awb-flex-wrap:wrap;\" ><div class=\"fusion-builder-row fusion-row fusion-flex-align-items-flex-start fusion-flex-content-wrap\" style=\"max-width:1144px;margin-left: calc(-4% \/ 2 );margin-right: calc(-4% \/ 2 );\"><div class=\"fusion-layout-column fusion_builder_column fusion-builder-column-2 fusion_builder_column_1_2 1_2 fusion-flex-column\" style=\"--awb-bg-size:cover;--awb-width-large:50%;--awb-margin-top-large:0px;--awb-spacing-right-large:3.84%;--awb-margin-bottom-large:20px;--awb-spacing-left-large:3.84%;--awb-width-medium:100%;--awb-order-medium:0;--awb-spacing-right-medium:1.92%;--awb-spacing-left-medium:1.92%;--awb-width-small:100%;--awb-order-small:0;--awb-spacing-right-small:1.92%;--awb-spacing-left-small:1.92%;\"><div class=\"fusion-column-wrapper fusion-column-has-shadow fusion-flex-justify-content-flex-start fusion-content-layout-column\"><div class=\"fusion-text fusion-text-3\"><h3>Ajudas \u00e0 nossa investiga\u00e7\u00e3o<\/h3>\n<\/div><div class=\"fusion-image-element \" style=\"--awb-caption-title-font-family:var(--h2_typography-font-family);--awb-caption-title-font-weight:var(--h2_typography-font-weight);--awb-caption-title-font-style:var(--h2_typography-font-style);--awb-caption-title-size:var(--h2_typography-font-size);--awb-caption-title-transform:var(--h2_typography-text-transform);--awb-caption-title-line-height:var(--h2_typography-line-height);--awb-caption-title-letter-spacing:var(--h2_typography-letter-spacing);\"><span class=\" fusion-imageframe imageframe-none imageframe-2 hover-type-none\"><img decoding=\"async\" width=\"783\" height=\"540\" title=\"Publicidad\" src=\"https:\/\/magapor.com\/\/wp-content\/uploads\/2024\/06\/Publicidad.png\" alt class=\"img-responsive wp-image-18895\" srcset=\"https:\/\/magapor.com\/wp-content\/uploads\/2024\/06\/Publicidad-200x138.png 200w, https:\/\/magapor.com\/wp-content\/uploads\/2024\/06\/Publicidad-400x276.png 400w, https:\/\/magapor.com\/wp-content\/uploads\/2024\/06\/Publicidad-600x414.png 600w, https:\/\/magapor.com\/wp-content\/uploads\/2024\/06\/Publicidad.png 783w\" sizes=\"(max-width: 1024px) 100vw, (max-width: 640px) 100vw, 600px\" \/><\/span><\/div><\/div><\/div><div class=\"fusion-layout-column fusion_builder_column fusion-builder-column-3 fusion_builder_column_1_2 1_2 fusion-flex-column\" style=\"--awb-bg-size:cover;--awb-width-large:50%;--awb-margin-top-large:0px;--awb-spacing-right-large:3.84%;--awb-margin-bottom-large:20px;--awb-spacing-left-large:3.84%;--awb-width-medium:100%;--awb-order-medium:0;--awb-spacing-right-medium:1.92%;--awb-spacing-left-medium:1.92%;--awb-width-small:100%;--awb-order-small:0;--awb-spacing-right-small:1.92%;--awb-spacing-left-small:1.92%;\"><div class=\"fusion-column-wrapper fusion-column-has-shadow fusion-flex-justify-content-flex-start fusion-content-layout-column\"><div class=\"fusion-image-element \" style=\"--awb-margin-top:80px;--awb-caption-title-font-family:var(--h2_typography-font-family);--awb-caption-title-font-weight:var(--h2_typography-font-weight);--awb-caption-title-font-style:var(--h2_typography-font-style);--awb-caption-title-size:var(--h2_typography-font-size);--awb-caption-title-transform:var(--h2_typography-text-transform);--awb-caption-title-line-height:var(--h2_typography-line-height);--awb-caption-title-letter-spacing:var(--h2_typography-letter-spacing);\"><span class=\" fusion-imageframe imageframe-none imageframe-3 hover-type-none\"><img decoding=\"async\" width=\"600\" height=\"400\" title=\"Subvencion-vision-artificial\" src=\"https:\/\/magapor.com\/\/wp-content\/uploads\/2023\/03\/Subvencion-vision-artificial.jpg\" alt class=\"img-responsive wp-image-18198\" srcset=\"https:\/\/magapor.com\/wp-content\/uploads\/2023\/03\/Subvencion-vision-artificial-200x133.jpg 200w, https:\/\/magapor.com\/wp-content\/uploads\/2023\/03\/Subvencion-vision-artificial-400x267.jpg 400w, https:\/\/magapor.com\/wp-content\/uploads\/2023\/03\/Subvencion-vision-artificial.jpg 600w\" sizes=\"(max-width: 1024px) 100vw, (max-width: 640px) 100vw, 600px\" \/><\/span><\/div><\/div><\/div><\/div><\/div>\n","protected":false},"excerpt":{"rendered":"","protected":false},"author":1,"featured_media":0,"parent":15169,"menu_order":0,"comment_status":"closed","ping_status":"closed","template":"","meta":{"footnotes":""},"class_list":["post-15189","page","type-page","status-publish","hentry"],"_links":{"self":[{"href":"https:\/\/magapor.com\/pt-br\/wp-json\/wp\/v2\/pages\/15189","targetHints":{"allow":["GET"]}}],"collection":[{"href":"https:\/\/magapor.com\/pt-br\/wp-json\/wp\/v2\/pages"}],"about":[{"href":"https:\/\/magapor.com\/pt-br\/wp-json\/wp\/v2\/types\/page"}],"author":[{"embeddable":true,"href":"https:\/\/magapor.com\/pt-br\/wp-json\/wp\/v2\/users\/1"}],"replies":[{"embeddable":true,"href":"https:\/\/magapor.com\/pt-br\/wp-json\/wp\/v2\/comments?post=15189"}],"version-history":[{"count":3,"href":"https:\/\/magapor.com\/pt-br\/wp-json\/wp\/v2\/pages\/15189\/revisions"}],"predecessor-version":[{"id":15192,"href":"https:\/\/magapor.com\/pt-br\/wp-json\/wp\/v2\/pages\/15189\/revisions\/15192"}],"up":[{"embeddable":true,"href":"https:\/\/magapor.com\/pt-br\/wp-json\/wp\/v2\/pages\/15169"}],"wp:attachment":[{"href":"https:\/\/magapor.com\/pt-br\/wp-json\/wp\/v2\/media?parent=15189"}],"curies":[{"name":"wp","href":"https:\/\/api.w.org\/{rel}","templated":true}]}}