{"id":15169,"date":"2026-02-26T16:03:48","date_gmt":"2026-02-26T16:03:48","guid":{"rendered":"https:\/\/magapor.com\/?page_id=15169"},"modified":"2026-02-27T11:04:03","modified_gmt":"2026-02-27T11:04:03","slug":"departamento-tecnico","status":"publish","type":"page","link":"https:\/\/magapor.com\/pt-br\/departamento-tecnico\/","title":{"rendered":"Departamento t\u00e9cnico"},"content":{"rendered":"<div class=\"fusion-fullwidth fullwidth-box fusion-builder-row-1 nonhundred-percent-fullwidth non-hundred-percent-height-scrolling\" style=\"--awb-border-radius-top-left:0px;--awb-border-radius-top-right:0px;--awb-border-radius-bottom-right:0px;--awb-border-radius-bottom-left:0px;--awb-padding-top:0px;--awb-padding-bottom:20px;--awb-margin-top:0px;--awb-flex-wrap:wrap;\" ><div class=\"fusion-builder-row fusion-row\"><div class=\"fusion-layout-column fusion_builder_column fusion-builder-column-0 fusion_builder_column_1_1 1_1 fusion-one-full fusion-column-first fusion-column-last\" style=\"--awb-bg-size:cover;\"><div class=\"fusion-column-wrapper fusion-flex-column-wrapper-legacy\"><div class=\"fusion-title title fusion-title-1 fusion-sep-none fusion-title-text fusion-title-size-one\"><h1 class=\"fusion-title-heading title-heading-left\" style=\"margin:0;\">DEPARTAMENTO T\u00c9CNICO<\/h1><\/div><div class=\"fusion-clearfix\"><\/div><\/div><\/div><div class=\"fusion-layout-column fusion_builder_column fusion-builder-column-1 fusion_builder_column_1_2 1_2 fusion-one-half fusion-column-first\" style=\"--awb-bg-size:cover;width:50%;width:calc(50% - ( ( 4% ) * 0.5 ) );margin-right: 4%;\"><div class=\"fusion-column-wrapper fusion-flex-column-wrapper-legacy\"><div class=\"fusion-text fusion-text-1\"><div class=\"h2-departamento\">\n<p>Com experi\u00eancia no setor de reprodu\u00e7\u00e3o su\u00edna, nosso departamento t\u00e9cnico tem duas tarefas principais: desenvolver os projetos de P&amp;D&amp;I e oferecer solu\u00e7\u00f5es aos nossos clientes.<\/p>\n<\/div>\n<\/div><div class=\"fusion-text fusion-text-2\"><p>Dispomos de uma equipe altamente qualificada de car\u00e1ter multidisciplinar, que se divide em dois departamentos:<\/p>\n<\/div><ul style=\"--awb-size:13px;--awb-line-height:22.1px;--awb-icon-width:22.1px;--awb-icon-height:22.1px;--awb-icon-margin:9.1px;--awb-content-margin:31.2px;--awb-circlecolor:#ff6d29;--awb-circle-yes-font-size:11.44px;\" class=\"fusion-checklist fusion-checklist-1 fusion-checklist-default type-icons\" id=\"h3-departamento\"><li class=\"fusion-li-item\" style=\"\"><span class=\"icon-wrapper circle-yes\"><i class=\"fusion-li-icon awb-icon-check\" aria-hidden=\"true\"><\/i><\/span><div class=\"fusion-li-item-content\">\n<p>Departamento Veterin\u00e1rio<\/p>\n<div><\/div>\n<\/div><\/li><li class=\"fusion-li-item\" style=\"\"><span class=\"icon-wrapper circle-yes\"><i class=\"fusion-li-icon awb-icon-check\" aria-hidden=\"true\"><\/i><\/span><div class=\"fusion-li-item-content\">\n<p>Departamento de Engenharia<\/p>\n<div><\/div>\n<\/div><\/li><\/ul><div class=\"fusion-clearfix\"><\/div><\/div><\/div><div class=\"fusion-layout-column fusion_builder_column fusion-builder-column-2 fusion_builder_column_1_2 1_2 fusion-one-half fusion-column-last departamento\" style=\"--awb-padding-bottom:20px;--awb-bg-size:cover;width:50%;width:calc(50% - ( ( 4% ) * 0.5 ) );\"><div class=\"fusion-column-wrapper fusion-flex-column-wrapper-legacy\"><div class=\"fusion-image-element fusion-image-align-center in-legacy-container\" style=\"text-align:center;--awb-caption-title-font-family:var(--h2_typography-font-family);--awb-caption-title-font-weight:var(--h2_typography-font-weight);--awb-caption-title-font-style:var(--h2_typography-font-style);--awb-caption-title-size:var(--h2_typography-font-size);--awb-caption-title-transform:var(--h2_typography-text-transform);--awb-caption-title-line-height:var(--h2_typography-line-height);--awb-caption-title-letter-spacing:var(--h2_typography-letter-spacing);\"><div class=\"imageframe-align-center\"><span class=\" fusion-imageframe imageframe-none imageframe-1 hover-type-none\"><img decoding=\"async\" width=\"670\" height=\"200\" title=\"Servicio T\u00e9cnico Magapor\" src=\"https:\/\/magapor.com\/\/wp-content\/uploads\/2016\/11\/servicio-tecnico-1.jpg\" alt class=\"img-responsive wp-image-15632\" srcset=\"https:\/\/magapor.com\/wp-content\/uploads\/2016\/11\/servicio-tecnico-1-200x60.jpg 200w, https:\/\/magapor.com\/wp-content\/uploads\/2016\/11\/servicio-tecnico-1-400x119.jpg 400w, https:\/\/magapor.com\/wp-content\/uploads\/2016\/11\/servicio-tecnico-1-600x179.jpg 600w, https:\/\/magapor.com\/wp-content\/uploads\/2016\/11\/servicio-tecnico-1.jpg 670w\" sizes=\"(max-width: 800px) 100vw, 600px\" \/><\/span><\/div><\/div><div class=\"fusion-align-block\"><a class=\"fusion-button button-flat fusion-button-default-size button-default fusion-button-default button-1 fusion-button-span-yes fusion-button-default-type\" target=\"_self\" href=\"https:\/\/magapor.com\/pt-br\/departamento-tecnico\/servico-tecnico\/ \"><span class=\"fusion-button-text awb-button__text awb-button__text--default fusion-button-text-right\">SERVI\u00c7O T\u00c9CNICO<\/span><span class=\"fusion-button-icon-divider button-icon-divider-right\"><i class=\"fa-chevron-right fas awb-button__icon awb-button__icon--default\" aria-hidden=\"true\"><\/i><\/span><\/a><\/div><div class=\"fusion-image-element fusion-image-align-center in-legacy-container\" style=\"text-align:center;--awb-caption-title-font-family:var(--h2_typography-font-family);--awb-caption-title-font-weight:var(--h2_typography-font-weight);--awb-caption-title-font-style:var(--h2_typography-font-style);--awb-caption-title-size:var(--h2_typography-font-size);--awb-caption-title-transform:var(--h2_typography-text-transform);--awb-caption-title-line-height:var(--h2_typography-line-height);--awb-caption-title-letter-spacing:var(--h2_typography-letter-spacing);\"><div class=\"imageframe-align-center\"><span class=\" fusion-imageframe imageframe-none imageframe-2 hover-type-none margen-superior\"><img decoding=\"async\" width=\"670\" height=\"200\" title=\"Investigaci\u00f3n Desarrollo e Innovaci\u00f3n\" src=\"https:\/\/magapor.com\/\/wp-content\/uploads\/2016\/11\/idi-1.jpg\" alt class=\"img-responsive wp-image-15635\" srcset=\"https:\/\/magapor.com\/wp-content\/uploads\/2016\/11\/idi-1-200x60.jpg 200w, https:\/\/magapor.com\/wp-content\/uploads\/2016\/11\/idi-1-400x119.jpg 400w, https:\/\/magapor.com\/wp-content\/uploads\/2016\/11\/idi-1-600x179.jpg 600w, https:\/\/magapor.com\/wp-content\/uploads\/2016\/11\/idi-1.jpg 670w\" sizes=\"(max-width: 800px) 100vw, 600px\" \/><\/span><\/div><\/div><div class=\"fusion-align-block\"><a class=\"fusion-button button-flat fusion-button-default-size button-default fusion-button-default button-2 fusion-button-span-yes fusion-button-default-type\" target=\"_self\" href=\"https:\/\/magapor.com\/pt-br\/departamento-tecnico\/pdi\/\"><span class=\"fusion-button-text awb-button__text awb-button__text--default fusion-button-text-right\">P&amp;D&amp;I<\/span><span class=\"fusion-button-icon-divider button-icon-divider-right\"><i class=\"fa-chevron-right fas awb-button__icon awb-button__icon--default\" aria-hidden=\"true\"><\/i><\/span><\/a><\/div><div class=\"fusion-clearfix\"><\/div><\/div><\/div><div class=\"fusion-layout-column fusion_builder_column fusion-builder-column-3 fusion_builder_column_1_1 1_1 fusion-one-full fusion-column-first fusion-column-last\" style=\"--awb-bg-size:cover;\"><div class=\"fusion-column-wrapper fusion-column-has-shadow fusion-flex-column-wrapper-legacy\"><div class=\"fusion-text fusion-text-3\"><h3 style=\"text-align: left;\">Ajuda \u00e0 Certifica\u00e7\u00e3o Internacional<\/h3>\n<\/div><div class=\"fusion-image-element in-legacy-container\" style=\"--awb-caption-title-font-family:var(--h2_typography-font-family);--awb-caption-title-font-weight:var(--h2_typography-font-weight);--awb-caption-title-font-style:var(--h2_typography-font-style);--awb-caption-title-size:var(--h2_typography-font-size);--awb-caption-title-transform:var(--h2_typography-text-transform);--awb-caption-title-line-height:var(--h2_typography-line-height);--awb-caption-title-letter-spacing:var(--h2_typography-letter-spacing);\"><span class=\" fusion-imageframe imageframe-none imageframe-3 hover-type-none\"><img decoding=\"async\" width=\"2394\" height=\"136\" title=\"Captura de pantalla 2025-07-15 134944\" src=\"https:\/\/magapor.com\/\/wp-content\/uploads\/2025\/07\/Captura-de-pantalla-2025-07-15-134944.png\" alt class=\"img-responsive wp-image-19216\" srcset=\"https:\/\/magapor.com\/wp-content\/uploads\/2025\/07\/Captura-de-pantalla-2025-07-15-134944-200x11.png 200w, https:\/\/magapor.com\/wp-content\/uploads\/2025\/07\/Captura-de-pantalla-2025-07-15-134944-400x23.png 400w, https:\/\/magapor.com\/wp-content\/uploads\/2025\/07\/Captura-de-pantalla-2025-07-15-134944-600x34.png 600w, https:\/\/magapor.com\/wp-content\/uploads\/2025\/07\/Captura-de-pantalla-2025-07-15-134944-800x45.png 800w, https:\/\/magapor.com\/wp-content\/uploads\/2025\/07\/Captura-de-pantalla-2025-07-15-134944-1200x68.png 1200w, https:\/\/magapor.com\/wp-content\/uploads\/2025\/07\/Captura-de-pantalla-2025-07-15-134944.png 2394w\" sizes=\"(max-width: 800px) 100vw, 1200px\" \/><\/span><\/div><div class=\"fusion-text fusion-text-4\" style=\"--awb-margin-top:30px;\"><div class=\"x_x_x_elementToProof\" style=\"text-align: center;\"><b data-olk-copy-source=\"MessageBody\">PROGRAMA MENTORING E APOIO \u00c0 INTERNACIONALIZA\u00c7\u00c3O<\/b><\/div>\n<div class=\"x_x_x_elementToProof\" style=\"text-align: center;\">Plano de Recupera\u00e7\u00e3o, Transforma\u00e7\u00e3o e Resili\u00eancia (PRTR)<\/div>\n<div class=\"x_x_x_elementToProof\" style=\"text-align: center;\">Linha de Ajudas 2025 de Certifica\u00e7\u00e3o Internacional da C\u00e2mara Oficial de Com\u00e9rcio.<\/div>\n<div class=\"x_x_x_elementToProof\" style=\"text-align: center;\"><b>Certifica\u00e7\u00e3o GMP+ (Good Manufacturing Practice)<\/b><\/div>\n<\/div><div class=\"fusion-image-element fusion-image-align-center in-legacy-container\" style=\"text-align:center;--awb-caption-title-font-family:var(--h2_typography-font-family);--awb-caption-title-font-weight:var(--h2_typography-font-weight);--awb-caption-title-font-style:var(--h2_typography-font-style);--awb-caption-title-size:var(--h2_typography-font-size);--awb-caption-title-transform:var(--h2_typography-text-transform);--awb-caption-title-line-height:var(--h2_typography-line-height);--awb-caption-title-letter-spacing:var(--h2_typography-letter-spacing);\"><div class=\"imageframe-align-center\"><span class=\" fusion-imageframe imageframe-none imageframe-4 hover-type-none\"><img decoding=\"async\" width=\"193\" height=\"145\" title=\"Captura de pantalla 2025-07-15 140755\" src=\"https:\/\/magapor.com\/\/wp-content\/uploads\/2025\/07\/Captura-de-pantalla-2025-07-15-140755.png\" alt class=\"img-responsive wp-image-19219\"\/><\/span><\/div><\/div><div class=\"fusion-clearfix\"><\/div><\/div><\/div><\/div><\/div>\n","protected":false},"excerpt":{"rendered":"","protected":false},"author":1,"featured_media":0,"parent":0,"menu_order":0,"comment_status":"closed","ping_status":"closed","template":"","meta":{"footnotes":""},"class_list":["post-15169","page","type-page","status-publish","hentry"],"_links":{"self":[{"href":"https:\/\/magapor.com\/pt-br\/wp-json\/wp\/v2\/pages\/15169","targetHints":{"allow":["GET"]}}],"collection":[{"href":"https:\/\/magapor.com\/pt-br\/wp-json\/wp\/v2\/pages"}],"about":[{"href":"https:\/\/magapor.com\/pt-br\/wp-json\/wp\/v2\/types\/page"}],"author":[{"embeddable":true,"href":"https:\/\/magapor.com\/pt-br\/wp-json\/wp\/v2\/users\/1"}],"replies":[{"embeddable":true,"href":"https:\/\/magapor.com\/pt-br\/wp-json\/wp\/v2\/comments?post=15169"}],"version-history":[{"count":10,"href":"https:\/\/magapor.com\/pt-br\/wp-json\/wp\/v2\/pages\/15169\/revisions"}],"predecessor-version":[{"id":19462,"href":"https:\/\/magapor.com\/pt-br\/wp-json\/wp\/v2\/pages\/15169\/revisions\/19462"}],"wp:attachment":[{"href":"https:\/\/magapor.com\/pt-br\/wp-json\/wp\/v2\/media?parent=15169"}],"curies":[{"name":"wp","href":"https:\/\/api.w.org\/{rel}","templated":true}]}}