{"id":15107,"date":"2026-02-26T10:25:10","date_gmt":"2026-02-26T10:25:10","guid":{"rendered":"https:\/\/magapor.com\/?page_id=15107"},"modified":"2026-02-27T09:56:02","modified_gmt":"2026-02-27T09:56:02","slug":"rsc","status":"publish","type":"page","link":"https:\/\/magapor.com\/pt-br\/rsc\/","title":{"rendered":"RSC"},"content":{"rendered":"<div class=\"fusion-fullwidth fullwidth-box fusion-builder-row-1 nonhundred-percent-fullwidth non-hundred-percent-height-scrolling\" style=\"--awb-border-radius-top-left:0px;--awb-border-radius-top-right:0px;--awb-border-radius-bottom-right:0px;--awb-border-radius-bottom-left:0px;--awb-padding-top:0px;--awb-padding-bottom:0px;--awb-margin-top:0px;--awb-margin-bottom:0px;--awb-flex-wrap:wrap;\" ><div class=\"fusion-builder-row fusion-row\"><div class=\"fusion-layout-column fusion_builder_column fusion-builder-column-0 fusion_builder_column_1_1 1_1 fusion-one-full fusion-column-first fusion-column-last\" style=\"--awb-bg-size:cover;\"><div class=\"fusion-column-wrapper fusion-flex-column-wrapper-legacy\"><div class=\"fusion-title title fusion-title-1 fusion-sep-none fusion-title-text fusion-title-size-one\"><h1 class=\"fusion-title-heading title-heading-left\" style=\"margin:0;\">RSC<\/h1><\/div><div class=\"fusion-clearfix\"><\/div><\/div><\/div><\/div><\/div><div class=\"fusion-fullwidth fullwidth-box fusion-builder-row-2 nonhundred-percent-fullwidth non-hundred-percent-height-scrolling\" style=\"--awb-border-radius-top-left:0px;--awb-border-radius-top-right:0px;--awb-border-radius-bottom-right:0px;--awb-border-radius-bottom-left:0px;--awb-padding-top:0px;--awb-padding-bottom:40px;--awb-margin-top:0px;--awb-flex-wrap:wrap;\" ><div class=\"fusion-builder-row fusion-row\"><div class=\"fusion-layout-column fusion_builder_column fusion-builder-column-1 fusion_builder_column_4_5 4_5 fusion-four-fifth fusion-column-first\" style=\"--awb-bg-color:#fdfdfd;--awb-bg-color-hover:#fdfdfd;--awb-bg-size:cover;width:80%;width:calc(80% - ( ( 4% ) * 0.8 ) );margin-right: 4%;\"><div class=\"fusion-column-wrapper fusion-flex-column-wrapper-legacy\"><div class=\"fusion-text fusion-text-1\"><div class=\"testimonio-director-rsc\">\n<p><em><span style=\"color: #808080;\">\u201c<\/span>Nosso plano estrat\u00e9gico de Responsabilidade Social Corporativa (RSC) est\u00e1 direcionado a promover a integra\u00e7\u00e3o das preocupa\u00e7\u00f5es econ\u00f4micas, sociais e ambientais tanto nas opera\u00e7\u00f5es comerciais quanto em todas as rela\u00e7\u00f5es, gerando valor em cada uma das a\u00e7\u00f5es. Acreditamos que o mundo do futuro deve ser um mundo diferente e melhor, no qual a Magapor desempenhar\u00e1 um papel dinamizador, uma fun\u00e7\u00e3o que n\u00e3o se limita apenas ao \u00e2mbito econ\u00f4mico, mas tamb\u00e9m ao social e ao ambiental, para alcan\u00e7ar um futuro sustent\u00e1vel.<span style=\"color: #808080;\">\u201d<\/span><\/em><\/p>\n<p style=\"text-align: right; margin-bottom: 0;\"><span style=\"color: #747474;\"><strong>Jes\u00fas Mena<\/strong> &#8211; DIRETOR-GERAL<\/span><\/p>\n<\/div>\n<\/div><div class=\"fusion-clearfix\"><\/div><\/div><\/div><div class=\"fusion-layout-column fusion_builder_column fusion-builder-column-2 fusion_builder_column_1_5 1_5 fusion-one-fifth fusion-column-last margen-inferior\" style=\"--awb-bg-size:cover;width:20%;width:calc(20% - ( ( 4% ) * 0.2 ) );\"><div class=\"fusion-column-wrapper fusion-flex-column-wrapper-legacy\"><div class=\"fusion-image-element fusion-image-align-center in-legacy-container\" style=\"text-align:center;--awb-caption-title-font-family:var(--h2_typography-font-family);--awb-caption-title-font-weight:var(--h2_typography-font-weight);--awb-caption-title-font-style:var(--h2_typography-font-style);--awb-caption-title-size:var(--h2_typography-font-size);--awb-caption-title-transform:var(--h2_typography-text-transform);--awb-caption-title-line-height:var(--h2_typography-line-height);--awb-caption-title-letter-spacing:var(--h2_typography-letter-spacing);\"><div class=\"imageframe-align-center\"><span class=\" fusion-imageframe imageframe-none imageframe-1 hover-type-none\"><img decoding=\"async\" width=\"200\" height=\"200\" title=\"Responsabilidad Social Corporativa\" src=\"https:\/\/magapor.com\/\/wp-content\/uploads\/2016\/11\/rsc.png\" alt class=\"img-responsive wp-image-15621\" srcset=\"https:\/\/magapor.com\/wp-content\/uploads\/2016\/11\/rsc-66x66.png 66w, https:\/\/magapor.com\/wp-content\/uploads\/2016\/11\/rsc-150x150.png 150w, https:\/\/magapor.com\/wp-content\/uploads\/2016\/11\/rsc.png 200w\" sizes=\"(max-width: 200px) 100vw, 200px\" \/><\/span><\/div><\/div><div class=\"fusion-clearfix\"><\/div><\/div><\/div><\/div><\/div><div class=\"fusion-fullwidth fullwidth-box fusion-builder-row-3 nonhundred-percent-fullwidth non-hundred-percent-height-scrolling\" style=\"--awb-border-radius-top-left:0px;--awb-border-radius-top-right:0px;--awb-border-radius-bottom-right:0px;--awb-border-radius-bottom-left:0px;--awb-padding-top:20px;--awb-padding-bottom:0px;--awb-margin-top:0px;--awb-margin-bottom:0px;--awb-flex-wrap:wrap;\" ><div class=\"fusion-builder-row fusion-row\"><div class=\"fusion-layout-column fusion_builder_column fusion-builder-column-3 fusion_builder_column_1_1 1_1 fusion-one-full fusion-column-first fusion-column-last\" style=\"--awb-padding-top:10px;--awb-padding-bottom:0px;--awb-bg-size:cover;--awb-margin-bottom:0px;\"><div class=\"fusion-column-wrapper fusion-flex-column-wrapper-legacy\"><div class=\"fusion-text fusion-text-2\"><div class=\"subtitulo\" style=\"text-align: center;\">\n<p>&nbsp;<\/p>\n<p style=\"text-align: left;\">Baixe <a href=\"https:\/\/magapor.com\/\/wp-content\/uploads\/2024\/09\/Memoria-RSC-2024.pdf\">aqui<\/a> o nosso Relat\u00f3rio de Responsabilidade Social Corporativa<\/p>\n<\/div>\n<div><\/div>\n<div><\/div>\n<div><\/div>\n<\/div><div class=\"fusion-clearfix\"><\/div><\/div><\/div><\/div><\/div><div class=\"fusion-fullwidth fullwidth-box fusion-builder-row-4 nonhundred-percent-fullwidth non-hundred-percent-height-scrolling toogle-gris\" style=\"--awb-border-radius-top-left:0px;--awb-border-radius-top-right:0px;--awb-border-radius-bottom-right:0px;--awb-border-radius-bottom-left:0px;--awb-margin-top:40px;--awb-flex-wrap:wrap;\" id=\"no-mostrar\" ><div class=\"fusion-builder-row fusion-row\"><div class=\"fusion-layout-column fusion_builder_column fusion-builder-column-4 fusion_builder_column_1_2 1_2 fusion-one-half fusion-column-first\" style=\"--awb-bg-size:cover;width:50%;width:calc(50% - ( ( 4% ) * 0.5 ) );margin-right: 4%;\"><div class=\"fusion-column-wrapper fusion-flex-column-wrapper-legacy\"><div class=\"accordian fusion-accordian\" style=\"--awb-border-size:1px;--awb-icon-size:16px;--awb-content-font-size:15px;--awb-icon-alignment:left;--awb-hover-color:#f9f9fb;--awb-border-color:#e2e2e2;--awb-background-color:#ffffff;--awb-divider-color:#e0dede;--awb-divider-hover-color:#e0dede;--awb-icon-color:#ffffff;--awb-title-color:#333333;--awb-content-color:#545454;--awb-icon-box-color:#cacaca;--awb-toggle-hover-accent-color:#ff6d29;--awb-title-font-family:&quot;Open Sans&quot;;--awb-title-font-weight:400;--awb-title-font-style:normal;--awb-title-font-size:13px;--awb-title-line-height:1.5;--awb-content-font-family:&quot;Open Sans&quot;;--awb-content-font-style:normal;--awb-content-font-weight:400;\"><div class=\"panel-group fusion-toggle-icon-boxed\" id=\"accordion-15107-1\"><div class=\"fusion-panel panel-default panel-b8be92ef71bb32472 fusion-toggle-has-divider\" style=\"--awb-title-color:#333333;--awb-content-color:#545454;\"><div class=\"panel-heading\"><h4 class=\"panel-title toggle\" id=\"toggle_b8be92ef71bb32472\"><a aria-expanded=\"false\" aria-controls=\"b8be92ef71bb32472\" role=\"button\" data-toggle=\"collapse\" data-parent=\"#accordion-15107-1\" data-target=\"#b8be92ef71bb32472\" href=\"#b8be92ef71bb32472\"><span class=\"fusion-toggle-icon-wrapper\" aria-hidden=\"true\"><i class=\"fa-fusion-box active-icon awb-icon-minus\" aria-hidden=\"true\"><\/i><i class=\"fa-fusion-box inactive-icon awb-icon-plus\" aria-hidden=\"true\"><\/i><\/span><span class=\"fusion-toggle-heading\">VIS\u00c3O DA RSC<\/span><\/a><\/h4><\/div><div id=\"b8be92ef71bb32472\" class=\"panel-collapse collapse \" aria-labelledby=\"toggle_b8be92ef71bb32472\"><div class=\"panel-body toggle-content fusion-clearfix\">\n<p data-start=\"62\" data-end=\"249\">A estrat\u00e9gia corporativa de RSC da Magapor \u00e9 o elo de liga\u00e7\u00e3o entre a Magapor e o seu entorno, tanto interno quanto externo, onde convergem as estrat\u00e9gias econ\u00f4mica, social e ambiental.<\/p>\n<p data-start=\"251\" data-end=\"399\">Nossa filosofia, orientada a oferecer solu\u00e7\u00f5es reais, permite-nos focar nas quest\u00f5es mais relevantes para o desenvolvimento de todos os elementos.<\/p>\n<p data-start=\"401\" data-end=\"607\">Consideramos que a empresa tem um papel significativo na transforma\u00e7\u00e3o da nossa sociedade. Por isso, porque todo poder implica uma responsabilidade, a nossa \u00e9 tornar a responsabilidade social sustent\u00e1vel.<\/p>\n<\/div><\/div><\/div><\/div><\/div><div class=\"fusion-clearfix\"><\/div><\/div><\/div><div class=\"fusion-layout-column fusion_builder_column fusion-builder-column-5 fusion_builder_column_1_2 1_2 fusion-one-half fusion-column-last\" style=\"--awb-bg-size:cover;width:50%;width:calc(50% - ( ( 4% ) * 0.5 ) );\"><div class=\"fusion-column-wrapper fusion-flex-column-wrapper-legacy\"><div class=\"accordian fusion-accordian\" style=\"--awb-border-size:1px;--awb-icon-size:16px;--awb-content-font-size:15px;--awb-icon-alignment:left;--awb-hover-color:#f9f9fb;--awb-border-color:#e2e2e2;--awb-background-color:#ffffff;--awb-divider-color:#e0dede;--awb-divider-hover-color:#e0dede;--awb-icon-color:#ffffff;--awb-title-color:#333333;--awb-content-color:#545454;--awb-icon-box-color:#cacaca;--awb-toggle-hover-accent-color:#ff6d29;--awb-title-font-family:&quot;Open Sans&quot;;--awb-title-font-weight:400;--awb-title-font-style:normal;--awb-title-font-size:13px;--awb-title-line-height:1.5;--awb-content-font-family:&quot;Open Sans&quot;;--awb-content-font-style:normal;--awb-content-font-weight:400;\"><div class=\"panel-group fusion-toggle-icon-boxed\" id=\"accordion-15107-2\"><div class=\"fusion-panel panel-default panel-3b7ba566a8f1ed856 fusion-toggle-has-divider\" style=\"--awb-title-color:#333333;--awb-content-color:#545454;\"><div class=\"panel-heading\"><h4 class=\"panel-title toggle\" id=\"toggle_3b7ba566a8f1ed856\"><a aria-expanded=\"false\" aria-controls=\"3b7ba566a8f1ed856\" role=\"button\" data-toggle=\"collapse\" data-parent=\"#accordion-15107-2\" data-target=\"#3b7ba566a8f1ed856\" href=\"#3b7ba566a8f1ed856\"><span class=\"fusion-toggle-icon-wrapper\" aria-hidden=\"true\"><i class=\"fa-fusion-box active-icon awb-icon-minus\" aria-hidden=\"true\"><\/i><i class=\"fa-fusion-box inactive-icon awb-icon-plus\" aria-hidden=\"true\"><\/i><\/span><span class=\"fusion-toggle-heading\"> CASH FLOW SOCIAL<\/span><\/a><\/h4><\/div><div id=\"3b7ba566a8f1ed856\" class=\"panel-collapse collapse \" aria-labelledby=\"toggle_3b7ba566a8f1ed856\"><div class=\"panel-body toggle-content fusion-clearfix\"><div class=\"fusion-builder-row fusion-builder-row-inner fusion-row\"><div class=\"fusion-layout-column fusion_builder_column_inner fusion-builder-nested-column-0 fusion_builder_column_inner_2_3 2_3 fusion-two-third fusion-column-first\" style=\"--awb-bg-size:cover;width:66.666666666667%;width:calc(66.666666666667% - ( ( 4% ) * 0.66666666666667 ) );margin-right: 4%;\"><div class=\"fusion-column-wrapper fusion-flex-column-wrapper-legacy\"><div class=\"fusion-text fusion-text-3\"><p data-start=\"76\" data-end=\"301\">O <strong data-start=\"78\" data-end=\"98\">Cash Flow social<\/strong> \u00e9 a redistribui\u00e7\u00e3o econ\u00f4mica das receitas geradas pela Magapor, direcionada aos seus grupos de interesse. Para a Magapor, \u00e9 um objetivo priorit\u00e1rio gerar um impulso econ\u00f4mico relevante em seu entorno.<\/p>\n<p data-start=\"303\" data-end=\"530\">45% do nosso Cash Flow de 2015 foi destinado ao pagamento de cr\u00e9ditos, o que nos credencia como uma entidade de confian\u00e7a e solvente. Os 30% destinados a sal\u00e1rios demonstram nosso compromisso com uma remunera\u00e7\u00e3o de qualidade.<\/p>\n<\/div><div class=\"fusion-clearfix\"><\/div><\/div><\/div><div class=\"fusion-layout-column fusion_builder_column_inner fusion-builder-nested-column-1 fusion_builder_column_inner_1_3 1_3 fusion-one-third fusion-column-last\" style=\"--awb-bg-size:cover;width:33.333333333333%;width:calc(33.333333333333% - ( ( 4% ) * 0.33333333333333 ) );\"><div class=\"fusion-column-wrapper fusion-flex-column-wrapper-legacy\"><div class=\"fusion-image-element in-legacy-container\" style=\"--awb-caption-title-font-family:var(--h2_typography-font-family);--awb-caption-title-font-weight:var(--h2_typography-font-weight);--awb-caption-title-font-style:var(--h2_typography-font-style);--awb-caption-title-size:var(--h2_typography-font-size);--awb-caption-title-transform:var(--h2_typography-text-transform);--awb-caption-title-line-height:var(--h2_typography-line-height);--awb-caption-title-letter-spacing:var(--h2_typography-letter-spacing);\"><span class=\" fusion-imageframe imageframe-none imageframe-2 hover-type-none\"><a href=\"https:\/\/magapor.com\/\/wp-content\/uploads\/2016\/11\/estadisticas_grande.jpg\" class=\"fusion-lightbox\" data-rel=\"iLightbox[fda073e96fb3c7ec49a]\" title=\"CASH FLOW SOCIAL\"><img decoding=\"async\" width=\"358\" height=\"500\" src=\"https:\/\/magapor.com\/\/wp-content\/uploads\/2016\/11\/estadisticas_peq.png\" alt class=\"img-responsive wp-image-15329\"\/><\/a><\/span><\/div><div class=\"fusion-clearfix\"><\/div><\/div><\/div><\/div><\/div><\/div><\/div><\/div><\/div><div class=\"fusion-clearfix\"><\/div><\/div><\/div><\/div><\/div><div class=\"fusion-fullwidth fullwidth-box fusion-builder-row-5 has-pattern-background has-mask-background fusion-parallax-none nonhundred-percent-fullwidth non-hundred-percent-height-scrolling\" style=\"--awb-border-radius-top-left:0px;--awb-border-radius-top-right:0px;--awb-border-radius-bottom-right:0px;--awb-border-radius-bottom-left:0px;--awb-padding-top:60px;--awb-padding-bottom:60px;--awb-background-image:url(&quot;https:\/\/magapor.com\/\/wp-content\/uploads\/2016\/11\/bg-rsc-1.jpg&quot;);--awb-background-size:cover;--awb-flex-wrap:wrap;\" ><div class=\"fusion-builder-row fusion-row\"><div class=\"fusion-layout-column fusion_builder_column fusion-builder-column-6 fusion_builder_column_1_2 1_2 fusion-one-half fusion-column-first\" style=\"--awb-bg-size:cover;width:50%;width:calc(50% - ( ( 4% ) * 0.5 ) );margin-right: 4%;\"><div class=\"fusion-column-wrapper fusion-flex-column-wrapper-legacy\"><div class=\"fusion-text fusion-text-4\"><div class=\"titulo\"><span style=\"color: #ffffff;\">COMPROMISSO COM O MEIO AMBIENTE<\/span><\/div>\n<p><span style=\"color: #ffffff;\">A empresa realiza um esfor\u00e7o constante nesta \u00e1rea, tornando p\u00fablica a inten\u00e7\u00e3o de alcan\u00e7ar uma melhoria cont\u00ednua e sustentada.<\/span><\/p>\n<\/div><div class=\"fusion-image-element in-legacy-container\" style=\"--awb-caption-title-font-family:var(--h2_typography-font-family);--awb-caption-title-font-weight:var(--h2_typography-font-weight);--awb-caption-title-font-style:var(--h2_typography-font-style);--awb-caption-title-size:var(--h2_typography-font-size);--awb-caption-title-transform:var(--h2_typography-text-transform);--awb-caption-title-line-height:var(--h2_typography-line-height);--awb-caption-title-letter-spacing:var(--h2_typography-letter-spacing);\"><span class=\" fusion-imageframe imageframe-none imageframe-3 hover-type-none\"><img decoding=\"async\" width=\"461\" height=\"91\" title=\"Logos Medioambiente\" src=\"https:\/\/magapor.com\/\/wp-content\/uploads\/2016\/11\/logos-medioambiente.png\" alt class=\"img-responsive wp-image-15338\" srcset=\"https:\/\/magapor.com\/wp-content\/uploads\/2016\/11\/logos-medioambiente-200x39.png 200w, https:\/\/magapor.com\/wp-content\/uploads\/2016\/11\/logos-medioambiente-400x79.png 400w, https:\/\/magapor.com\/wp-content\/uploads\/2016\/11\/logos-medioambiente.png 461w\" sizes=\"(max-width: 800px) 100vw, 461px\" \/><\/span><\/div><div class=\"fusion-clearfix\"><\/div><\/div><\/div><div class=\"fusion-layout-column fusion_builder_column fusion-builder-column-7 fusion_builder_column_1_2 1_2 fusion-one-half fusion-column-last huella-carbono\" style=\"--awb-bg-size:cover;width:50%;width:calc(50% - ( ( 4% ) * 0.5 ) );\"><div class=\"fusion-column-wrapper fusion-flex-column-wrapper-legacy\"><div class=\"fusion-text fusion-text-5\"><div class=\"titulo\" style=\"text-align: left;\"><span style=\"color: #ffffff;\">PEGADA DE CARBONO CALCULADA<\/span><\/div>\n<div style=\"float: left; width: 75%;\"><span style=\"color: #ffffff;\">O compromisso interno da Magapor com a preserva\u00e7\u00e3o do meio ambiente levou-nos a aderir voluntariamente \u00e0 iniciativa de Registro da Pegada de Carbono, obtendo o selo de escopo 1+2 do ano de 2015.<\/span><\/div>\n<div style=\"float: left;\"><img decoding=\"async\" class=\"size-full wp-image-573 alignright\" src=\"https:\/\/magapor.com\/\/wp-content\/uploads\/2016\/11\/logo-carbono.png\" alt=\"\" width=\"81\" height=\"91\" \/><\/div>\n<\/div><div class=\"fusion-clearfix\"><\/div><\/div><\/div><\/div><\/div><div class=\"fusion-fullwidth fullwidth-box fusion-builder-row-6 nonhundred-percent-fullwidth non-hundred-percent-height-scrolling\" style=\"--awb-border-radius-top-left:0px;--awb-border-radius-top-right:0px;--awb-border-radius-bottom-right:0px;--awb-border-radius-bottom-left:0px;--awb-padding-top:20px;--awb-padding-bottom:0px;--awb-margin-top:30px;--awb-margin-bottom:0px;--awb-flex-wrap:wrap;\" ><div class=\"fusion-builder-row fusion-row\"><div class=\"fusion-layout-column fusion_builder_column fusion-builder-column-8 fusion_builder_column_1_1 1_1 fusion-one-full fusion-column-first fusion-column-last\" style=\"--awb-padding-top:10px;--awb-padding-bottom:0px;--awb-bg-size:cover;--awb-margin-bottom:0px;\"><div class=\"fusion-column-wrapper fusion-flex-column-wrapper-legacy\"><div class=\"fusion-title title fusion-title-2 fusion-sep-none fusion-title-center fusion-title-text fusion-title-size-two\"><h2 class=\"fusion-title-heading title-heading-center\" style=\"margin:0;\">PESSOAS<\/h2><\/div><div class=\"fusion-text fusion-text-6\"><div class=\"subtitulo\" style=\"text-align: center;\">\n<p>O DIFERENCIAL DA MAGAPOR EST\u00c1 NO VALOR QUE A NOSSA EQUIPE AGREGA AO PROJETO<\/p>\n<\/div>\n<\/div><div class=\"fusion-text fusion-text-7\"><p data-start=\"76\" data-end=\"226\">Disp\u00f5e-se de uma equipe de trabalho profissional, especializada e altamente motivada, que \u00e9 fundamental para o alcance dos objetivos da empresa.<\/p>\n<p data-start=\"228\" data-end=\"397\">Um grupo de pessoas que a Magapor coloca ao servi\u00e7o de todos e que tamb\u00e9m est\u00e1 fortemente envolvido na promo\u00e7\u00e3o e realiza\u00e7\u00e3o de a\u00e7\u00f5es de Responsabilidade Social.<\/p>\n<\/div><div class=\"fusion-clearfix\"><\/div><\/div><\/div><div class=\"fusion-layout-column fusion_builder_column fusion-builder-column-9 fusion_builder_column_1_5 1_5 fusion-one-fifth fusion-column-first\" style=\"--awb-padding-bottom:0px;--awb-bg-size:cover;--awb-margin-bottom:0px;width:20%;width:calc(20% - ( ( 4% + 4% ) * 0.2 ) );margin-right: 4%;\"><div class=\"fusion-column-wrapper fusion-flex-column-wrapper-legacy\"><div class=\"fusion-clearfix\"><\/div><\/div><\/div><div class=\"fusion-layout-column fusion_builder_column fusion-builder-column-10 fusion_builder_column_3_5 3_5 fusion-three-fifth\" style=\"--awb-padding-bottom:0px;--awb-bg-size:cover;--awb-margin-bottom:0px;width:60%;width:calc(60% - ( ( 4% + 4% ) * 0.6 ) );margin-right: 4%;\"><div class=\"fusion-column-wrapper fusion-flex-column-wrapper-legacy\"><div class=\"fusion-image-element fusion-image-align-center in-legacy-container\" style=\"text-align:center;--awb-caption-title-font-family:var(--h2_typography-font-family);--awb-caption-title-font-weight:var(--h2_typography-font-weight);--awb-caption-title-font-style:var(--h2_typography-font-style);--awb-caption-title-size:var(--h2_typography-font-size);--awb-caption-title-transform:var(--h2_typography-text-transform);--awb-caption-title-line-height:var(--h2_typography-line-height);--awb-caption-title-letter-spacing:var(--h2_typography-letter-spacing);\"><div class=\"imageframe-align-center\"><span class=\" fusion-imageframe imageframe-none imageframe-4 hover-type-none\"><img decoding=\"async\" width=\"1200\" height=\"739\" title=\"Equipo Magapor\" src=\"https:\/\/magapor.com\/\/wp-content\/uploads\/2016\/11\/equipo_bn.jpg\" alt class=\"img-responsive wp-image-15505\" srcset=\"https:\/\/magapor.com\/wp-content\/uploads\/2016\/11\/equipo_bn-200x123.jpg 200w, https:\/\/magapor.com\/wp-content\/uploads\/2016\/11\/equipo_bn-400x246.jpg 400w, https:\/\/magapor.com\/wp-content\/uploads\/2016\/11\/equipo_bn-600x370.jpg 600w, https:\/\/magapor.com\/wp-content\/uploads\/2016\/11\/equipo_bn-800x493.jpg 800w, https:\/\/magapor.com\/wp-content\/uploads\/2016\/11\/equipo_bn.jpg 1200w\" sizes=\"(max-width: 800px) 100vw, 800px\" \/><\/span><\/div><\/div><div class=\"fusion-clearfix\"><\/div><\/div><\/div><div class=\"fusion-layout-column fusion_builder_column fusion-builder-column-11 fusion_builder_column_1_5 1_5 fusion-one-fifth fusion-column-last\" style=\"--awb-padding-bottom:0px;--awb-bg-size:cover;--awb-margin-bottom:0px;width:20%;width:calc(20% - ( ( 4% + 4% ) * 0.2 ) );\"><div class=\"fusion-column-wrapper fusion-flex-column-wrapper-legacy\"><div class=\"fusion-clearfix\"><\/div><\/div><\/div><\/div><\/div><div class=\"fusion-fullwidth fullwidth-box fusion-builder-row-7 nonhundred-percent-fullwidth non-hundred-percent-height-scrolling\" style=\"--awb-border-radius-top-left:0px;--awb-border-radius-top-right:0px;--awb-border-radius-bottom-right:0px;--awb-border-radius-bottom-left:0px;--awb-padding-top:60px;--awb-padding-bottom:30px;--awb-margin-bottom:0px;--awb-background-color:#f6f6f6;--awb-flex-wrap:wrap;\" ><div class=\"fusion-builder-row fusion-row\"><div class=\"fusion-layout-column fusion_builder_column fusion-builder-column-12 fusion_builder_column_1_1 1_1 fusion-one-full fusion-column-first fusion-column-last\" style=\"--awb-padding-bottom:0px;--awb-bg-size:cover;--awb-margin-bottom:0px;\"><div class=\"fusion-column-wrapper fusion-flex-column-wrapper-legacy\"><div class=\"fusion-title title fusion-title-3 fusion-sep-none fusion-title-text fusion-title-size-two\"><h2 class=\"fusion-title-heading title-heading-left\" style=\"margin:0;\">POL\u00cdTICA DE COMPLIANCE<\/h2><\/div><div class=\"fusion-clearfix\"><\/div><\/div><\/div><div class=\"fusion-layout-column fusion_builder_column fusion-builder-column-13 fusion_builder_column_1_2 1_2 fusion-one-half fusion-column-first\" style=\"--awb-padding-top:0px;--awb-padding-bottom:0px;--awb-bg-size:cover;--awb-margin-bottom:0px;width:50%;width:calc(50% - ( ( 4% ) * 0.5 ) );margin-right: 4%;\"><div class=\"fusion-column-wrapper fusion-flex-column-wrapper-legacy\"><div class=\"fusion-text fusion-text-8\"><div class=\"subtitulo\">\n<p>INTEGRIDADE E BOA PR\u00c1TICA: UM PRINC\u00cdPIO-CHAVE DA NOSSA EMPRESA DO PASSADO, DO PRESENTE E DO FUTURO<\/p>\n<\/div>\n<\/div><div class=\"fusion-text fusion-text-9\"><p data-start=\"76\" data-end=\"301\">Somos uma empresa confi\u00e1vel, justa, inovadora e orientada para a qualidade e para o cliente. Isso se reflete em nossa rigorosa observ\u00e2ncia das regulamenta\u00e7\u00f5es, tanto as pr\u00f3prias da Magapor quanto as do ordenamento jur\u00eddico. A Pol\u00edtica de Compliance da Magapor (Cumprimento Normativo) constitui a base para isso e foca em uma s\u00e9rie de princ\u00edpios que s\u00e3o de particular import\u00e2ncia no nosso dia a dia.<\/p>\n<\/div><div class=\"fusion-clearfix\"><\/div><\/div><\/div><div class=\"fusion-layout-column fusion_builder_column fusion-builder-column-14 fusion_builder_column_1_2 1_2 fusion-one-half fusion-column-last\" style=\"--awb-padding-bottom:0px;--awb-bg-size:cover;width:50%;width:calc(50% - ( ( 4% ) * 0.5 ) );\"><div class=\"fusion-column-wrapper fusion-flex-column-wrapper-legacy\"><div class=\"fusion-text fusion-text-10\"><p>Todos na Magapor s\u00e3o respons\u00e1veis por:<\/p>\n<\/div><ul style=\"--awb-size:10px;--awb-line-height:17px;--awb-icon-width:17px;--awb-icon-height:17px;--awb-icon-margin:7px;--awb-content-margin:24px;--awb-circlecolor:#ff6d29;--awb-circle-yes-font-size:8.8px;\" class=\"fusion-checklist fusion-checklist-1 fusion-checklist-default type-icons compania-valores\"><li class=\"fusion-li-item\" style=\"\"><span class=\"icon-wrapper circle-yes\"><i class=\"fusion-li-icon fa-check fas\" aria-hidden=\"true\"><\/i><\/span><div class=\"fusion-li-item-content\">\n<p>Cumprir a legisla\u00e7\u00e3o local.<\/p>\n<\/div><\/li><li class=\"fusion-li-item\" style=\"\"><span class=\"icon-wrapper circle-yes\"><i class=\"fusion-li-icon fa-check fas\" aria-hidden=\"true\"><\/i><\/span><div class=\"fusion-li-item-content\">\n<p>Solicitar orientaci\u00f3n y asistencia cuando se desconocen los requisitos de la ley o de las buenas pr\u00e1cticas comerciales.<\/p>\n<\/div><\/li><li class=\"fusion-li-item\" style=\"\"><span class=\"icon-wrapper circle-yes\"><i class=\"fusion-li-icon fa-check fas\" aria-hidden=\"true\"><\/i><\/span><div class=\"fusion-li-item-content\">\n<p>Denunciar condutas que se considerem violadoras das normas.<\/p>\n<\/div><\/li><\/ul><div class=\"fusion-text fusion-text-11\"><p>A gest\u00e3o adequada dos casos de descumprimento \u00e9 um elemento-chave do nosso Programa de Compliance. Todas as den\u00fancias s\u00e3o tratadas com objetividade e imparcialidade, e s\u00e3o adotadas as medidas necess\u00e1rias para corrigi-las e\/ou sancion\u00e1-las.<\/p>\n<\/div><div class=\"fusion-clearfix\"><\/div><\/div><\/div><\/div><\/div>\n","protected":false},"excerpt":{"rendered":"","protected":false},"author":1,"featured_media":0,"parent":0,"menu_order":0,"comment_status":"closed","ping_status":"closed","template":"100-width.php","meta":{"footnotes":""},"class_list":["post-15107","page","type-page","status-publish","hentry"],"_links":{"self":[{"href":"https:\/\/magapor.com\/pt-br\/wp-json\/wp\/v2\/pages\/15107","targetHints":{"allow":["GET"]}}],"collection":[{"href":"https:\/\/magapor.com\/pt-br\/wp-json\/wp\/v2\/pages"}],"about":[{"href":"https:\/\/magapor.com\/pt-br\/wp-json\/wp\/v2\/types\/page"}],"author":[{"embeddable":true,"href":"https:\/\/magapor.com\/pt-br\/wp-json\/wp\/v2\/users\/1"}],"replies":[{"embeddable":true,"href":"https:\/\/magapor.com\/pt-br\/wp-json\/wp\/v2\/comments?post=15107"}],"version-history":[{"count":9,"href":"https:\/\/magapor.com\/pt-br\/wp-json\/wp\/v2\/pages\/15107\/revisions"}],"predecessor-version":[{"id":15116,"href":"https:\/\/magapor.com\/pt-br\/wp-json\/wp\/v2\/pages\/15107\/revisions\/15116"}],"wp:attachment":[{"href":"https:\/\/magapor.com\/pt-br\/wp-json\/wp\/v2\/media?parent=15107"}],"curies":[{"name":"wp","href":"https:\/\/api.w.org\/{rel}","templated":true}]}}