{"id":14703,"date":"2026-02-20T11:22:49","date_gmt":"2026-02-20T11:22:49","guid":{"rendered":"http:\/\/51.45.34.180\/?page_id=14703"},"modified":"2026-03-16T16:28:13","modified_gmt":"2026-03-16T16:28:13","slug":"contato","status":"publish","type":"page","link":"https:\/\/magapor.com\/pt-br\/contato\/","title":{"rendered":"Contato"},"content":{"rendered":"<div class=\"fusion-fullwidth fullwidth-box fusion-builder-row-1 nonhundred-percent-fullwidth non-hundred-percent-height-scrolling\" style=\"--awb-border-radius-top-left:0px;--awb-border-radius-top-right:0px;--awb-border-radius-bottom-right:0px;--awb-border-radius-bottom-left:0px;--awb-padding-top:0px;--awb-padding-bottom:0px;--awb-margin-top:0px;--awb-margin-bottom:0px;--awb-flex-wrap:wrap;\" ><div class=\"fusion-builder-row fusion-row\"><div class=\"fusion-layout-column fusion_builder_column fusion-builder-column-0 fusion_builder_column_1_1 1_1 fusion-one-full fusion-column-first fusion-column-last\" style=\"--awb-padding-bottom:0px;--awb-bg-size:cover;--awb-margin-bottom:0px;\"><div class=\"fusion-column-wrapper fusion-flex-column-wrapper-legacy\"><div class=\"fusion-title title fusion-title-1 fusion-sep-none fusion-title-text fusion-title-size-one\"><h1 class=\"fusion-title-heading title-heading-left\" style=\"margin:0;\">CONTATO<\/h1><\/div><div class=\"fusion-clearfix\"><\/div><\/div><\/div><\/div><\/div><div class=\"fusion-fullwidth fullwidth-box fusion-builder-row-2 nonhundred-percent-fullwidth non-hundred-percent-height-scrolling contacto\" style=\"--awb-border-radius-top-left:0px;--awb-border-radius-top-right:0px;--awb-border-radius-bottom-right:0px;--awb-border-radius-bottom-left:0px;--awb-padding-top:0px;--awb-padding-bottom:20px;--awb-flex-wrap:wrap;\" ><div class=\"fusion-builder-row fusion-row\"><div class=\"fusion-layout-column fusion_builder_column fusion-builder-column-1 fusion_builder_column_1_2 1_2 fusion-one-half fusion-column-first\" style=\"--awb-bg-size:cover;width:50%;width:calc(50% - ( ( 4% ) * 0.5 ) );margin-right: 4%;\"><div class=\"fusion-column-wrapper fusion-flex-column-wrapper-legacy\"><div class=\"fusion-text fusion-text-1\">\n<div class=\"wpcf7 no-js\" id=\"wpcf7-f809-o1\" lang=\"es-ES\" dir=\"ltr\" data-wpcf7-id=\"809\">\n<div class=\"screen-reader-response\"><p role=\"status\" aria-live=\"polite\" aria-atomic=\"true\"><\/p> <ul><\/ul><\/div>\n<form action=\"\/pt-br\/wp-json\/wp\/v2\/pages\/14703#wpcf7-f809-o1\" method=\"post\" class=\"wpcf7-form init\" aria-label=\"Formulario de contacto\" novalidate=\"novalidate\" data-status=\"init\">\n<fieldset class=\"hidden-fields-container\"><input type=\"hidden\" name=\"_wpcf7\" value=\"809\" \/><input type=\"hidden\" name=\"_wpcf7_version\" value=\"6.1.5\" \/><input type=\"hidden\" name=\"_wpcf7_locale\" value=\"es_ES\" \/><input type=\"hidden\" name=\"_wpcf7_unit_tag\" value=\"wpcf7-f809-o1\" \/><input type=\"hidden\" name=\"_wpcf7_container_post\" value=\"0\" \/><input type=\"hidden\" name=\"_wpcf7_posted_data_hash\" value=\"\" \/><input type=\"hidden\" name=\"_wpcf7_recaptcha_response\" value=\"\" \/>\n<\/fieldset>\n<p><label> Nombre y apellidos<br \/>\n<span class=\"wpcf7-form-control-wrap\" data-name=\"your-name\"><input size=\"40\" maxlength=\"400\" class=\"wpcf7-form-control wpcf7-text wpcf7-validates-as-required\" aria-required=\"true\" aria-invalid=\"false\" value=\"\" type=\"text\" name=\"your-name\" \/><\/span> <\/label>\n<\/p>\n<p><label> Email<br \/>\n<span class=\"wpcf7-form-control-wrap\" data-name=\"your-email\"><input size=\"40\" maxlength=\"400\" class=\"wpcf7-form-control wpcf7-email wpcf7-validates-as-required wpcf7-text wpcf7-validates-as-email\" aria-required=\"true\" aria-invalid=\"false\" value=\"\" type=\"email\" name=\"your-email\" \/><\/span> <\/label>\n<\/p>\n<p><label> Pa\u00eds<br \/>\n<span class=\"wpcf7-form-control-wrap\" data-name=\"your-country\"><input size=\"40\" maxlength=\"400\" class=\"wpcf7-form-control wpcf7-text wpcf7-validates-as-required\" aria-required=\"true\" aria-invalid=\"false\" value=\"\" type=\"text\" name=\"your-country\" \/><\/span> <\/label>\n<\/p>\n<p><label> C\u00f3digo Postal<br \/>\n<span class=\"wpcf7-form-control-wrap\" data-name=\"your-PC\"><input size=\"40\" maxlength=\"400\" class=\"wpcf7-form-control wpcf7-text wpcf7-validates-as-required\" aria-required=\"true\" aria-invalid=\"false\" value=\"\" type=\"text\" name=\"your-PC\" \/><\/span> <\/label>\n<\/p>\n<p><label> Tel\u00e9fono<br \/>\n<span class=\"wpcf7-form-control-wrap\" data-name=\"tel-636\"><input size=\"40\" maxlength=\"400\" class=\"wpcf7-form-control wpcf7-tel wpcf7-validates-as-required wpcf7-text wpcf7-validates-as-tel\" aria-required=\"true\" aria-invalid=\"false\" value=\"\" type=\"tel\" name=\"tel-636\" \/><\/span> <\/label>\n<\/p>\n<p><label> Consulta<br \/>\n<span class=\"wpcf7-form-control-wrap\" data-name=\"your-message\"><textarea cols=\"40\" rows=\"10\" maxlength=\"2000\" class=\"wpcf7-form-control wpcf7-textarea\" aria-invalid=\"false\" name=\"your-message\"><\/textarea><\/span> <\/label>\n<\/p>\n<p><span class=\"wpcf7-form-control-wrap\" data-name=\"acceptance-43\"><span class=\"wpcf7-form-control wpcf7-acceptance\"><span class=\"wpcf7-list-item\"><input type=\"checkbox\" name=\"acceptance-43\" value=\"1\" aria-invalid=\"false\" \/><\/span><\/span><\/span> Acepto la <a href=\"https:\/\/magapor.com\/\/aviso-legal\/\" target=\"_blank\">pol\u00edtica de privacidad<\/a>\n<\/p>\n<p><input class=\"wpcf7-form-control wpcf7-submit has-spinner\" type=\"submit\" value=\"Enviar\" \/>\n<\/p>\n<div class=\"terminos-legales\">\n\t<p>En cumplimiento de con el Reglamento UE 2016\/679 General de Protecci\u00f3n de Datos y la legislaci\u00f3n Espa\u00f1ola vigente relativa a la Protecci\u00f3n de Datos de Car\u00e1cter Personal, MAGAPOR, S.L. le informa que mediante la aceptaci\u00f3n de las condiciones legales y la pol\u00edtica de privacidad Usted consiente expresamente que sus datos sean incorporados a un Registro de tratamiento cuyo responsable es MAGAPOR, S.L., con la \u00fanica finalidad de poder ofrecerle el servicio de tratamiento indicado por Usted o la informaci\u00f3n solicitada, sin que en ning\u00fan momento dichos datos puedan ser utilizados para una finalidad diferente.\n\t<\/p>\n\t<p>Los datos recogidos son almacenados bajo la confidencialidad y las medidas de seguridad legalmente establecidas y no ser\u00e1n cedidos ni compartidos con empresas ni entidades ajenas a MAGAPOR, S.L. Igualmente deseamos informarle que podr\u00e1 ejercer los derechos de acceso, rectificaci\u00f3n supresi\u00f3n, limitaci\u00f3n, olvido, portabilidad y oposici\u00f3n a trav\u00e9s de los siguientes medios:\n\t<\/p>\n\t<p>\u2022 E-mail: lopd@magapor.com<br \/>\n\u2022 Comunicaci\u00f3n escrita al responsable legal del fichero: MAGAPOR, S.L. Parque Cient\u00edfico Tecnol\u00f3gico Agroalimentario Valdeferrin- Aula Dei, Calle 5.50.600- Ejea de los Caballeros ( Zaragoza)\n\t<\/p>\n<\/div><div class=\"fusion-alert alert custom alert-custom fusion-alert-center wpcf7-response-output awb-alert-native-link-color alert-dismissable awb-alert-close-boxed\" style=\"--awb-border-size:1px;--awb-border-top-left-radius:0px;--awb-border-top-right-radius:0px;--awb-border-bottom-left-radius:0px;--awb-border-bottom-right-radius:0px;\" role=\"alert\"><div class=\"fusion-alert-content-wrapper\"><span class=\"fusion-alert-content\"><\/span><\/div><button type=\"button\" class=\"close toggle-alert\" data-dismiss=\"alert\" aria-label=\"Close\">&times;<\/button><\/div>\n<\/form>\n<\/div>\n\n<\/div><div class=\"fusion-clearfix\"><\/div><\/div><\/div><div class=\"fusion-layout-column fusion_builder_column fusion-builder-column-2 fusion_builder_column_1_2 1_2 fusion-one-half fusion-column-last\" style=\"--awb-bg-size:cover;width:50%;width:calc(50% - ( ( 4% ) * 0.5 ) );\"><div class=\"fusion-column-wrapper fusion-flex-column-wrapper-legacy\"><div class=\"fusion-tabs fusion-tabs-1 classic nav-is-justified horizontal-tabs icon-position-left mobile-mode-accordion\" style=\"--awb-title-border-radius-top-left:0px;--awb-title-border-radius-top-right:0px;--awb-title-border-radius-bottom-right:0px;--awb-title-border-radius-bottom-left:0px;--awb-alignment:start;--awb-inactive-color:#f7f7f7;--awb-background-color:#ffffff;--awb-border-color:#f7f7f7;--awb-active-border-color:#ff6d29;\"><div class=\"nav\"><ul class=\"nav-tabs nav-justified\" role=\"tablist\"><li class=\"active\" role=\"presentation\"><a class=\"tab-link\" data-toggle=\"tab\" role=\"tab\" aria-controls=\"tab-65f71c7802a5d076a9b\" aria-selected=\"true\" id=\"fusion-tab-magaporbrasil\" href=\"#tab-65f71c7802a5d076a9b\"><h4 class=\"fusion-tab-heading\">Magapor Brasil<\/h4><\/a><\/li><li role=\"presentation\"><a class=\"tab-link\" data-toggle=\"tab\" role=\"tab\" aria-controls=\"tab-b7bf3e1a8822352339b\" aria-selected=\"false\" tabindex=\"-1\" id=\"fusion-tab-magaporespa\u00f1a\" href=\"#tab-b7bf3e1a8822352339b\"><h4 class=\"fusion-tab-heading\">Magapor Espa\u00f1a<\/h4><\/a><\/li><li role=\"presentation\"><a class=\"tab-link\" data-toggle=\"tab\" role=\"tab\" aria-controls=\"tab-2169d9731da001401b1\" aria-selected=\"false\" tabindex=\"-1\" id=\"fusion-tab-magaporchina\" href=\"#tab-2169d9731da001401b1\"><h4 class=\"fusion-tab-heading\">Magapor China<\/h4><\/a><\/li><\/ul><\/div><div class=\"tab-content\"><div class=\"nav fusion-mobile-tab-nav\"><ul class=\"nav-tabs nav-justified\" role=\"tablist\"><li class=\"active\" role=\"presentation\"><a class=\"tab-link\" data-toggle=\"tab\" role=\"tab\" aria-controls=\"tab-65f71c7802a5d076a9b\" aria-selected=\"true\" id=\"mobile-fusion-tab-magaporbrasil\" href=\"#tab-65f71c7802a5d076a9b\"><h4 class=\"fusion-tab-heading\">Magapor Brasil<\/h4><\/a><\/li><\/ul><\/div><div class=\"tab-pane fade fusion-clearfix in active\" role=\"tabpanel\" tabindex=\"0\" aria-labelledby=\"fusion-tab-magaporbrasil\" id=\"tab-65f71c7802a5d076a9b\">\n<p><strong>ENDERE\u00c7O:<\/strong><br \/>\nAv Antonio Carlos Santin, 1650 Perimetral, Marau (RS) Brasil 99150-000<\/p>\n<p><strong>PABX:<\/strong> (+55) 54 3175 0380<\/p>\n<p><strong>MOB:<\/strong> (+55) 54 9 9671 9965<\/p>\n<\/div><div class=\"nav fusion-mobile-tab-nav\"><ul class=\"nav-tabs nav-justified\" role=\"tablist\"><li role=\"presentation\"><a class=\"tab-link\" data-toggle=\"tab\" role=\"tab\" aria-controls=\"tab-b7bf3e1a8822352339b\" aria-selected=\"false\" tabindex=\"-1\" id=\"mobile-fusion-tab-magaporespa\u00f1a\" href=\"#tab-b7bf3e1a8822352339b\"><h4 class=\"fusion-tab-heading\">Magapor Espa\u00f1a<\/h4><\/a><\/li><\/ul><\/div><div class=\"tab-pane fade fusion-clearfix\" role=\"tabpanel\" tabindex=\"0\" aria-labelledby=\"fusion-tab-magaporespa\u00f1a\" id=\"tab-b7bf3e1a8822352339b\">\n<p><strong>ENDERE\u00c7O:<\/strong><br \/>\nParque Cient\u00edfico Tecnol\u00f3gico Agroalimentario Valdeferr\u00edn-AulaDei, Calle 5<br \/>\n50600 Ejea de los Caballeros (Zaragoza) Espa\u00f1a<\/p>\n<p><strong>TEL\u00c9FONO:<\/strong>\u00a0(+34) 976 662 914<\/p>\n<p><strong>TEL. SERVICIO T\u00c9CNICO:<\/strong>\u00a0(+34) 629 132 452<\/p>\n<\/div><div class=\"nav fusion-mobile-tab-nav\"><ul class=\"nav-tabs nav-justified\" role=\"tablist\"><li role=\"presentation\"><a class=\"tab-link\" data-toggle=\"tab\" role=\"tab\" aria-controls=\"tab-2169d9731da001401b1\" aria-selected=\"false\" tabindex=\"-1\" id=\"mobile-fusion-tab-magaporchina\" href=\"#tab-2169d9731da001401b1\"><h4 class=\"fusion-tab-heading\">Magapor China<\/h4><\/a><\/li><\/ul><\/div><div class=\"tab-pane fade fusion-clearfix\" role=\"tabpanel\" tabindex=\"0\" aria-labelledby=\"fusion-tab-magaporchina\" id=\"tab-2169d9731da001401b1\">\n<p><strong>ENDERE\u00c7O:<\/strong><br \/>\nRoom 101, Building 7 Liangdong U-Valley &#8211; Qingdao. Juyang Road Wangtai Sub-district Office, Huangdao District<\/p>\n<\/div><\/div><\/div><div class=\"fusion-sep-clear\"><\/div><div class=\"fusion-separator fusion-full-width-sep\" style=\"margin-left: auto;margin-right: auto;margin-bottom:10px;width:100%;\"><div class=\"fusion-separator-border sep-single sep-solid\" style=\"--awb-height:20px;--awb-amount:20px;--awb-sep-color:#ff6d29;border-color:#ff6d29;border-top-width:1px;\"><\/div><\/div><div class=\"fusion-sep-clear\"><\/div><div class=\"fusion-text fusion-text-2\"><p><strong>MAGAPOR ESPA\u00d1A:<\/strong><br \/>\nParque Cient\u00edfico Tecnol\u00f3gico Agroalimentario Valdeferr\u00edn-AulaDei, Calle 5<br \/>\n50600 Ejea de los Caballeros (Zaragoza) Espa\u00f1a<\/p>\n<\/div><div style=\"--awb-height:500px;\" class=\"awb-openstreet-map awb-openstreet-map-1\" data-map-style=\"carto-db\" data-map-type=\"marker\" data-zoom=\"14\" data-zoomsnap=\"0.5\" data-zoomcontrol=\"1\" data-scrollwheelzoom=\"1\" data-dragging=\"1\" data-touchzoom=\"1\" data-dbclickzoom=\"\" data-fitbounds=\"1\" data-shape-color=\"rgba(255,109,41,1)\" data-shape-weight=\"3\"><div class=\"awb-openstreet-map-marker awb-openstreet-map-marker-1\" data-latitude=\"42.1305582\" data-longitude=\"-1.1835412\" data-icon=\"fa-map-marker-alt fas\" data-action=\"none\"><div class=\"awb-openstreet-map-marker-icon-wrapper\" style=\"\"><i class=\"fa-map-marker-alt fas\"><\/i><\/div><div class=\"awb-openstreet-map-content-wrapper\"><h5 class=\"awb-openstreet-map-marker-title\">Magapor<\/h5><\/div><\/div><\/div><div class=\"fusion-clearfix\"><\/div><\/div><\/div><\/div><\/div>\n","protected":false},"excerpt":{"rendered":"","protected":false},"author":1,"featured_media":0,"parent":0,"menu_order":0,"comment_status":"closed","ping_status":"closed","template":"","meta":{"footnotes":""},"class_list":["post-14703","page","type-page","status-publish","hentry"],"_links":{"self":[{"href":"https:\/\/magapor.com\/pt-br\/wp-json\/wp\/v2\/pages\/14703","targetHints":{"allow":["GET"]}}],"collection":[{"href":"https:\/\/magapor.com\/pt-br\/wp-json\/wp\/v2\/pages"}],"about":[{"href":"https:\/\/magapor.com\/pt-br\/wp-json\/wp\/v2\/types\/page"}],"author":[{"embeddable":true,"href":"https:\/\/magapor.com\/pt-br\/wp-json\/wp\/v2\/users\/1"}],"replies":[{"embeddable":true,"href":"https:\/\/magapor.com\/pt-br\/wp-json\/wp\/v2\/comments?post=14703"}],"version-history":[{"count":19,"href":"https:\/\/magapor.com\/pt-br\/wp-json\/wp\/v2\/pages\/14703\/revisions"}],"predecessor-version":[{"id":19678,"href":"https:\/\/magapor.com\/pt-br\/wp-json\/wp\/v2\/pages\/14703\/revisions\/19678"}],"wp:attachment":[{"href":"https:\/\/magapor.com\/pt-br\/wp-json\/wp\/v2\/media?parent=14703"}],"curies":[{"name":"wp","href":"https:\/\/api.w.org\/{rel}","templated":true}]}}