{"id":2553,"date":"2017-09-11T07:22:40","date_gmt":"2017-09-11T07:22:40","guid":{"rendered":"https:\/\/magapor.com\/?page_id=2553"},"modified":"2020-09-18T09:32:54","modified_gmt":"2020-09-18T09:32:54","slug":"rsc","status":"publish","type":"page","link":"https:\/\/magapor.com\/en\/rsc\/","title":{"rendered":"RSC"},"content":{"rendered":"<div class=\"fusion-fullwidth fullwidth-box fusion-builder-row-1 nonhundred-percent-fullwidth non-hundred-percent-height-scrolling\" style=\"--awb-border-radius-top-left:0px;--awb-border-radius-top-right:0px;--awb-border-radius-bottom-right:0px;--awb-border-radius-bottom-left:0px;--awb-padding-top:0px;--awb-padding-bottom:0px;--awb-margin-top:0px;--awb-margin-bottom:0px;--awb-flex-wrap:wrap;\" ><div class=\"fusion-builder-row fusion-row\"><div class=\"fusion-layout-column fusion_builder_column fusion-builder-column-0 fusion_builder_column_1_1 1_1 fusion-one-full fusion-column-first fusion-column-last\" style=\"--awb-bg-size:cover;\"><div class=\"fusion-column-wrapper fusion-flex-column-wrapper-legacy\"><div class=\"fusion-title title fusion-title-1 fusion-sep-none fusion-title-text fusion-title-size-one\"><h1 class=\"fusion-title-heading title-heading-left\" style=\"margin:0;\">RSC<\/h1><\/div><div class=\"fusion-clearfix\"><\/div><\/div><\/div><\/div><\/div><div class=\"fusion-fullwidth fullwidth-box fusion-builder-row-2 nonhundred-percent-fullwidth non-hundred-percent-height-scrolling\" style=\"--awb-border-radius-top-left:0px;--awb-border-radius-top-right:0px;--awb-border-radius-bottom-right:0px;--awb-border-radius-bottom-left:0px;--awb-padding-top:0px;--awb-padding-bottom:40px;--awb-margin-top:0px;--awb-flex-wrap:wrap;\" ><div class=\"fusion-builder-row fusion-row\"><div class=\"fusion-layout-column fusion_builder_column fusion-builder-column-1 fusion_builder_column_4_5 4_5 fusion-four-fifth fusion-column-first\" style=\"--awb-bg-color:#fdfdfd;--awb-bg-color-hover:#fdfdfd;--awb-bg-size:cover;width:80%;width:calc(80% - ( ( 4% ) * 0.8 ) );margin-right: 4%;\"><div class=\"fusion-column-wrapper fusion-flex-column-wrapper-legacy\"><div class=\"fusion-text fusion-text-1\"><div class=\"testimonio-director-rsc\">\n<p><span style=\"color: #808080;\"><em>\u201cOur strategic plan for corporate social responsibility (CSR) is aimed to achieve the integration of economic, social and environmental concerns, both in commercial operations and in all relationships, generating value in every action. We believe the future world has to be a different and better one in which Magapor will be taking a dynamic role, not only economic, but also social and environmental, to reach a sustainable future\u201d.<\/em><\/span><\/p>\n<p>&nbsp;<\/p>\n<p style=\"text-align: right; margin-bottom: 0;\"><span style=\"color: #747474;\"><strong>Jes\u00fas Mena<\/strong> &#8211; GENERAL MANAGER<\/span><\/p>\n<\/div>\n<\/div><div class=\"fusion-clearfix\"><\/div><\/div><\/div><div class=\"fusion-layout-column fusion_builder_column fusion-builder-column-2 fusion_builder_column_1_5 1_5 fusion-one-fifth fusion-column-last margen-inferior\" style=\"--awb-bg-size:cover;width:20%;width:calc(20% - ( ( 4% ) * 0.2 ) );\"><div class=\"fusion-column-wrapper fusion-flex-column-wrapper-legacy\"><div class=\"fusion-image-element fusion-image-align-center in-legacy-container\" style=\"text-align:center;--awb-caption-title-font-family:var(--h2_typography-font-family);--awb-caption-title-font-weight:var(--h2_typography-font-weight);--awb-caption-title-font-style:var(--h2_typography-font-style);--awb-caption-title-size:var(--h2_typography-font-size);--awb-caption-title-transform:var(--h2_typography-text-transform);--awb-caption-title-line-height:var(--h2_typography-line-height);--awb-caption-title-letter-spacing:var(--h2_typography-letter-spacing);\"><div class=\"imageframe-align-center\"><span class=\" fusion-imageframe imageframe-none imageframe-1 hover-type-none\"><img decoding=\"async\" width=\"200\" height=\"200\" title=\"Responsabilidad Social Corporativa\" src=\"https:\/\/magapor.com\/\/wp-content\/uploads\/2016\/11\/rsc.png\" alt class=\"img-responsive wp-image-15620\" srcset=\"https:\/\/magapor.com\/wp-content\/uploads\/2016\/11\/rsc-66x66.png 66w, https:\/\/magapor.com\/wp-content\/uploads\/2016\/11\/rsc-150x150.png 150w, https:\/\/magapor.com\/wp-content\/uploads\/2016\/11\/rsc.png 200w\" sizes=\"(max-width: 200px) 100vw, 200px\" \/><\/span><\/div><\/div><div class=\"fusion-clearfix\"><\/div><\/div><\/div><\/div><\/div><div class=\"fusion-fullwidth fullwidth-box fusion-builder-row-3 nonhundred-percent-fullwidth non-hundred-percent-height-scrolling toogle-gris\" style=\"--awb-border-radius-top-left:0px;--awb-border-radius-top-right:0px;--awb-border-radius-bottom-right:0px;--awb-border-radius-bottom-left:0px;--awb-margin-top:40px;--awb-flex-wrap:wrap;\" id=\"no-mostrar\" ><div class=\"fusion-builder-row fusion-row\"><div class=\"fusion-layout-column fusion_builder_column fusion-builder-column-3 fusion_builder_column_1_2 1_2 fusion-one-half fusion-column-first\" style=\"--awb-bg-size:cover;width:50%;width:calc(50% - ( ( 4% ) * 0.5 ) );margin-right: 4%;\"><div class=\"fusion-column-wrapper fusion-flex-column-wrapper-legacy\"><div class=\"accordian fusion-accordian\" style=\"--awb-border-size:1px;--awb-icon-size:16px;--awb-content-font-size:15px;--awb-icon-alignment:left;--awb-hover-color:#f9f9fb;--awb-border-color:#e2e2e2;--awb-background-color:#ffffff;--awb-divider-color:#e0dede;--awb-divider-hover-color:#e0dede;--awb-icon-color:#ffffff;--awb-title-color:#333333;--awb-content-color:#545454;--awb-icon-box-color:#cacaca;--awb-toggle-hover-accent-color:#ff6d29;--awb-title-font-family:&quot;Open Sans&quot;;--awb-title-font-weight:400;--awb-title-font-style:normal;--awb-title-font-size:13px;--awb-content-font-family:&quot;Open Sans&quot;;--awb-content-font-style:normal;--awb-content-font-weight:400;\"><div class=\"panel-group fusion-toggle-icon-boxed\" id=\"accordion-2553-1\"><div class=\"fusion-panel panel-default panel-42892484be57b579d fusion-toggle-has-divider\"><div class=\"panel-heading\"><h4 class=\"panel-title toggle\" id=\"toggle_42892484be57b579d\"><a aria-expanded=\"false\" aria-controls=\"42892484be57b579d\" role=\"button\" data-toggle=\"collapse\" data-parent=\"#accordion-2553-1\" data-target=\"#42892484be57b579d\" href=\"#42892484be57b579d\"><span class=\"fusion-toggle-icon-wrapper\" aria-hidden=\"true\"><i class=\"fa-fusion-box active-icon awb-icon-minus\" aria-hidden=\"true\"><\/i><i class=\"fa-fusion-box inactive-icon awb-icon-plus\" aria-hidden=\"true\"><\/i><\/span><span class=\"fusion-toggle-heading\">VISI\u00d3N DE LA RSC<\/span><\/a><\/h4><\/div><div id=\"42892484be57b579d\" class=\"panel-collapse collapse \" aria-labelledby=\"toggle_42892484be57b579d\"><div class=\"panel-body toggle-content fusion-clearfix\">La estrategia corporativa de RSC de Magapor es el nexo de uni\u00f3n entre Magapor y su entorno, tanto interno como externo, donde convergen las estrategias econ\u00f3mica, social y medioambiental.<\/p>\n<p>Nuestra filosof\u00eda orientada a proporcionar soluciones reales, nos permite centrarnos en las cuestiones mas relevantes para el desarrollo de todos los elementos.<\/p>\n<p>Consideramos que la empresa es un importante peso en la transformaci\u00f3n de nuestra sociedad, por eso, porque todo poder conlleva una responsabilidad, la nuestra es hacer la responsabilidad social sostenible.<\/div><\/div><\/div><\/div><\/div><div class=\"fusion-clearfix\"><\/div><\/div><\/div><div class=\"fusion-layout-column fusion_builder_column fusion-builder-column-4 fusion_builder_column_1_2 1_2 fusion-one-half fusion-column-last\" style=\"--awb-bg-size:cover;width:50%;width:calc(50% - ( ( 4% ) * 0.5 ) );\"><div class=\"fusion-column-wrapper fusion-flex-column-wrapper-legacy\"><div class=\"accordian fusion-accordian\" style=\"--awb-border-size:1px;--awb-icon-size:16px;--awb-content-font-size:15px;--awb-icon-alignment:left;--awb-hover-color:#f9f9fb;--awb-border-color:#e2e2e2;--awb-background-color:#ffffff;--awb-divider-color:#e0dede;--awb-divider-hover-color:#e0dede;--awb-icon-color:#ffffff;--awb-title-color:#333333;--awb-content-color:#545454;--awb-icon-box-color:#cacaca;--awb-toggle-hover-accent-color:#ff6d29;--awb-title-font-family:&quot;Open Sans&quot;;--awb-title-font-weight:400;--awb-title-font-style:normal;--awb-title-font-size:13px;--awb-content-font-family:&quot;Open Sans&quot;;--awb-content-font-style:normal;--awb-content-font-weight:400;\"><div class=\"panel-group fusion-toggle-icon-boxed\" id=\"accordion-2553-2\"><div class=\"fusion-panel panel-default panel-70fbf8fb504f61809 fusion-toggle-has-divider\"><div class=\"panel-heading\"><h4 class=\"panel-title toggle\" id=\"toggle_70fbf8fb504f61809\"><a aria-expanded=\"false\" aria-controls=\"70fbf8fb504f61809\" role=\"button\" data-toggle=\"collapse\" data-parent=\"#accordion-2553-2\" data-target=\"#70fbf8fb504f61809\" href=\"#70fbf8fb504f61809\"><span class=\"fusion-toggle-icon-wrapper\" aria-hidden=\"true\"><i class=\"fa-fusion-box active-icon awb-icon-minus\" aria-hidden=\"true\"><\/i><i class=\"fa-fusion-box inactive-icon awb-icon-plus\" aria-hidden=\"true\"><\/i><\/span><span class=\"fusion-toggle-heading\"> CASH FLOW SOCIAL<\/span><\/a><\/h4><\/div><div id=\"70fbf8fb504f61809\" class=\"panel-collapse collapse \" aria-labelledby=\"toggle_70fbf8fb504f61809\"><div class=\"panel-body toggle-content fusion-clearfix\"><div class=\"fusion-builder-row fusion-builder-row-inner fusion-row\"><div class=\"fusion-layout-column fusion_builder_column_inner fusion-builder-nested-column-0 fusion_builder_column_inner_2_3 2_3 fusion-two-third fusion-column-first\" style=\"--awb-bg-size:cover;width:66.666666666667%;width:calc(66.666666666667% - ( ( 4% ) * 0.66666666666667 ) );margin-right: 4%;\"><div class=\"fusion-column-wrapper fusion-flex-column-wrapper-legacy\"><div class=\"fusion-text fusion-text-2\"><p style=\"text-align: left;\">El Cash Flow social es la redistribuci\u00f3n econ\u00f3mica de las rentas que genera Magapor y que enfoca a sus grupos de inter\u00e9s. Para Magapor es un objetivo prioritario generar un impulso econ\u00f3mico relevante en su entorno.<\/p>\n<p style=\"text-align: left; margin-bottom: 0px;\">El 45% de nuestro Cash Flow del 2015 ha estado dirigido al pago de cr\u00e9ditos lo que nos avala como una entidad de confianza y solvente. El 30% dirigido a sueldos muestra nuestro compromiso con un sueldo de calidad.<\/p>\n<\/div><div class=\"fusion-clearfix\"><\/div><\/div><\/div><div class=\"fusion-layout-column fusion_builder_column_inner fusion-builder-nested-column-1 fusion_builder_column_inner_1_3 1_3 fusion-one-third fusion-column-last\" style=\"--awb-bg-size:cover;width:33.333333333333%;width:calc(33.333333333333% - ( ( 4% ) * 0.33333333333333 ) );\"><div class=\"fusion-column-wrapper fusion-flex-column-wrapper-legacy\"><div class=\"fusion-image-element in-legacy-container\" style=\"--awb-caption-title-font-family:var(--h2_typography-font-family);--awb-caption-title-font-weight:var(--h2_typography-font-weight);--awb-caption-title-font-style:var(--h2_typography-font-style);--awb-caption-title-size:var(--h2_typography-font-size);--awb-caption-title-transform:var(--h2_typography-text-transform);--awb-caption-title-line-height:var(--h2_typography-line-height);--awb-caption-title-letter-spacing:var(--h2_typography-letter-spacing);\"><span class=\" fusion-imageframe imageframe-none imageframe-2 hover-type-none\"><a href=\"https:\/\/magapor.com\/\/wp-content\/uploads\/2016\/11\/estadisticas_grande.jpg\" class=\"fusion-lightbox\" data-rel=\"iLightbox[fda073e96fb3c7ec49a]\" title=\"CASH FLOW SOCIAL\"><img decoding=\"async\" width=\"358\" height=\"500\" src=\"https:\/\/magapor.com\/\/wp-content\/uploads\/2016\/11\/estadisticas_peq.png\" alt class=\"img-responsive wp-image-15328\"\/><\/a><\/span><\/div><div class=\"fusion-clearfix\"><\/div><\/div><\/div><\/div><\/div><\/div><\/div><\/div><\/div><div class=\"fusion-clearfix\"><\/div><\/div><\/div><\/div><\/div><div class=\"fusion-fullwidth fullwidth-box fusion-builder-row-4 fusion-parallax-none nonhundred-percent-fullwidth non-hundred-percent-height-scrolling\" style=\"--awb-border-radius-top-left:0px;--awb-border-radius-top-right:0px;--awb-border-radius-bottom-right:0px;--awb-border-radius-bottom-left:0px;--awb-padding-top:60px;--awb-padding-bottom:60px;--awb-background-image:url(&quot;https:\/\/magapor.com\/\/wp-content\/uploads\/2016\/11\/bg-rsc-1.jpg&quot;);--awb-background-size:cover;--awb-flex-wrap:wrap;\" ><div class=\"fusion-builder-row fusion-row\"><div class=\"fusion-layout-column fusion_builder_column fusion-builder-column-5 fusion_builder_column_1_2 1_2 fusion-one-half fusion-column-first\" style=\"--awb-bg-size:cover;width:50%;width:calc(50% - ( ( 4% ) * 0.5 ) );margin-right: 4%;\"><div class=\"fusion-column-wrapper fusion-flex-column-wrapper-legacy\"><div class=\"fusion-text fusion-text-3\"><div class=\"titulo\"><span style=\"color: #ffffff;\">COMMITMENT WITH THE ENVIRONMENT<\/span><\/div>\n<p><span style=\"color: #ffffff;\">We make a constant effort in this area, showing publicly our intention to achieve a sustained continuous improvement.<\/span><\/p>\n<\/div><div class=\"fusion-image-element in-legacy-container\" style=\"--awb-caption-title-font-family:var(--h2_typography-font-family);--awb-caption-title-font-weight:var(--h2_typography-font-weight);--awb-caption-title-font-style:var(--h2_typography-font-style);--awb-caption-title-size:var(--h2_typography-font-size);--awb-caption-title-transform:var(--h2_typography-text-transform);--awb-caption-title-line-height:var(--h2_typography-line-height);--awb-caption-title-letter-spacing:var(--h2_typography-letter-spacing);\"><span class=\" fusion-imageframe imageframe-none imageframe-3 hover-type-none\"><img decoding=\"async\" width=\"461\" height=\"91\" title=\"Logos Medioambiente\" src=\"https:\/\/magapor.com\/\/wp-content\/uploads\/2016\/11\/logos-medioambiente.png\" alt class=\"img-responsive wp-image-15337\" srcset=\"https:\/\/magapor.com\/wp-content\/uploads\/2016\/11\/logos-medioambiente-200x39.png 200w, https:\/\/magapor.com\/wp-content\/uploads\/2016\/11\/logos-medioambiente-400x79.png 400w, https:\/\/magapor.com\/wp-content\/uploads\/2016\/11\/logos-medioambiente.png 461w\" sizes=\"(max-width: 800px) 100vw, 461px\" \/><\/span><\/div><div class=\"fusion-clearfix\"><\/div><\/div><\/div><div class=\"fusion-layout-column fusion_builder_column fusion-builder-column-6 fusion_builder_column_1_2 1_2 fusion-one-half fusion-column-last huella-carbono\" style=\"--awb-bg-size:cover;width:50%;width:calc(50% - ( ( 4% ) * 0.5 ) );\"><div class=\"fusion-column-wrapper fusion-flex-column-wrapper-legacy\"><div class=\"fusion-text fusion-text-4\"><div class=\"titulo\" style=\"text-align: left;\"><span style=\"color: #ffffff;\">CALCULATED CARBON FOOTPRINT<\/span><\/div>\n<div style=\"float: left; width: 75%;\"><span style=\"color: #ffffff;\">We are committed to safeguarding the environment, which has led us to voluntarily join the carbon footprint registry initiative, obtaining for the first time the 1 + 2 seal of the year 2015.<\/span><\/div>\n<div style=\"float: left;\"><img decoding=\"async\" class=\"size-full wp-image-573 alignright\" src=\"https:\/\/magapor.com\/\/wp-content\/uploads\/2016\/11\/logo-carbono.png\" alt=\"\" width=\"81\" height=\"91\" \/><\/div>\n<\/div><div class=\"fusion-clearfix\"><\/div><\/div><\/div><\/div><\/div><div class=\"fusion-fullwidth fullwidth-box fusion-builder-row-5 nonhundred-percent-fullwidth non-hundred-percent-height-scrolling\" style=\"--awb-border-radius-top-left:0px;--awb-border-radius-top-right:0px;--awb-border-radius-bottom-right:0px;--awb-border-radius-bottom-left:0px;--awb-padding-top:20px;--awb-padding-bottom:0px;--awb-margin-top:30px;--awb-margin-bottom:0px;--awb-flex-wrap:wrap;\" ><div class=\"fusion-builder-row fusion-row\"><div class=\"fusion-layout-column fusion_builder_column fusion-builder-column-7 fusion_builder_column_1_1 1_1 fusion-one-full fusion-column-first fusion-column-last\" style=\"--awb-padding-top:10px;--awb-padding-bottom:0px;--awb-bg-size:cover;--awb-margin-bottom:0px;\"><div class=\"fusion-column-wrapper fusion-flex-column-wrapper-legacy\"><div class=\"fusion-title title fusion-title-2 fusion-sep-none fusion-title-center fusion-title-text fusion-title-size-two\"><h2 class=\"fusion-title-heading title-heading-center\" style=\"margin:0;\">PEOPLE<\/h2><\/div><div class=\"fusion-text fusion-text-5\"><div class=\"subtitulo\" style=\"text-align: center;\">\n<p>THE MAGAPOR DIFFERENTIAL IS IN THE VALUE THAT SUPPORTS OUR TEAM TO THE PROJECT.<\/p>\n<\/div>\n<\/div><div class=\"fusion-text fusion-text-6\"><p><span id=\"no-mostrar\">Se dispone de un equipo de trabajo profesional, especializado y muy motivado que es clave en el logro de los objetivos de la compa\u00f1\u00eda.<\/span><\/p>\n<p><span id=\"no-mostrar\">Una grupo de personas que Magapor pone al servicio de todos y que est\u00e1 tambi\u00e9n fuertemente involucrado en la promoci\u00f3n y realizaci\u00f3n de acciones de Responsabilidad Social.<\/span><\/p>\n<\/div><div class=\"fusion-clearfix\"><\/div><\/div><\/div><div class=\"fusion-layout-column fusion_builder_column fusion-builder-column-8 fusion_builder_column_1_5 1_5 fusion-one-fifth fusion-column-first\" style=\"--awb-padding-bottom:0px;--awb-bg-size:cover;--awb-margin-bottom:0px;width:20%;width:calc(20% - ( ( 4% + 4% ) * 0.2 ) );margin-right: 4%;\"><div class=\"fusion-column-wrapper fusion-flex-column-wrapper-legacy\"><div class=\"fusion-clearfix\"><\/div><\/div><\/div><div class=\"fusion-layout-column fusion_builder_column fusion-builder-column-9 fusion_builder_column_3_5 3_5 fusion-three-fifth\" style=\"--awb-padding-bottom:0px;--awb-bg-size:cover;--awb-margin-bottom:0px;width:60%;width:calc(60% - ( ( 4% + 4% ) * 0.6 ) );margin-right: 4%;\"><div class=\"fusion-column-wrapper fusion-flex-column-wrapper-legacy\"><div class=\"fusion-image-element fusion-image-align-center in-legacy-container\" style=\"text-align:center;--awb-caption-title-font-family:var(--h2_typography-font-family);--awb-caption-title-font-weight:var(--h2_typography-font-weight);--awb-caption-title-font-style:var(--h2_typography-font-style);--awb-caption-title-size:var(--h2_typography-font-size);--awb-caption-title-transform:var(--h2_typography-text-transform);--awb-caption-title-line-height:var(--h2_typography-line-height);--awb-caption-title-letter-spacing:var(--h2_typography-letter-spacing);\"><div class=\"imageframe-align-center\"><span class=\" fusion-imageframe imageframe-none imageframe-4 hover-type-none\"><img decoding=\"async\" width=\"1200\" height=\"739\" title=\"Equipo Magapor\" src=\"https:\/\/magapor.com\/\/wp-content\/uploads\/2016\/11\/equipo_bn.jpg\" alt class=\"img-responsive wp-image-15504\" srcset=\"https:\/\/magapor.com\/wp-content\/uploads\/2016\/11\/equipo_bn-200x123.jpg 200w, https:\/\/magapor.com\/wp-content\/uploads\/2016\/11\/equipo_bn-400x246.jpg 400w, https:\/\/magapor.com\/wp-content\/uploads\/2016\/11\/equipo_bn-600x370.jpg 600w, https:\/\/magapor.com\/wp-content\/uploads\/2016\/11\/equipo_bn-800x493.jpg 800w, https:\/\/magapor.com\/wp-content\/uploads\/2016\/11\/equipo_bn.jpg 1200w\" sizes=\"(max-width: 800px) 100vw, 800px\" \/><\/span><\/div><\/div><div class=\"fusion-clearfix\"><\/div><\/div><\/div><div class=\"fusion-layout-column fusion_builder_column fusion-builder-column-10 fusion_builder_column_1_5 1_5 fusion-one-fifth fusion-column-last\" style=\"--awb-padding-bottom:0px;--awb-bg-size:cover;--awb-margin-bottom:0px;width:20%;width:calc(20% - ( ( 4% + 4% ) * 0.2 ) );\"><div class=\"fusion-column-wrapper fusion-flex-column-wrapper-legacy\"><div class=\"fusion-clearfix\"><\/div><\/div><\/div><\/div><\/div><div class=\"fusion-fullwidth fullwidth-box fusion-builder-row-6 nonhundred-percent-fullwidth non-hundred-percent-height-scrolling\" style=\"--awb-border-radius-top-left:0px;--awb-border-radius-top-right:0px;--awb-border-radius-bottom-right:0px;--awb-border-radius-bottom-left:0px;--awb-padding-top:60px;--awb-padding-bottom:30px;--awb-margin-bottom:0px;--awb-background-color:#f6f6f6;--awb-flex-wrap:wrap;\" ><div class=\"fusion-builder-row fusion-row\"><div class=\"fusion-layout-column fusion_builder_column fusion-builder-column-11 fusion_builder_column_1_1 1_1 fusion-one-full fusion-column-first fusion-column-last\" style=\"--awb-padding-bottom:0px;--awb-bg-size:cover;--awb-margin-bottom:0px;\"><div class=\"fusion-column-wrapper fusion-flex-column-wrapper-legacy\"><div class=\"fusion-title title fusion-title-3 fusion-sep-none fusion-title-text fusion-title-size-two\"><h2 class=\"fusion-title-heading title-heading-left\" style=\"margin:0;\">COMPLIANCE POLICY<\/h2><\/div><div class=\"fusion-clearfix\"><\/div><\/div><\/div><div class=\"fusion-layout-column fusion_builder_column fusion-builder-column-12 fusion_builder_column_1_2 1_2 fusion-one-half fusion-column-first\" style=\"--awb-padding-top:0px;--awb-padding-bottom:0px;--awb-bg-size:cover;--awb-margin-bottom:0px;width:50%;width:calc(50% - ( ( 4% ) * 0.5 ) );margin-right: 4%;\"><div class=\"fusion-column-wrapper fusion-flex-column-wrapper-legacy\"><div class=\"fusion-text fusion-text-7\"><div class=\"subtitulo\">\n<p>INTEGRITY AND GOOD DEEDS: A KEY PRINCIPLE OF OUR COMPANY IN THE PAST, THE PRESENT AND THE FUTURE.<\/p>\n<\/div>\n<\/div><div class=\"fusion-text fusion-text-8\"><p>We are a reliable fair innovative quality and customer orientated company. This is reflected on our rigorous observance of both Magapor&#8217;s own regulations and those of the legal system. The Compliance Policy of Magapor (Normative Compliance) constitutes the basis for this and pays attention to a series of principles that are of particular importance in our day to day.<\/p>\n<\/div><div class=\"fusion-clearfix\"><\/div><\/div><\/div><div class=\"fusion-layout-column fusion_builder_column fusion-builder-column-13 fusion_builder_column_1_2 1_2 fusion-one-half fusion-column-last\" style=\"--awb-padding-bottom:0px;--awb-bg-size:cover;width:50%;width:calc(50% - ( ( 4% ) * 0.5 ) );\"><div class=\"fusion-column-wrapper fusion-flex-column-wrapper-legacy\"><div class=\"fusion-text fusion-text-9\"><p>Everyone in Magapor is responsible for:<\/p>\n<\/div><ul style=\"--awb-size:10px;--awb-line-height:17px;--awb-icon-width:17px;--awb-icon-height:17px;--awb-icon-margin:7px;--awb-content-margin:24px;--awb-circlecolor:#ff6d29;--awb-circle-yes-font-size:8.8px;\" class=\"fusion-checklist fusion-checklist-1 fusion-checklist-default type-icons compania-valores\"><li class=\"fusion-li-item\" style=\"\"><span class=\"icon-wrapper circle-yes\"><i class=\"fusion-li-icon fa fa-check\" aria-hidden=\"true\"><\/i><\/span><div class=\"fusion-li-item-content\">Complying with local legislation.<\/div><\/li><li class=\"fusion-li-item\" style=\"\"><span class=\"icon-wrapper circle-yes\"><i class=\"fusion-li-icon fa fa-check\" aria-hidden=\"true\"><\/i><\/span><div class=\"fusion-li-item-content\">Requesting guidance and assistance when the requirements of the law or the good commercial practices are not known.<\/div><\/li><li class=\"fusion-li-item\" style=\"\"><span class=\"icon-wrapper circle-yes\"><i class=\"fusion-li-icon fa fa-check\" aria-hidden=\"true\"><\/i><\/span><div class=\"fusion-li-item-content\">Condemning those behaviors considered to be violating the rules.<\/div><\/li><\/ul><div class=\"fusion-text fusion-text-10\"><p>Proper management of noncompliance cases is a key element of our Compliance Program. All complaints are handled with objectivity and impartiality and the necessary steps are taken to correct and \/ or punish them.<\/p>\n<\/div><div class=\"fusion-clearfix\"><\/div><\/div><\/div><\/div><\/div>\n","protected":false},"excerpt":{"rendered":"","protected":false},"author":1,"featured_media":0,"parent":0,"menu_order":0,"comment_status":"closed","ping_status":"closed","template":"100-width.php","meta":{"footnotes":""},"class_list":["post-2553","page","type-page","status-publish","hentry"],"_links":{"self":[{"href":"https:\/\/magapor.com\/en\/wp-json\/wp\/v2\/pages\/2553","targetHints":{"allow":["GET"]}}],"collection":[{"href":"https:\/\/magapor.com\/en\/wp-json\/wp\/v2\/pages"}],"about":[{"href":"https:\/\/magapor.com\/en\/wp-json\/wp\/v2\/types\/page"}],"author":[{"embeddable":true,"href":"https:\/\/magapor.com\/en\/wp-json\/wp\/v2\/users\/1"}],"replies":[{"embeddable":true,"href":"https:\/\/magapor.com\/en\/wp-json\/wp\/v2\/comments?post=2553"}],"version-history":[{"count":6,"href":"https:\/\/magapor.com\/en\/wp-json\/wp\/v2\/pages\/2553\/revisions"}],"predecessor-version":[{"id":6300,"href":"https:\/\/magapor.com\/en\/wp-json\/wp\/v2\/pages\/2553\/revisions\/6300"}],"wp:attachment":[{"href":"https:\/\/magapor.com\/en\/wp-json\/wp\/v2\/media?parent=2553"}],"curies":[{"name":"wp","href":"https:\/\/api.w.org\/{rel}","templated":true}]}}